{"id":5622,"date":"2026-03-23T10:45:20","date_gmt":"2026-03-23T10:45:20","guid":{"rendered":"http:\/\/www.le-professionnel.com\/?post_type=product&#038;p=5622"},"modified":"2026-03-23T10:45:21","modified_gmt":"2026-03-23T10:45:21","slug":"coupe-cable-rh-1841","status":"publish","type":"product","link":"https:\/\/www.le-professionnel.com\/?product=coupe-cable-rh-1841","title":{"rendered":"COUPE CABLE RH-1841"},"content":{"rendered":"","protected":false},"excerpt":{"rendered":"<p>Coupe-c\u00e2ble robuste pour la coupe nette des c\u00e2bles \u00e9lectriques et en acier. Id\u00e9al pour les \u00e9lectriciens et les c\u00e2bleurs.<\/p>\n","protected":false},"featured_media":5514,"template":"","meta":[],"brands":[{"id":162,"name":"Ronix","slug":"ronix"}],"_links":{"self":[{"href":"https:\/\/www.le-professionnel.com\/index.php?rest_route=\/wp\/v2\/product\/5622"}],"collection":[{"href":"https:\/\/www.le-professionnel.com\/index.php?rest_route=\/wp\/v2\/product"}],"about":[{"href":"https:\/\/www.le-professionnel.com\/index.php?rest_route=\/wp\/v2\/types\/product"}],"version-history":[{"count":1,"href":"https:\/\/www.le-professionnel.com\/index.php?rest_route=\/wp\/v2\/product\/5622\/revisions"}],"predecessor-version":[{"id":5623,"href":"https:\/\/www.le-professionnel.com\/index.php?rest_route=\/wp\/v2\/product\/5622\/revisions\/5623"}],"wp:featuredmedia":[{"embeddable":true,"href":"https:\/\/www.le-professionnel.com\/index.php?rest_route=\/wp\/v2\/media\/5514"}],"wp:attachment":[{"href":"https:\/\/www.le-professionnel.com\/index.php?rest_route=%2Fwp%2Fv2%2Fmedia&parent=5622"}],"curies":[{"name":"wp","href":"https:\/\/api.w.org\/{rel}","templated":true}]}}