{"id":5618,"date":"2026-03-23T10:42:13","date_gmt":"2026-03-23T10:42:13","guid":{"rendered":"http:\/\/www.le-professionnel.com\/?post_type=product&#038;p=5618"},"modified":"2026-03-23T10:42:13","modified_gmt":"2026-03-23T10:42:13","slug":"cle-a-griffe-36-rh-2556","status":"publish","type":"product","link":"https:\/\/www.le-professionnel.com\/?product=cle-a-griffe-36-rh-2556","title":{"rendered":"CLE A GRIFFE 36 RH-2556"},"content":{"rendered":"","protected":false},"excerpt":{"rendered":"<p>Cl\u00e9 \u00e0 griffe g\u00e9ante 36 pouces pour les travaux sur canalisations de gros diam\u00e8tre et les applications industrielles lourdes.<\/p>\n","protected":false},"featured_media":5512,"template":"","meta":[],"brands":[{"id":162,"name":"Ronix","slug":"ronix"}],"_links":{"self":[{"href":"https:\/\/www.le-professionnel.com\/index.php?rest_route=\/wp\/v2\/product\/5618"}],"collection":[{"href":"https:\/\/www.le-professionnel.com\/index.php?rest_route=\/wp\/v2\/product"}],"about":[{"href":"https:\/\/www.le-professionnel.com\/index.php?rest_route=\/wp\/v2\/types\/product"}],"version-history":[{"count":1,"href":"https:\/\/www.le-professionnel.com\/index.php?rest_route=\/wp\/v2\/product\/5618\/revisions"}],"predecessor-version":[{"id":5619,"href":"https:\/\/www.le-professionnel.com\/index.php?rest_route=\/wp\/v2\/product\/5618\/revisions\/5619"}],"wp:featuredmedia":[{"embeddable":true,"href":"https:\/\/www.le-professionnel.com\/index.php?rest_route=\/wp\/v2\/media\/5512"}],"wp:attachment":[{"href":"https:\/\/www.le-professionnel.com\/index.php?rest_route=%2Fwp%2Fv2%2Fmedia&parent=5618"}],"curies":[{"name":"wp","href":"https:\/\/api.w.org\/{rel}","templated":true}]}}