{"id":5616,"date":"2026-03-23T10:40:41","date_gmt":"2026-03-23T10:40:41","guid":{"rendered":"http:\/\/www.le-professionnel.com\/?post_type=product&#038;p=5616"},"modified":"2026-03-23T10:40:41","modified_gmt":"2026-03-23T10:40:41","slug":"cle-a-griffe-18-rh-2554","status":"publish","type":"product","link":"https:\/\/www.le-professionnel.com\/?product=cle-a-griffe-18-rh-2554","title":{"rendered":"CLE A GRIFFE 18 RH-2554"},"content":{"rendered":"","protected":false},"excerpt":{"rendered":"<p>Cl\u00e9 \u00e0 griffe (cl\u00e9 anglaise) 18 pouces pour les applications de plomberie et de maintenance industrielle.<\/p>\n","protected":false},"featured_media":5511,"template":"","meta":[],"brands":[{"id":162,"name":"Ronix","slug":"ronix"}],"_links":{"self":[{"href":"https:\/\/www.le-professionnel.com\/index.php?rest_route=\/wp\/v2\/product\/5616"}],"collection":[{"href":"https:\/\/www.le-professionnel.com\/index.php?rest_route=\/wp\/v2\/product"}],"about":[{"href":"https:\/\/www.le-professionnel.com\/index.php?rest_route=\/wp\/v2\/types\/product"}],"version-history":[{"count":1,"href":"https:\/\/www.le-professionnel.com\/index.php?rest_route=\/wp\/v2\/product\/5616\/revisions"}],"predecessor-version":[{"id":5617,"href":"https:\/\/www.le-professionnel.com\/index.php?rest_route=\/wp\/v2\/product\/5616\/revisions\/5617"}],"wp:featuredmedia":[{"embeddable":true,"href":"https:\/\/www.le-professionnel.com\/index.php?rest_route=\/wp\/v2\/media\/5511"}],"wp:attachment":[{"href":"https:\/\/www.le-professionnel.com\/index.php?rest_route=%2Fwp%2Fv2%2Fmedia&parent=5616"}],"curies":[{"name":"wp","href":"https:\/\/api.w.org\/{rel}","templated":true}]}}