{"id":5607,"date":"2026-03-18T17:16:28","date_gmt":"2026-03-18T17:16:28","guid":{"rendered":"http:\/\/www.le-professionnel.com\/?post_type=product&#038;p=5607"},"modified":"2026-03-18T17:16:28","modified_gmt":"2026-03-18T17:16:28","slug":"cle-a-griffe-14-rh-2553","status":"publish","type":"product","link":"https:\/\/www.le-professionnel.com\/?product=cle-a-griffe-14-rh-2553","title":{"rendered":"CLE A GRIFFE 14 RH-2553"},"content":{"rendered":"","protected":false},"excerpt":{"rendered":"<p>Cl\u00e9 \u00e0 griffe (cl\u00e9 anglaise) 14 pouces pour le serrage de tubes et d&rsquo;\u00e9crous de grandes dimensions.<\/p>\n","protected":false},"featured_media":5510,"template":"","meta":[],"brands":[{"id":162,"name":"Ronix","slug":"ronix"}],"_links":{"self":[{"href":"https:\/\/www.le-professionnel.com\/index.php?rest_route=\/wp\/v2\/product\/5607"}],"collection":[{"href":"https:\/\/www.le-professionnel.com\/index.php?rest_route=\/wp\/v2\/product"}],"about":[{"href":"https:\/\/www.le-professionnel.com\/index.php?rest_route=\/wp\/v2\/types\/product"}],"version-history":[{"count":2,"href":"https:\/\/www.le-professionnel.com\/index.php?rest_route=\/wp\/v2\/product\/5607\/revisions"}],"predecessor-version":[{"id":5615,"href":"https:\/\/www.le-professionnel.com\/index.php?rest_route=\/wp\/v2\/product\/5607\/revisions\/5615"}],"wp:featuredmedia":[{"embeddable":true,"href":"https:\/\/www.le-professionnel.com\/index.php?rest_route=\/wp\/v2\/media\/5510"}],"wp:attachment":[{"href":"https:\/\/www.le-professionnel.com\/index.php?rest_route=%2Fwp%2Fv2%2Fmedia&parent=5607"}],"curies":[{"name":"wp","href":"https:\/\/api.w.org\/{rel}","templated":true}]}}