{"id":5605,"date":"2026-03-18T17:15:23","date_gmt":"2026-03-18T17:15:23","guid":{"rendered":"http:\/\/www.le-professionnel.com\/?post_type=product&#038;p=5605"},"modified":"2026-03-18T17:15:23","modified_gmt":"2026-03-18T17:15:23","slug":"cle-a-choc-electrique-600w-3-4-2036","status":"publish","type":"product","link":"https:\/\/www.le-professionnel.com\/?product=cle-a-choc-electrique-600w-3-4-2036","title":{"rendered":"CLE A CHOC ELECTRIQUE 600W 3-4 2036"},"content":{"rendered":"","protected":false},"excerpt":{"rendered":"<p>Jeu de 9 cl\u00e9s m\u00e2les Torx pour vis \u00e0 empreinte \u00e9toile. Id\u00e9al pour les travaux sur v\u00e9hicules modernes et appareils \u00e9lectroniques.<\/p>\n","protected":false},"featured_media":5509,"template":"","meta":[],"brands":[{"id":162,"name":"Ronix","slug":"ronix"}],"_links":{"self":[{"href":"https:\/\/www.le-professionnel.com\/index.php?rest_route=\/wp\/v2\/product\/5605"}],"collection":[{"href":"https:\/\/www.le-professionnel.com\/index.php?rest_route=\/wp\/v2\/product"}],"about":[{"href":"https:\/\/www.le-professionnel.com\/index.php?rest_route=\/wp\/v2\/types\/product"}],"version-history":[{"count":1,"href":"https:\/\/www.le-professionnel.com\/index.php?rest_route=\/wp\/v2\/product\/5605\/revisions"}],"predecessor-version":[{"id":5606,"href":"https:\/\/www.le-professionnel.com\/index.php?rest_route=\/wp\/v2\/product\/5605\/revisions\/5606"}],"wp:featuredmedia":[{"embeddable":true,"href":"https:\/\/www.le-professionnel.com\/index.php?rest_route=\/wp\/v2\/media\/5509"}],"wp:attachment":[{"href":"https:\/\/www.le-professionnel.com\/index.php?rest_route=%2Fwp%2Fv2%2Fmedia&parent=5605"}],"curies":[{"name":"wp","href":"https:\/\/api.w.org\/{rel}","templated":true}]}}