{"id":5593,"date":"2026-03-18T17:05:29","date_gmt":"2026-03-18T17:05:29","guid":{"rendered":"http:\/\/www.le-professionnel.com\/?post_type=product&#038;p=5593"},"modified":"2026-03-18T17:05:29","modified_gmt":"2026-03-18T17:05:29","slug":"boulonneuse-1-2-20v-550nm-8655","status":"publish","type":"product","link":"https:\/\/www.le-professionnel.com\/?product=boulonneuse-1-2-20v-550nm-8655","title":{"rendered":"BOULONNEUSE 1-2 20V 550NM 8655"},"content":{"rendered":"","protected":false},"excerpt":{"rendered":"<p>Boulonneuse \u00e0 choc sans fil 1\/2&Prime; 20V d\u00e9veloppant 550 Nm de couple\u00a0. Son moteur brushless waterproof et sa bo\u00eete de vitesses enti\u00e8rement m\u00e9tallique lui conf\u00e8rent une robustesse exceptionnelle. Livr\u00e9e avec 2 batteries 4.0Ah\u00a0.<\/p>\n","protected":false},"featured_media":5503,"template":"","meta":[],"brands":[{"id":162,"name":"Ronix","slug":"ronix"}],"_links":{"self":[{"href":"https:\/\/www.le-professionnel.com\/index.php?rest_route=\/wp\/v2\/product\/5593"}],"collection":[{"href":"https:\/\/www.le-professionnel.com\/index.php?rest_route=\/wp\/v2\/product"}],"about":[{"href":"https:\/\/www.le-professionnel.com\/index.php?rest_route=\/wp\/v2\/types\/product"}],"version-history":[{"count":1,"href":"https:\/\/www.le-professionnel.com\/index.php?rest_route=\/wp\/v2\/product\/5593\/revisions"}],"predecessor-version":[{"id":5594,"href":"https:\/\/www.le-professionnel.com\/index.php?rest_route=\/wp\/v2\/product\/5593\/revisions\/5594"}],"wp:featuredmedia":[{"embeddable":true,"href":"https:\/\/www.le-professionnel.com\/index.php?rest_route=\/wp\/v2\/media\/5503"}],"wp:attachment":[{"href":"https:\/\/www.le-professionnel.com\/index.php?rest_route=%2Fwp%2Fv2%2Fmedia&parent=5593"}],"curies":[{"name":"wp","href":"https:\/\/api.w.org\/{rel}","templated":true}]}}