{"id":5047,"date":"2025-01-23T15:09:18","date_gmt":"2025-01-23T15:09:18","guid":{"rendered":"http:\/\/www.le-professionnel.com\/?post_type=product&#038;p=5047"},"modified":"2025-01-23T15:09:18","modified_gmt":"2025-01-23T15:09:18","slug":"8038550-poignee-en-t-1-550mml","status":"publish","type":"product","link":"https:\/\/www.le-professionnel.com\/?product=8038550-poignee-en-t-1-550mml","title":{"rendered":"8038550 Poign\u00e9e en T 1&Prime; 550mmL"},"content":{"rendered":"<h3><span>Rallonge de poign\u00e9e en T coulissante Force 1&Prime; Drive 550 mm<\/span><\/h3>\n<p><span>Un tournevis coulissant \u00e0 poign\u00e9e en T de haute qualit\u00e9 qui fait le travail. Initialement con\u00e7u pour les professionnels de l&rsquo;industrie, les utilisateurs \u00e0 domicile ont adopt\u00e9 le produit, en raison de son savoir-faire et de sa qualit\u00e9 sup\u00e9rieurs. Fabriqu\u00e9 en acier au chrome vanadium pour la fiabilit\u00e9, la r\u00e9sistance et la duret\u00e9, offrant le poids suppl\u00e9mentaire dont vous avez besoin pour ajuster les fixations tenaces.<\/span><\/p>\n","protected":false},"excerpt":{"rendered":"<ul>\n<li><span>Entra\u00eenement 1 po<\/span><\/li>\n<li><span>Fabriqu\u00e9 en acier au chrome vanadium<\/span><\/li>\n<li><span>Longueur : 550 mm<\/span><\/li>\n<\/ul>\n","protected":false},"featured_media":5048,"template":"","meta":[],"brands":[{"id":29,"name":"FORCE","slug":"force"}],"_links":{"self":[{"href":"https:\/\/www.le-professionnel.com\/index.php?rest_route=\/wp\/v2\/product\/5047"}],"collection":[{"href":"https:\/\/www.le-professionnel.com\/index.php?rest_route=\/wp\/v2\/product"}],"about":[{"href":"https:\/\/www.le-professionnel.com\/index.php?rest_route=\/wp\/v2\/types\/product"}],"version-history":[{"count":1,"href":"https:\/\/www.le-professionnel.com\/index.php?rest_route=\/wp\/v2\/product\/5047\/revisions"}],"predecessor-version":[{"id":5049,"href":"https:\/\/www.le-professionnel.com\/index.php?rest_route=\/wp\/v2\/product\/5047\/revisions\/5049"}],"wp:featuredmedia":[{"embeddable":true,"href":"https:\/\/www.le-professionnel.com\/index.php?rest_route=\/wp\/v2\/media\/5048"}],"wp:attachment":[{"href":"https:\/\/www.le-professionnel.com\/index.php?rest_route=%2Fwp%2Fv2%2Fmedia&parent=5047"}],"curies":[{"name":"wp","href":"https:\/\/api.w.org\/{rel}","templated":true}]}}