{"id":5044,"date":"2025-01-23T15:06:34","date_gmt":"2025-01-23T15:06:34","guid":{"rendered":"http:\/\/www.le-professionnel.com\/?post_type=product&#038;p=5044"},"modified":"2025-01-23T15:06:34","modified_gmt":"2025-01-23T15:06:34","slug":"8026500-3-4-cliquet-reversible-500mm","status":"publish","type":"product","link":"https:\/\/www.le-professionnel.com\/?product=8026500-3-4-cliquet-reversible-500mm","title":{"rendered":"8026500 3\/4&Prime; Cliquet r\u00e9versible 500mm"},"content":{"rendered":"<p>Cliquet r\u00e9versible 3\/4&Prime; hautes performances, m\u00e9canisme 24 dents.<\/p>\n<ul>\n<li>Forg\u00e9 en acier au chrome vanadium<\/li>\n<li>M\u00e9canisme 24 dents<\/li>\n<li>Carr\u00e9 3\/4&Prime;<\/li>\n<li>D\u00e9verrouillage automatique<\/li>\n<li>Inversion du sens de rotation par levier<\/li>\n<li>Longueur 500 mm<\/li>\n<\/ul>\n","protected":false},"excerpt":{"rendered":"<p>Cliquet r\u00e9versible 3\/4&Prime; hautes performances, m\u00e9canisme 24 dents. Forg\u00e9 en acier au chrome vanadium M\u00e9canisme 24 dents Carr\u00e9 3\/4&Prime; D\u00e9verrouillage&#8230;<\/p>\n","protected":false},"featured_media":5045,"template":"","meta":[],"brands":[{"id":29,"name":"FORCE","slug":"force"}],"_links":{"self":[{"href":"https:\/\/www.le-professionnel.com\/index.php?rest_route=\/wp\/v2\/product\/5044"}],"collection":[{"href":"https:\/\/www.le-professionnel.com\/index.php?rest_route=\/wp\/v2\/product"}],"about":[{"href":"https:\/\/www.le-professionnel.com\/index.php?rest_route=\/wp\/v2\/types\/product"}],"version-history":[{"count":1,"href":"https:\/\/www.le-professionnel.com\/index.php?rest_route=\/wp\/v2\/product\/5044\/revisions"}],"predecessor-version":[{"id":5046,"href":"https:\/\/www.le-professionnel.com\/index.php?rest_route=\/wp\/v2\/product\/5044\/revisions\/5046"}],"wp:featuredmedia":[{"embeddable":true,"href":"https:\/\/www.le-professionnel.com\/index.php?rest_route=\/wp\/v2\/media\/5045"}],"wp:attachment":[{"href":"https:\/\/www.le-professionnel.com\/index.php?rest_route=%2Fwp%2Fv2%2Fmedia&parent=5044"}],"curies":[{"name":"wp","href":"https:\/\/api.w.org\/{rel}","templated":true}]}}