{"id":5038,"date":"2025-01-23T14:57:06","date_gmt":"2025-01-23T14:57:06","guid":{"rendered":"http:\/\/www.le-professionnel.com\/?post_type=product&#038;p=5038"},"modified":"2025-01-23T14:57:06","modified_gmt":"2025-01-23T14:57:06","slug":"750650-demonte-pneus-droit-force-650-mm","status":"publish","type":"product","link":"https:\/\/www.le-professionnel.com\/?product=750650-demonte-pneus-droit-force-650-mm","title":{"rendered":"750650 D\u00e9monte-pneus droit Force 650 mm"},"content":{"rendered":"<p><span>Ces d\u00e9monte-pneus de qualit\u00e9 sont forg\u00e9s en acier chrom\u00e9 de haute qualit\u00e9 pour une longue dur\u00e9e de vie et une grande durabilit\u00e9. L&rsquo;extr\u00e9mit\u00e9 en crochet sert \u00e0 soulever le pneu sur le bord de la jante pour un retrait facile et l&rsquo;extr\u00e9mit\u00e9 droite sert \u00e0 pousser le talon du pneu sur la jante pour l&rsquo;installation. B\u00e9n\u00e9ficie de la garantie \u00e0 vie limit\u00e9e Force.<\/span><\/p>\n","protected":false},"excerpt":{"rendered":"<ul>\n<li><span>Longueur 650 mm<\/span><\/li>\n<li><span>Forg\u00e9 pour plus de r\u00e9sistance et de durabilit\u00e9<\/span><\/li>\n<li><span>Acier chrom\u00e9 de haute qualit\u00e9 pour une r\u00e9sistance \u00e0 l&rsquo;usure<\/span><\/li>\n<li><span>Extr\u00e9mit\u00e9 \u00e0 crochet pour le retrait<\/span><\/li>\n<li><span>L&rsquo;extr\u00e9mit\u00e9 droite facilite l&rsquo;installation<\/span><\/li>\n<\/ul>\n","protected":false},"featured_media":5039,"template":"","meta":[],"brands":[{"id":29,"name":"FORCE","slug":"force"}],"_links":{"self":[{"href":"https:\/\/www.le-professionnel.com\/index.php?rest_route=\/wp\/v2\/product\/5038"}],"collection":[{"href":"https:\/\/www.le-professionnel.com\/index.php?rest_route=\/wp\/v2\/product"}],"about":[{"href":"https:\/\/www.le-professionnel.com\/index.php?rest_route=\/wp\/v2\/types\/product"}],"version-history":[{"count":1,"href":"https:\/\/www.le-professionnel.com\/index.php?rest_route=\/wp\/v2\/product\/5038\/revisions"}],"predecessor-version":[{"id":5040,"href":"https:\/\/www.le-professionnel.com\/index.php?rest_route=\/wp\/v2\/product\/5038\/revisions\/5040"}],"wp:featuredmedia":[{"embeddable":true,"href":"https:\/\/www.le-professionnel.com\/index.php?rest_route=\/wp\/v2\/media\/5039"}],"wp:attachment":[{"href":"https:\/\/www.le-professionnel.com\/index.php?rest_route=%2Fwp%2Fv2%2Fmedia&parent=5038"}],"curies":[{"name":"wp","href":"https:\/\/api.w.org\/{rel}","templated":true}]}}