{"id":5032,"date":"2025-01-23T14:52:07","date_gmt":"2025-01-23T14:52:07","guid":{"rendered":"http:\/\/www.le-professionnel.com\/?post_type=product&#038;p=5032"},"modified":"2025-01-23T14:52:07","modified_gmt":"2025-01-23T14:52:07","slug":"6924250-pince-coupe-cable","status":"publish","type":"product","link":"https:\/\/www.le-professionnel.com\/?product=6924250-pince-coupe-cable","title":{"rendered":"6924250 Pince coupe c\u00e2ble"},"content":{"rendered":"<p>Coupe jusqu&rsquo;\u00e0 4\/0 d&rsquo;aluminium et jusqu&rsquo;\u00e0 2\/0 de cuivre mou, ne coupe pas l&rsquo;acier ou l&rsquo;alu-acier (ACSR). Coupe nette facile \u00e0 une main, sans \u00e9crasement du c\u00e2ble.<\/p>\n<ul>\n<li>Poids: 530 gr<\/li>\n<li>Longueur: 250 mm<\/li>\n<\/ul>\n","protected":false},"excerpt":{"rendered":"<p>Coupe jusqu&rsquo;\u00e0 4\/0 d&rsquo;aluminium et jusqu&rsquo;\u00e0 2\/0 de cuivre mou, ne coupe pas l&rsquo;acier ou l&rsquo;alu-acier (ACSR). Coupe nette facile&#8230;<\/p>\n","protected":false},"featured_media":5033,"template":"","meta":[],"brands":[{"id":29,"name":"FORCE","slug":"force"}],"_links":{"self":[{"href":"https:\/\/www.le-professionnel.com\/index.php?rest_route=\/wp\/v2\/product\/5032"}],"collection":[{"href":"https:\/\/www.le-professionnel.com\/index.php?rest_route=\/wp\/v2\/product"}],"about":[{"href":"https:\/\/www.le-professionnel.com\/index.php?rest_route=\/wp\/v2\/types\/product"}],"version-history":[{"count":1,"href":"https:\/\/www.le-professionnel.com\/index.php?rest_route=\/wp\/v2\/product\/5032\/revisions"}],"predecessor-version":[{"id":5034,"href":"https:\/\/www.le-professionnel.com\/index.php?rest_route=\/wp\/v2\/product\/5032\/revisions\/5034"}],"wp:featuredmedia":[{"embeddable":true,"href":"https:\/\/www.le-professionnel.com\/index.php?rest_route=\/wp\/v2\/media\/5033"}],"wp:attachment":[{"href":"https:\/\/www.le-professionnel.com\/index.php?rest_route=%2Fwp%2Fv2%2Fmedia&parent=5032"}],"curies":[{"name":"wp","href":"https:\/\/api.w.org\/{rel}","templated":true}]}}