{"id":5004,"date":"2025-01-22T12:39:16","date_gmt":"2025-01-22T12:39:16","guid":{"rendered":"http:\/\/www.le-professionnel.com\/?post_type=product&#038;p=5004"},"modified":"2025-01-22T12:39:16","modified_gmt":"2025-01-22T12:39:16","slug":"64705-cle-dynamometrique-avec-tetes-interchangeables-40-210nm","status":"publish","type":"product","link":"https:\/\/www.le-professionnel.com\/?product=64705-cle-dynamometrique-avec-tetes-interchangeables-40-210nm","title":{"rendered":"64705 Cl\u00e9 dynamom\u00e9trique avec t\u00eates interchangeables 40 ~ 210Nm"},"content":{"rendered":"<p>Coffret de cl\u00e9 dynamom\u00e9trique 40 ~ 210Nm avec t\u00eates fourches interchangeables et t\u00eate-cliquet r\u00e9versible haute performance 1\/2&Prime;. Secousse perceptible et clic audible indiquant que le r\u00e9glage d\u00e9sir\u00e9 est atteint. Poss\u00e9dant une \u00e9chelle analogique clairement visible.<\/p>\n<p>&nbsp;<\/p>\n","protected":false},"excerpt":{"rendered":"<p><strong>Contenu:<\/strong><\/p>\n<ul>\n<li>Cl\u00e9 dynamom\u00e9trique<\/li>\n<li>1\/2&Prime; T\u00eate-cliquet r\u00e9versible 24 dents<\/li>\n<li>T\u00eates fourches interchangeables 13 &#8211; 14 &#8211; 15 &#8211; 17 &#8211; 19 &#8211; 22 &#8211; 24 &#8211; 27 &#8211; 30 mm<\/li>\n<\/ul>\n","protected":false},"featured_media":5005,"template":"","meta":[],"brands":[{"id":29,"name":"FORCE","slug":"force"}],"_links":{"self":[{"href":"https:\/\/www.le-professionnel.com\/index.php?rest_route=\/wp\/v2\/product\/5004"}],"collection":[{"href":"https:\/\/www.le-professionnel.com\/index.php?rest_route=\/wp\/v2\/product"}],"about":[{"href":"https:\/\/www.le-professionnel.com\/index.php?rest_route=\/wp\/v2\/types\/product"}],"version-history":[{"count":1,"href":"https:\/\/www.le-professionnel.com\/index.php?rest_route=\/wp\/v2\/product\/5004\/revisions"}],"predecessor-version":[{"id":5006,"href":"https:\/\/www.le-professionnel.com\/index.php?rest_route=\/wp\/v2\/product\/5004\/revisions\/5006"}],"wp:featuredmedia":[{"embeddable":true,"href":"https:\/\/www.le-professionnel.com\/index.php?rest_route=\/wp\/v2\/media\/5005"}],"wp:attachment":[{"href":"https:\/\/www.le-professionnel.com\/index.php?rest_route=%2Fwp%2Fv2%2Fmedia&parent=5004"}],"curies":[{"name":"wp","href":"https:\/\/api.w.org\/{rel}","templated":true}]}}