{"id":5001,"date":"2025-01-22T12:36:14","date_gmt":"2025-01-22T12:36:14","guid":{"rendered":"http:\/\/www.le-professionnel.com\/?post_type=product&#038;p=5001"},"modified":"2025-01-22T12:36:14","modified_gmt":"2025-01-22T12:36:14","slug":"64761215-3-4-cle-dynamometrique-1215mm-140-980nm","status":"publish","type":"product","link":"https:\/\/www.le-professionnel.com\/?product=64761215-3-4-cle-dynamometrique-1215mm-140-980nm","title":{"rendered":"64761215 3\/4&Prime; Cl\u00e9 dynamom\u00e9trique 1215mm 140 ~ 980Nm"},"content":{"rendered":"","protected":false},"excerpt":{"rendered":"<p>Chaque boulon sur les v\u00e9hicules modernes dispose d&rsquo;un r\u00e9glage de couple, et une cl\u00e9 dynamom\u00e9trique est essentiel d&rsquo;\u00e9valuer avec pr\u00e9cision comment serr\u00e9 un boulon est. Avec cette cl\u00e9 dynamom\u00e9trique vous pouvez sentir et entendre lorsque vous atteignez le couple correct. Fabriqu\u00e9 \u00e0 partir de chrome vanadium acier pour plus de solidit\u00e9 et de durabilit\u00e9. Dans le sens horaire sur le couple et la fin est un ajustement microm\u00e9trique de pr\u00e9cision. T\u00eate-\u00e0 cliquet r\u00e9versible tous \u00e0 la chiquenaude d&rsquo;un levier sur le dessus de la cl\u00e9 \u00e0 cliquet. Molet\u00e9e fin pour une meilleure adh\u00e9rence.<\/p>\n<ul>\n<li>d&rsquo;entra\u00eenement 3\/4&Prime;<\/li>\n<li>Longueur 1215mm<\/li>\n<li>Plage de couple (enti\u00e8rement r\u00e9glable) 140 ~ 980Nm<\/li>\n<\/ul>\n","protected":false},"featured_media":5002,"template":"","meta":[],"brands":[{"id":29,"name":"FORCE","slug":"force"}],"_links":{"self":[{"href":"https:\/\/www.le-professionnel.com\/index.php?rest_route=\/wp\/v2\/product\/5001"}],"collection":[{"href":"https:\/\/www.le-professionnel.com\/index.php?rest_route=\/wp\/v2\/product"}],"about":[{"href":"https:\/\/www.le-professionnel.com\/index.php?rest_route=\/wp\/v2\/types\/product"}],"version-history":[{"count":1,"href":"https:\/\/www.le-professionnel.com\/index.php?rest_route=\/wp\/v2\/product\/5001\/revisions"}],"predecessor-version":[{"id":5003,"href":"https:\/\/www.le-professionnel.com\/index.php?rest_route=\/wp\/v2\/product\/5001\/revisions\/5003"}],"wp:featuredmedia":[{"embeddable":true,"href":"https:\/\/www.le-professionnel.com\/index.php?rest_route=\/wp\/v2\/media\/5002"}],"wp:attachment":[{"href":"https:\/\/www.le-professionnel.com\/index.php?rest_route=%2Fwp%2Fv2%2Fmedia&parent=5001"}],"curies":[{"name":"wp","href":"https:\/\/api.w.org\/{rel}","templated":true}]}}