{"id":4995,"date":"2025-01-22T12:31:57","date_gmt":"2025-01-22T12:31:57","guid":{"rendered":"http:\/\/www.le-professionnel.com\/?post_type=product&#038;p=4995"},"modified":"2025-01-22T12:31:57","modified_gmt":"2025-01-22T12:31:57","slug":"63005-jeu-de-5-extracteurs-de-goujons","status":"publish","type":"product","link":"https:\/\/www.le-professionnel.com\/?product=63005-jeu-de-5-extracteurs-de-goujons","title":{"rendered":"63005 Jeu de 5 extracteurs de goujons"},"content":{"rendered":"<p>Pour l&rsquo;extraction de vis, de goujons ou d&#8217;embouts de tuyauteries cass\u00e9s (M3 &#8211; M18). En acier de haute qualit\u00e9 au chrome-vanadium, tremp\u00e9 et revenu.<\/p>\n","protected":false},"excerpt":{"rendered":"<ul>\n<li>1\/8&Prime; &#8211; 1\/4&Prime; (M3 &#8211; M6)<\/li>\n<li>1\/4&Prime; &#8211; 5\/16&Prime; (M6 &#8211; M8)<\/li>\n<li>5\/16&Prime; &#8211; 7\/16&Prime; (M8 &#8211; M11)<\/li>\n<li>7\/16&Prime; &#8211; 9\/16&Prime; (M11 &#8211; M14)<\/li>\n<li>9\/16&Prime; &#8211; 3\/4&Prime; (M14 &#8211; M18)<\/li>\n<\/ul>\n","protected":false},"featured_media":4996,"template":"","meta":[],"brands":[{"id":29,"name":"FORCE","slug":"force"}],"_links":{"self":[{"href":"https:\/\/www.le-professionnel.com\/index.php?rest_route=\/wp\/v2\/product\/4995"}],"collection":[{"href":"https:\/\/www.le-professionnel.com\/index.php?rest_route=\/wp\/v2\/product"}],"about":[{"href":"https:\/\/www.le-professionnel.com\/index.php?rest_route=\/wp\/v2\/types\/product"}],"version-history":[{"count":1,"href":"https:\/\/www.le-professionnel.com\/index.php?rest_route=\/wp\/v2\/product\/4995\/revisions"}],"predecessor-version":[{"id":4997,"href":"https:\/\/www.le-professionnel.com\/index.php?rest_route=\/wp\/v2\/product\/4995\/revisions\/4997"}],"wp:featuredmedia":[{"embeddable":true,"href":"https:\/\/www.le-professionnel.com\/index.php?rest_route=\/wp\/v2\/media\/4996"}],"wp:attachment":[{"href":"https:\/\/www.le-professionnel.com\/index.php?rest_route=%2Fwp%2Fv2%2Fmedia&parent=4995"}],"curies":[{"name":"wp","href":"https:\/\/api.w.org\/{rel}","templated":true}]}}