{"id":4971,"date":"2025-01-22T12:09:30","date_gmt":"2025-01-22T12:09:30","guid":{"rendered":"http:\/\/www.le-professionnel.com\/?post_type=product&#038;p=4971"},"modified":"2025-01-22T12:09:30","modified_gmt":"2025-01-22T12:09:30","slug":"61914-cle-serre-tubes-a-chaine","status":"publish","type":"product","link":"https:\/\/www.le-professionnel.com\/?product=61914-cle-serre-tubes-a-chaine","title":{"rendered":"61914 Cl\u00e9 serre-tubes \u00e0 chaine"},"content":{"rendered":"<p>Cl\u00e9 serre-tubes \u00e0 chaine, id\u00e9al pour utilisation dans des endroits restreints.<\/p>\n<ul>\n<li>Longueur manche: 500 mm<\/li>\n<li>Longueur chaine: 500 mm<\/li>\n<li>Capacit\u00e9: \u00d8 75 &#8211; 150 mm<\/li>\n<\/ul>\n","protected":false},"excerpt":{"rendered":"<p>Cl\u00e9 serre-tubes \u00e0 chaine, id\u00e9al pour utilisation dans des endroits restreints. Longueur manche: 500 mm Longueur chaine: 500 mm Capacit\u00e9:&#8230;<\/p>\n","protected":false},"featured_media":4972,"template":"","meta":[],"brands":[{"id":29,"name":"FORCE","slug":"force"}],"_links":{"self":[{"href":"https:\/\/www.le-professionnel.com\/index.php?rest_route=\/wp\/v2\/product\/4971"}],"collection":[{"href":"https:\/\/www.le-professionnel.com\/index.php?rest_route=\/wp\/v2\/product"}],"about":[{"href":"https:\/\/www.le-professionnel.com\/index.php?rest_route=\/wp\/v2\/types\/product"}],"version-history":[{"count":1,"href":"https:\/\/www.le-professionnel.com\/index.php?rest_route=\/wp\/v2\/product\/4971\/revisions"}],"predecessor-version":[{"id":4973,"href":"https:\/\/www.le-professionnel.com\/index.php?rest_route=\/wp\/v2\/product\/4971\/revisions\/4973"}],"wp:featuredmedia":[{"embeddable":true,"href":"https:\/\/www.le-professionnel.com\/index.php?rest_route=\/wp\/v2\/media\/4972"}],"wp:attachment":[{"href":"https:\/\/www.le-professionnel.com\/index.php?rest_route=%2Fwp%2Fv2%2Fmedia&parent=4971"}],"curies":[{"name":"wp","href":"https:\/\/api.w.org\/{rel}","templated":true}]}}