{"id":4952,"date":"2025-01-22T11:50:44","date_gmt":"2025-01-22T11:50:44","guid":{"rendered":"http:\/\/www.le-professionnel.com\/?post_type=product&#038;p=4952"},"modified":"2025-01-22T11:50:44","modified_gmt":"2025-01-22T11:50:44","slug":"60912aso-pince-circlips-exterieur-a-becs-droits","status":"publish","type":"product","link":"https:\/\/www.le-professionnel.com\/?product=60912aso-pince-circlips-exterieur-a-becs-droits","title":{"rendered":"60912ASO Pince circlips ext\u00e9rieur \u00e0 becs droits"},"content":{"rendered":"<p>Pince circlips ext\u00e9rieur \u00e0 becs droits.<\/p>\n<ul>\n<li>Capacit\u00e9 85 &#8211; 165 mm<\/li>\n<li>Longueur 310 mm<\/li>\n<\/ul>\n","protected":false},"excerpt":{"rendered":"<p>Pince circlips ext\u00e9rieur \u00e0 becs droits. Capacit\u00e9 85 &#8211; 165 mm Longueur 310 mm<\/p>\n","protected":false},"featured_media":4953,"template":"","meta":[],"brands":[{"id":29,"name":"FORCE","slug":"force"}],"_links":{"self":[{"href":"https:\/\/www.le-professionnel.com\/index.php?rest_route=\/wp\/v2\/product\/4952"}],"collection":[{"href":"https:\/\/www.le-professionnel.com\/index.php?rest_route=\/wp\/v2\/product"}],"about":[{"href":"https:\/\/www.le-professionnel.com\/index.php?rest_route=\/wp\/v2\/types\/product"}],"version-history":[{"count":1,"href":"https:\/\/www.le-professionnel.com\/index.php?rest_route=\/wp\/v2\/product\/4952\/revisions"}],"predecessor-version":[{"id":4954,"href":"https:\/\/www.le-professionnel.com\/index.php?rest_route=\/wp\/v2\/product\/4952\/revisions\/4954"}],"wp:featuredmedia":[{"embeddable":true,"href":"https:\/\/www.le-professionnel.com\/index.php?rest_route=\/wp\/v2\/media\/4953"}],"wp:attachment":[{"href":"https:\/\/www.le-professionnel.com\/index.php?rest_route=%2Fwp%2Fv2%2Fmedia&parent=4952"}],"curies":[{"name":"wp","href":"https:\/\/api.w.org\/{rel}","templated":true}]}}