{"id":4948,"date":"2025-01-22T11:48:07","date_gmt":"2025-01-22T11:48:07","guid":{"rendered":"http:\/\/www.le-professionnel.com\/?post_type=product&#038;p=4948"},"modified":"2025-01-22T11:48:08","modified_gmt":"2025-01-22T11:48:08","slug":"60912asc-pince-circlips-interieur-a-bec-droits","status":"publish","type":"product","link":"https:\/\/www.le-professionnel.com\/?product=60912asc-pince-circlips-interieur-a-bec-droits","title":{"rendered":"60912ASC Pince circlips int\u00e9rieur \u00e0 bec droits"},"content":{"rendered":"","protected":false},"excerpt":{"rendered":"<p>Pince circlips int\u00e9rieur \u00e0 bec droits.<\/p>\n<ul>\n<li>Capacit\u00e9 85 &#8211; 165 mm<\/li>\n<li>Longueur 310 mm<\/li>\n<\/ul>\n","protected":false},"featured_media":4950,"template":"","meta":[],"brands":[{"id":29,"name":"FORCE","slug":"force"}],"_links":{"self":[{"href":"https:\/\/www.le-professionnel.com\/index.php?rest_route=\/wp\/v2\/product\/4948"}],"collection":[{"href":"https:\/\/www.le-professionnel.com\/index.php?rest_route=\/wp\/v2\/product"}],"about":[{"href":"https:\/\/www.le-professionnel.com\/index.php?rest_route=\/wp\/v2\/types\/product"}],"version-history":[{"count":1,"href":"https:\/\/www.le-professionnel.com\/index.php?rest_route=\/wp\/v2\/product\/4948\/revisions"}],"predecessor-version":[{"id":4951,"href":"https:\/\/www.le-professionnel.com\/index.php?rest_route=\/wp\/v2\/product\/4948\/revisions\/4951"}],"wp:featuredmedia":[{"embeddable":true,"href":"https:\/\/www.le-professionnel.com\/index.php?rest_route=\/wp\/v2\/media\/4950"}],"wp:attachment":[{"href":"https:\/\/www.le-professionnel.com\/index.php?rest_route=%2Fwp%2Fv2%2Fmedia&parent=4948"}],"curies":[{"name":"wp","href":"https:\/\/api.w.org\/{rel}","templated":true}]}}