{"id":4942,"date":"2025-01-22T11:41:12","date_gmt":"2025-01-22T11:41:12","guid":{"rendered":"http:\/\/www.le-professionnel.com\/?post_type=product&#038;p=4942"},"modified":"2025-01-22T11:41:13","modified_gmt":"2025-01-22T11:41:13","slug":"51016n-coffret-doutils-isoles-1000v-10-pcs","status":"publish","type":"product","link":"https:\/\/www.le-professionnel.com\/?product=51016n-coffret-doutils-isoles-1000v-10-pcs","title":{"rendered":"51016N Coffret d&rsquo;outils isol\u00e9s 1000V 10 pcs"},"content":{"rendered":"<p>Coffret de 10 outils isol\u00e9s 1000V, fabriqu\u00e9s et test\u00e9s suivant la norme EN\/IEC 60.900.<\/p>\n","protected":false},"excerpt":{"rendered":"<ul>\n<li>Tournevis isol\u00e9s 1000V Fente: 2.5 (75mmL) &#8211; 4 (100mmL) &#8211; 5.5 (125mmL)<\/li>\n<li>Tournevis isol\u00e9s 1000V Philips: PH.1 (80mmL) &#8211; PH.2 (100mmL)<\/li>\n<li>Pince universelle isol\u00e9s 1000V<\/li>\n<li>Pince \u00e0 long bec isol\u00e9s 1000V<\/li>\n<li>Pince coupante isol\u00e9s 1000V<\/li>\n<li>Pince \u00e0 d\u00e9nuder automatique<\/li>\n<li>Testeur de tension sans contact AC 100V ~ 600V<\/li>\n<\/ul>\n","protected":false},"featured_media":4943,"template":"","meta":[],"brands":[{"id":29,"name":"FORCE","slug":"force"}],"_links":{"self":[{"href":"https:\/\/www.le-professionnel.com\/index.php?rest_route=\/wp\/v2\/product\/4942"}],"collection":[{"href":"https:\/\/www.le-professionnel.com\/index.php?rest_route=\/wp\/v2\/product"}],"about":[{"href":"https:\/\/www.le-professionnel.com\/index.php?rest_route=\/wp\/v2\/types\/product"}],"version-history":[{"count":1,"href":"https:\/\/www.le-professionnel.com\/index.php?rest_route=\/wp\/v2\/product\/4942\/revisions"}],"predecessor-version":[{"id":4944,"href":"https:\/\/www.le-professionnel.com\/index.php?rest_route=\/wp\/v2\/product\/4942\/revisions\/4944"}],"wp:featuredmedia":[{"embeddable":true,"href":"https:\/\/www.le-professionnel.com\/index.php?rest_route=\/wp\/v2\/media\/4943"}],"wp:attachment":[{"href":"https:\/\/www.le-professionnel.com\/index.php?rest_route=%2Fwp%2Fv2%2Fmedia&parent=4942"}],"curies":[{"name":"wp","href":"https:\/\/api.w.org\/{rel}","templated":true}]}}