{"id":4933,"date":"2025-01-22T11:31:16","date_gmt":"2025-01-22T11:31:16","guid":{"rendered":"http:\/\/www.le-professionnel.com\/?post_type=product&#038;p=4933"},"modified":"2025-01-22T11:31:16","modified_gmt":"2025-01-22T11:31:16","slug":"5072l-jeu-de-7-cles-males-coudees-6-pans","status":"publish","type":"product","link":"https:\/\/www.le-professionnel.com\/?product=5072l-jeu-de-7-cles-males-coudees-6-pans","title":{"rendered":"5072L Jeu de 7 cl\u00e9s m\u00e2les coud\u00e9es 6 pans"},"content":{"rendered":"<p>Jeu de 7 cl\u00e9s m\u00e2les coud\u00e9es 6 pans.<\/p>\n","protected":false},"excerpt":{"rendered":"<ul>\n<li>Cl\u00e9 m\u00e2les coud\u00e9es 6 pans 2,5mm<\/li>\n<li>Cl\u00e9 m\u00e2les coud\u00e9es 6 pans 3mm<\/li>\n<li>Cl\u00e9 m\u00e2les coud\u00e9es 6 pans 4mm<\/li>\n<li>Cl\u00e9 m\u00e2les coud\u00e9es 6 pans 5mm<\/li>\n<li>Cl\u00e9 m\u00e2les coud\u00e9es 6 pans 6mm<\/li>\n<li>Cl\u00e9 m\u00e2les coud\u00e9es 6 pans 8mm<\/li>\n<li>Cl\u00e9 m\u00e2les coud\u00e9es 6 pans 10mm<\/li>\n<\/ul>\n","protected":false},"featured_media":4934,"template":"","meta":[],"brands":[{"id":29,"name":"FORCE","slug":"force"}],"_links":{"self":[{"href":"https:\/\/www.le-professionnel.com\/index.php?rest_route=\/wp\/v2\/product\/4933"}],"collection":[{"href":"https:\/\/www.le-professionnel.com\/index.php?rest_route=\/wp\/v2\/product"}],"about":[{"href":"https:\/\/www.le-professionnel.com\/index.php?rest_route=\/wp\/v2\/types\/product"}],"version-history":[{"count":1,"href":"https:\/\/www.le-professionnel.com\/index.php?rest_route=\/wp\/v2\/product\/4933\/revisions"}],"predecessor-version":[{"id":4935,"href":"https:\/\/www.le-professionnel.com\/index.php?rest_route=\/wp\/v2\/product\/4933\/revisions\/4935"}],"wp:featuredmedia":[{"embeddable":true,"href":"https:\/\/www.le-professionnel.com\/index.php?rest_route=\/wp\/v2\/media\/4934"}],"wp:attachment":[{"href":"https:\/\/www.le-professionnel.com\/index.php?rest_route=%2Fwp%2Fv2%2Fmedia&parent=4933"}],"curies":[{"name":"wp","href":"https:\/\/api.w.org\/{rel}","templated":true}]}}