{"id":4920,"date":"2025-01-22T11:16:01","date_gmt":"2025-01-22T11:16:01","guid":{"rendered":"http:\/\/www.le-professionnel.com\/?post_type=product&#038;p=4920"},"modified":"2025-01-22T12:48:23","modified_gmt":"2025-01-22T12:48:23","slug":"50234-107-valise-a-roulettes-avec-107-pcs-doutils","status":"publish","type":"product","link":"https:\/\/www.le-professionnel.com\/?product=50234-107-valise-a-roulettes-avec-107-pcs-doutils","title":{"rendered":"50234-107 Valise \u00e0 roulettes avec 107 pcs d&rsquo;outils"},"content":{"rendered":"<p>Valise \u00e0 roulettes avec 107 pcs d&rsquo;outils, super pratique et mobile avec sa fonction trolley.<\/p>\n","protected":false},"excerpt":{"rendered":"<ul>\n<li>Pince coupante isol\u00e9s 160 mm<\/li>\n<li>Pince universelle isol\u00e9s 180 mm<\/li>\n<li>Pince \u00e0 long bex coud\u00e9 isol\u00e9s 160 mm<\/li>\n<li>Pince multiprice isol\u00e9es 250 mm<\/li>\n<li>Pince \u00e0 denuder isol\u00e9es 160 mm<\/li>\n<li>Cl\u00e9 \u00e0 molette 250 mm<\/li>\n<\/ul>\n<ul>\n<li>Pince vise grip<\/li>\n<li>Couteau \u00e0 couper<\/li>\n<li>Jeu de 5 ciseau<\/li>\n<li>Cl\u00e9s mixtes: 8-10-11-12-13-14-15-17-19-21-22 mm<\/li>\n<li>Cl\u00e9s m\u00e2les coud\u00e9es 6 pans: 1.27-1.5-2-2.5-3-4-5-6-8-10 mm<\/li>\n<\/ul>\n<ul>\n<li><a href=\"https:\/\/www.forcetools-kepmar.eu\/fr\/p\/force-50234-107-valise-a-roulettes-avec-107-pcs-d-outils?ObjectPath=\/Shops\/457210838\/Products\/%22FOR%202421%22\">Force 2421 Coffret de 42 douilles &amp; accessoires 1\/4&Prime;<\/a><\/li>\n<\/ul>\n<ul>\n<li>Tournevis isol\u00e9s 1000V Phillips PH.1-PH.2<\/li>\n<li>Tournevis isol\u00e9s 1000V Fente 3-4-5.5-6.5 mm<\/li>\n<li>Tournevis Boule Phillips PH.1<\/li>\n<li>Tournevis Boule Fente 6.5 mm<\/li>\n<li>Tournevis Phillips PH.1-PH.2-PH.3<\/li>\n<li>Testeur de tension sans contact<\/li>\n<\/ul>\n<ul>\n<li>Marteau 300gr<\/li>\n<li>Marteau sans rebond 400 gr<\/li>\n<li>Scie \u00e0 coup\u00e9 petit<\/li>\n<li>M\u00e8tre 5m<\/li>\n<li>1\/2&Prime; Douilles 6 pans: 10-12-13-14-15-17-19-21-22-24 mm<\/li>\n<li>1\/2&Prime; Cliquet r\u00e9versible \u00ab\u00a0Quick release\u00a0\u00bb 24 dents<\/li>\n<li>Dynamo lampe<\/li>\n<li>Centre point<\/li>\n<\/ul>\n","protected":false},"featured_media":4921,"template":"","meta":[],"brands":[{"id":29,"name":"FORCE","slug":"force"}],"_links":{"self":[{"href":"https:\/\/www.le-professionnel.com\/index.php?rest_route=\/wp\/v2\/product\/4920"}],"collection":[{"href":"https:\/\/www.le-professionnel.com\/index.php?rest_route=\/wp\/v2\/product"}],"about":[{"href":"https:\/\/www.le-professionnel.com\/index.php?rest_route=\/wp\/v2\/types\/product"}],"version-history":[{"count":1,"href":"https:\/\/www.le-professionnel.com\/index.php?rest_route=\/wp\/v2\/product\/4920\/revisions"}],"predecessor-version":[{"id":4925,"href":"https:\/\/www.le-professionnel.com\/index.php?rest_route=\/wp\/v2\/product\/4920\/revisions\/4925"}],"wp:featuredmedia":[{"embeddable":true,"href":"https:\/\/www.le-professionnel.com\/index.php?rest_route=\/wp\/v2\/media\/4921"}],"wp:attachment":[{"href":"https:\/\/www.le-professionnel.com\/index.php?rest_route=%2Fwp%2Fv2%2Fmedia&parent=4920"}],"curies":[{"name":"wp","href":"https:\/\/api.w.org\/{rel}","templated":true}]}}