{"id":3983,"date":"2022-12-21T19:05:06","date_gmt":"2022-12-21T19:05:06","guid":{"rendered":"http:\/\/www.le-professionnel.com\/?post_type=product&#038;p=3983"},"modified":"2022-12-21T19:28:06","modified_gmt":"2022-12-21T19:28:06","slug":"elevateur-a-ciseaux-pleine-hauteur-35-t","status":"publish","type":"product","link":"https:\/\/www.le-professionnel.com\/?product=elevateur-a-ciseaux-pleine-hauteur-35-t","title":{"rendered":"El\u00e9vateur \u00e0 ciseaux pleine hauteur 3,5 T"},"content":{"rendered":"<p><span>\u00a0<\/span><span lang=\"EN-US\"><span>Capacit\u00e9 de levage 3500KG<\/span><\/span><span lang=\"EN-US\">\u00a0<\/span><\/p>\n<p><span>\u00b7\u00a0<\/span><span lang=\"EN-US\"><span>Installation enterr\u00e9e<\/span><\/span><\/p>\n<p><span>\u00b7\u00a0<\/span><span>Syst\u00e8me de protection de synchronisation infrarouge<\/span><\/p>\n<p><span>\u00b7\u00a0<\/span><span>Syst\u00e8me de verrouillage de s\u00e9curit\u00e9 \u00e0 d\u00e9clenchement pneumatique\u00a0<\/span><\/p>\n<p><span>\u00b7\u00a0<\/span><span lang=\"EN-US\"><span>Les plates-formes peuvent \u00eatre \u00e9tendues pour les v\u00e9hicules plus longs\u00a0<\/span><\/span><\/p>\n<p><span>\u00b7\u00a0<\/span><span>Cylindres durables dans chaque colonne transportant avec des soupapes anti-pompage<\/span><\/p>\n<p><span>\u00b7\u00a0<\/span><span>Syst\u00e8me de contr\u00f4le s\u00e9curis\u00e9 24V<\/span><\/p>\n<p><span>\u00b7\u00a0<\/span><span>Interrupteur de limite de hauteur\u00a0<\/span><\/p>\n<p><span>\u00b7\u00a0<\/span><span>Buzzer d&rsquo;alarme de descente de s\u00e9curit\u00e9\u00a0<\/span><\/p>\n<p><span>\u00b7\u00a0<\/span><span>Finition enduite de poudre\u00a0<\/span><\/p>\n<p><span>\u00b7\u00a0<\/span><span>Douille et roulement autolubrifi\u00e9s<\/span><\/p>\n<p><span>\u00b7\u00a0<\/span><span lang=\"EN-US\"><span>Moteur en aluminium avec ventilateur sur le dessus pour \u00e9viter la surchauffe caus\u00e9e par un travail prolong\u00e9<\/span><\/span><\/p>\n","protected":false},"excerpt":{"rendered":"<p>\u00a0Capacit\u00e9 de levage 3500KG\u00a0 \u00b7\u00a0Installation enterr\u00e9e \u00b7\u00a0Syst\u00e8me de protection de synchronisation infrarouge \u00b7\u00a0Syst\u00e8me de verrouillage de s\u00e9curit\u00e9 \u00e0 d\u00e9clenchement pneumatique\u00a0&#8230;<\/p>\n","protected":false},"featured_media":3984,"template":"","meta":[],"brands":[{"id":32,"name":"EAE","slug":"eae"}],"_links":{"self":[{"href":"https:\/\/www.le-professionnel.com\/index.php?rest_route=\/wp\/v2\/product\/3983"}],"collection":[{"href":"https:\/\/www.le-professionnel.com\/index.php?rest_route=\/wp\/v2\/product"}],"about":[{"href":"https:\/\/www.le-professionnel.com\/index.php?rest_route=\/wp\/v2\/types\/product"}],"version-history":[{"count":2,"href":"https:\/\/www.le-professionnel.com\/index.php?rest_route=\/wp\/v2\/product\/3983\/revisions"}],"predecessor-version":[{"id":3987,"href":"https:\/\/www.le-professionnel.com\/index.php?rest_route=\/wp\/v2\/product\/3983\/revisions\/3987"}],"wp:featuredmedia":[{"embeddable":true,"href":"https:\/\/www.le-professionnel.com\/index.php?rest_route=\/wp\/v2\/media\/3984"}],"wp:attachment":[{"href":"https:\/\/www.le-professionnel.com\/index.php?rest_route=%2Fwp%2Fv2%2Fmedia&parent=3983"}],"curies":[{"name":"wp","href":"https:\/\/api.w.org\/{rel}","templated":true}]}}