{"id":381,"date":"2020-08-14T09:21:01","date_gmt":"2020-08-14T09:21:01","guid":{"rendered":"http:\/\/www.le-professionnel.com\/?post_type=product&#038;p=381"},"modified":"2020-09-15T11:50:08","modified_gmt":"2020-09-15T11:50:08","slug":"echafaudage-roulant-en-aluminium-totem-2-line-180-5m","status":"publish","type":"product","link":"https:\/\/www.le-professionnel.com\/?product=echafaudage-roulant-en-aluminium-totem-2-line-180-5m","title":{"rendered":"\u00c9chafaudage roulant en aluminium &#8211; Totem 2 Line 180-5M"},"content":{"rendered":"<table border=\"1\" cellspacing=\"1\" cellpadding=\"1\">\n<tbody>\n<tr>\n<td>Nombre de plateaux<\/td>\n<td>Dimensione(m)<\/td>\n<td>Poids kg<\/td>\n<\/tr>\n<tr>\n<td>A<\/td>\n<td>B<\/td>\n<td>C<\/td>\n<\/tr>\n<tr>\n<td>2<\/td>\n<td>4.85<\/td>\n<td>6.00<\/td>\n<\/tr>\n<\/tbody>\n<\/table>\n","protected":false},"excerpt":{"rendered":"<p>Echafaudage roulant en aluminium con\u00e7u pour un usage intensif.<br \/>\n-Plancher alu \/ bois compos\u00e9 d&rsquo;une plate-forme; de 4 plinthes amovibles en aluminium et d&rsquo;une trappe d&rsquo;acc\u00e8s.<br \/>\n-Stabilisateurs r\u00e9glables en longueur pour pouvoir s&rsquo;adapter \u00e0 la hauteur de l&rsquo;\u00e9chafaudage.<br \/>\n-Roues gros diam\u00e8tre con\u00e7ues pour rouler malgr\u00e9 les sols encombr\u00e9s des chantiers.<br \/>\n-Liaison \u00e9chelons \/ montants sertie pour une r\u00e9sistance et une s\u00e9curit\u00e9 maximales.<br \/>\n-Plateau : 1.79 x 0.66m<br \/>\n-Trappe : 0.61 x 0.49m.<br \/>\n-Encombrement : 2.11 x 0.90m.<\/p>\n<p>-Utilisation sur sol plat et d\u00e9nivel\u00e9.<\/p>\n","protected":false},"featured_media":382,"template":"","meta":[],"brands":[],"_links":{"self":[{"href":"https:\/\/www.le-professionnel.com\/index.php?rest_route=\/wp\/v2\/product\/381"}],"collection":[{"href":"https:\/\/www.le-professionnel.com\/index.php?rest_route=\/wp\/v2\/product"}],"about":[{"href":"https:\/\/www.le-professionnel.com\/index.php?rest_route=\/wp\/v2\/types\/product"}],"version-history":[{"count":2,"href":"https:\/\/www.le-professionnel.com\/index.php?rest_route=\/wp\/v2\/product\/381\/revisions"}],"predecessor-version":[{"id":961,"href":"https:\/\/www.le-professionnel.com\/index.php?rest_route=\/wp\/v2\/product\/381\/revisions\/961"}],"wp:featuredmedia":[{"embeddable":true,"href":"https:\/\/www.le-professionnel.com\/index.php?rest_route=\/wp\/v2\/media\/382"}],"wp:attachment":[{"href":"https:\/\/www.le-professionnel.com\/index.php?rest_route=%2Fwp%2Fv2%2Fmedia&parent=381"}],"curies":[{"name":"wp","href":"https:\/\/api.w.org\/{rel}","templated":true}]}}