{"id":365,"date":"2020-07-23T09:12:40","date_gmt":"2020-07-23T09:12:40","guid":{"rendered":"http:\/\/www.le-professionnel.com\/?post_type=product&#038;p=365"},"modified":"2020-07-23T09:14:12","modified_gmt":"2020-07-23T09:14:12","slug":"groupe-electrogene-bx-6000-avr","status":"publish","type":"product","link":"https:\/\/www.le-professionnel.com\/?product=groupe-electrogene-bx-6000-avr","title":{"rendered":"G\u00e9n\u00e9rateur BX 6000 AVR"},"content":{"rendered":"<p>Le g\u00e9n\u00e9rateur \u00e9lectrique BENZA BX 6000 AVR est l&rsquo;outil id\u00e9al pour les lieux \u00e0 risque d&rsquo;incendie ou dans le domaine agricole.<\/p>\n<p>Facile \u00e0 utiliser et avec une structure simple, sa faible consommation et son faible niveau sonore, ainsi que son autonomie allant jusqu&rsquo;\u00e0 9 heures, font de ces g\u00e9n\u00e9rateurs \u00e9lectriques la meilleure option d&rsquo;achat.<\/p>\n<p>Groupe \u00e9lectrog\u00e8ne monophas\u00e9 l\u00e9ger et fiable de 7 Kva, avec alternateur avec AVR de s\u00e9rie, qui \u00e9limine tout risque d&rsquo;endommagement des appareils ou outils de haute technologie \u00e0 commande \u00e9lectronique tels que les ordinateurs, les t\u00e9l\u00e9viseurs, etc.<\/p>\n<p>Le g\u00e9n\u00e9rateur poss\u00e8de un r\u00e9servoir m\u00e9tallique de 25 litres, et son ch\u00e2ssis int\u00e9grant deux prises, un voltm\u00e8tre, un diff\u00e9rentiel et une prise 12V, ce qui en fait un g\u00e9n\u00e9rateur tr\u00e8s polyvalent, adapt\u00e9 \u00e0 de nombreuses applications.<\/p>\n<ul>\n<li>\u2022 Le g\u00e9n\u00e9rateur est \u00e9quip\u00e9 en standard d&rsquo;un diff\u00e9rentiel comme mesure de s\u00e9curit\u00e9 pour prot\u00e9ger l&rsquo;utilisateur.<\/li>\n<li>\u2022 Le moteur \u00e0 essence RatoR420 est \u00e0 4 temps et a une puissance de 11,5 CV.\u00a0Un moteur tr\u00e8s solide et fiable.<\/li>\n<li>\u2022 Alternateur monophas\u00e9 6,4 Kva avec AVR, garantissant une alimentation de haute pr\u00e9cision sans pic, ce qui est indispensable lorsque vous devez connecter des appareils int\u00e9grant des cartes \u00e9lectroniques.<\/li>\n<li>\u2022 R\u00e9servoir de carburant m\u00e9tallique d&rsquo;une capacit\u00e9 de 25 litres.<\/li>\n<\/ul>\n<p>Le g\u00e9n\u00e9rateur \u00e0 essence 6000 AVR est \u00e9galement disponible avec d\u00e9marrage \u00e9lectrique<\/p>\n<table class=\"table-data-sheet\">\n<tbody>\n<tr class=\"odd\">\n<td>Moteur<\/td>\n<td>R420<\/td>\n<\/tr>\n<tr class=\"even\">\n<td>HP \/ CC<\/td>\n<td>11,5 \/ 420<\/td>\n<\/tr>\n<tr class=\"odd\">\n<td>poids (kg)<\/td>\n<td>81.5<\/td>\n<\/tr>\n<tr class=\"even\">\n<td>d\u00e9but<\/td>\n<td>Manuel<\/td>\n<\/tr>\n<tr class=\"odd\">\n<td>Pouvez.\u00a0Acoustique<\/td>\n<td>96 dB (A)<\/td>\n<\/tr>\n<tr class=\"even\">\n<td>Dimensions (mm)<\/td>\n<td>683 x 540 x 542 mm<\/td>\n<\/tr>\n<tr class=\"odd\">\n<td>Pouvez.\u00a0max.<\/td>\n<td>7 kva<\/td>\n<\/tr>\n<tr class=\"even\">\n<td>Intensit\u00e9 de courant<\/td>\n<td>26 A<\/td>\n<\/tr>\n<tr class=\"odd\">\n<td>Puissance continue<\/td>\n<td>6,4 kva<\/td>\n<\/tr>\n<tr class=\"even\">\n<td>Autonomie<\/td>\n<td>9 h<\/td>\n<\/tr>\n<\/tbody>\n<\/table>\n","protected":false},"excerpt":{"rendered":"<p>Le g\u00e9n\u00e9rateur \u00e9lectrique BENZA BX 60000 AVR est fabriqu\u00e9 avec un moteur R420<\/p>\n<p>\u25ba Puissance: 5,5 Kw \/ 7 Kva<\/p>\n<p>\u25ba HP \/ DC 11,5 \/ 420<\/p>\n<p>\u25ba D\u00e9marrage manuel<\/p>\n<p>\u25ba Essence monophas\u00e9e<\/p>\n","protected":false},"featured_media":366,"template":"","meta":[],"brands":[{"id":50,"name":"BENZA","slug":"benza"}],"_links":{"self":[{"href":"https:\/\/www.le-professionnel.com\/index.php?rest_route=\/wp\/v2\/product\/365"}],"collection":[{"href":"https:\/\/www.le-professionnel.com\/index.php?rest_route=\/wp\/v2\/product"}],"about":[{"href":"https:\/\/www.le-professionnel.com\/index.php?rest_route=\/wp\/v2\/types\/product"}],"version-history":[{"count":0,"href":"https:\/\/www.le-professionnel.com\/index.php?rest_route=\/wp\/v2\/product\/365\/revisions"}],"wp:featuredmedia":[{"embeddable":true,"href":"https:\/\/www.le-professionnel.com\/index.php?rest_route=\/wp\/v2\/media\/366"}],"wp:attachment":[{"href":"https:\/\/www.le-professionnel.com\/index.php?rest_route=%2Fwp%2Fv2%2Fmedia&parent=365"}],"curies":[{"name":"wp","href":"https:\/\/api.w.org\/{rel}","templated":true}]}}