{"id":362,"date":"2020-07-23T07:48:49","date_gmt":"2020-07-23T07:48:49","guid":{"rendered":"http:\/\/www.le-professionnel.com\/?post_type=product&#038;p=362"},"modified":"2020-07-23T09:16:49","modified_gmt":"2020-07-23T09:16:49","slug":"groupe-electrogene-e2200","status":"publish","type":"product","link":"https:\/\/www.le-professionnel.com\/?product=groupe-electrogene-e2200","title":{"rendered":"G\u00e9n\u00e9rateur E2200"},"content":{"rendered":"<p>Le\u00a0<strong>g\u00e9n\u00e9rateur d&rsquo;essence monophas\u00e9 BENZA E2200<\/strong>\u00a0\u00a0a \u00e9t\u00e9 fabriqu\u00e9 en\u00a0<strong>pensant<\/strong>\u00a0\u00e0 l&rsquo;utilisateur professionnel.<\/p>\n<p>Ce g\u00e9n\u00e9rateur a un ch\u00e2ssis renforc\u00e9 de 35 mm.\u00a0de diam\u00e8tre, avec une plaque de protection sup\u00e9rieure pour prot\u00e9ger l&rsquo;alternateur, le moteur et les composants internes des chocs.\u00a0Parfait pour tous les utilisateurs et travaux.\u00a0Le g\u00e9n\u00e9rateur comprend une protection contre les contacts \u00e9lectriques indirects en standard.<\/p>\n<p>Le g\u00e9n\u00e9rateur \u00e0 essence monophas\u00e9 polyvalent et l\u00e9ger est id\u00e9al pour les petits travaux, g\u00e9n\u00e9rant une puissance continue allant jusqu&rsquo;\u00e0 2,2 Kvas.\u00a0Sa taille compacte et sa conception robuste garantissent un fonctionnement durable.\u00a0Les composants haut de gamme garantissent une puissance \u00e9lev\u00e9e et fiable.<\/p>\n<p><strong>Caract\u00e9ristiques du g\u00e9n\u00e9rateur \u00e0 essence E2200<\/strong><\/p>\n<ul>\n<li>\u2022 Le g\u00e9n\u00e9rateur est \u00e9quip\u00e9 en standard d&rsquo;un diff\u00e9rentiel comme mesure de s\u00e9curit\u00e9 pour prot\u00e9ger l&rsquo;utilisateur.<\/li>\n<li>\u2022 Le moteur \u00e0 essence quatre temps Subaru EX17 d&rsquo;une puissance de 6,0 CV et d&rsquo;une garantie de 3 ans.<\/li>\n<li>\u2022 Le g\u00e9n\u00e9rateur est \u00e9quip\u00e9 d&rsquo;un alternateur Linz monophas\u00e9 2,2 Kva, avec un standard d&rsquo;isolation contre la poussi\u00e8re et les projections d&rsquo;eau (IP23).<\/li>\n<li>\u2022 L&rsquo;ensemble moteur et alternateur du g\u00e9n\u00e9rateur est prot\u00e9g\u00e9 par un ch\u00e2ssis en acier renforc\u00e9 de 35 mm de diam\u00e8tre.<\/li>\n<li>\u2022\u00a0\u00a0Capacit\u00e9 du r\u00e9servoir d&rsquo;essence de 3,6 litres<\/li>\n<\/ul>\n<table class=\"table-data-sheet\">\n<tbody>\n<tr class=\"odd\">\n<td>Moteur<\/td>\n<td>Subaru EX 17<\/td>\n<\/tr>\n<tr class=\"even\">\n<td>HP \/ CC<\/td>\n<td>169 cm3 6 ch<\/td>\n<\/tr>\n<tr class=\"odd\">\n<td>Puissance kw \/ kva<\/td>\n<td>1,8 kW \u00e0 2,2 kV<\/td>\n<\/tr>\n<tr class=\"even\">\n<td>poids (kg)<\/td>\n<td>32,2<\/td>\n<\/tr>\n<tr class=\"odd\">\n<td>d\u00e9but<\/td>\n<td>Manuel<\/td>\n<\/tr>\n<tr class=\"even\">\n<td>Pouvez.\u00a0Acoustique<\/td>\n<td>94 dbA<\/td>\n<\/tr>\n<tr class=\"odd\">\n<td>Pouvez.\u00a0max.<\/td>\n<td>2,4 kva<\/td>\n<\/tr>\n<tr class=\"even\">\n<td>Consommation<\/td>\n<td>1,6 l\/h<\/td>\n<\/tr>\n<tr class=\"odd\">\n<td>Intensit\u00e9 de courant<\/td>\n<td>9 A<\/td>\n<\/tr>\n<tr class=\"even\">\n<td>Autonomie<\/td>\n<td>3 h 50<\/td>\n<\/tr>\n<tr class=\"odd\">\n<td>Dim. (LxAnxAl)<\/td>\n<td>545 x 350 x 435<\/td>\n<\/tr>\n<\/tbody>\n<\/table>\n","protected":false},"excerpt":{"rendered":"<p>Groupe\u00a0<strong>\u00e9lectrog\u00e8ne \u00e0 essence monophas\u00e9<\/strong>\u00a0fabriqu\u00e9 avec moteur Subaru EX17<\/p>\n<p>\u25ba Puissance: 1,8 Kw \/ 2,2 Kva<\/p>\n<p>\u25ba D\u00e9marrage manuel<\/p>\n","protected":false},"featured_media":363,"template":"","meta":[],"brands":[{"id":50,"name":"BENZA","slug":"benza"}],"_links":{"self":[{"href":"https:\/\/www.le-professionnel.com\/index.php?rest_route=\/wp\/v2\/product\/362"}],"collection":[{"href":"https:\/\/www.le-professionnel.com\/index.php?rest_route=\/wp\/v2\/product"}],"about":[{"href":"https:\/\/www.le-professionnel.com\/index.php?rest_route=\/wp\/v2\/types\/product"}],"version-history":[{"count":1,"href":"https:\/\/www.le-professionnel.com\/index.php?rest_route=\/wp\/v2\/product\/362\/revisions"}],"predecessor-version":[{"id":364,"href":"https:\/\/www.le-professionnel.com\/index.php?rest_route=\/wp\/v2\/product\/362\/revisions\/364"}],"wp:featuredmedia":[{"embeddable":true,"href":"https:\/\/www.le-professionnel.com\/index.php?rest_route=\/wp\/v2\/media\/363"}],"wp:attachment":[{"href":"https:\/\/www.le-professionnel.com\/index.php?rest_route=%2Fwp%2Fv2%2Fmedia&parent=362"}],"curies":[{"name":"wp","href":"https:\/\/api.w.org\/{rel}","templated":true}]}}