{"id":358,"date":"2020-07-23T06:56:31","date_gmt":"2020-07-23T06:56:31","guid":{"rendered":"http:\/\/www.le-professionnel.com\/?post_type=product&#038;p=358"},"modified":"2020-07-23T09:15:15","modified_gmt":"2020-07-23T09:15:15","slug":"groupe-electrogene-bx-3000-avr","status":"publish","type":"product","link":"https:\/\/www.le-professionnel.com\/?product=groupe-electrogene-bx-3000-avr","title":{"rendered":"G\u00e9n\u00e9rateur BX 3000 AVR"},"content":{"rendered":"<p>Les g\u00e9n\u00e9rateurs \u00e9lectriques BENZA BX 3000 AVR sont faciles \u00e0 utiliser et avec une structure simple, ce sont des g\u00e9n\u00e9rateurs avec des niveaux de consommation r\u00e9duits et les niveaux de bruit les plus bas de leur gamme.<\/p>\n<p>Le BX3000AVR est un g\u00e9n\u00e9rateur monophas\u00e9 \u00e0 essence.<\/p>\n<p>G\u00e9n\u00e9rateur l\u00e9ger et fiable de 3,0 Kva, avec de bonnes performances techniques \u00e0 un prix comp\u00e9titif.\u00a0Il int\u00e8gre en standard un alternateur avec AVR, ce qui \u00e9limine tout risque d&rsquo;endommagement des appareils de haute technologie ou des outils \u00e0 r\u00e9gulation \u00e9lectronique.\u00a0Le g\u00e9n\u00e9rateur dispose d&rsquo;un grand r\u00e9servoir m\u00e9tallique de 15 litres, et son panneau int\u00e9grant deux prises, un voltm\u00e8tre, un diff\u00e9rentiel et une prise 12V, compl\u00e8tent un g\u00e9n\u00e9rateur tr\u00e8s polyvalent adapt\u00e9 \u00e0 une grande vari\u00e9t\u00e9 de travaux.<\/p>\n<ul>\n<li>\u2022 Le g\u00e9n\u00e9rateur est \u00e9quip\u00e9 en standard d&rsquo;un diff\u00e9rentiel comme mesure de s\u00e9curit\u00e9 pour prot\u00e9ger l&rsquo;utilisateur.<\/li>\n<li>\u2022 Le groupe \u00e9lectrog\u00e8ne \u00e0 essence dispose d&rsquo;un moteur \u00e0 quatre temps Rato R210, d&rsquo;une puissance de 5,7 CV, convainc par sa fiabilit\u00e9, ses performances \u00e9lev\u00e9es, sa facilit\u00e9 de d\u00e9marrage et sa longue dur\u00e9e de vie.<\/li>\n<li>\u2022 L&rsquo;alternateur monophas\u00e9 de 3,0 Kva, avec AVR, garantit au g\u00e9n\u00e9rateur une alimentation de haute pr\u00e9cision sans pointes, ce qui est essentiel lorsque vous devez connecter des appareils int\u00e9grant des cartes \u00e9lectroniques.<\/li>\n<li>\u2022 R\u00e9servoir de carburant m\u00e9tallique de 15 litres qui offre une grande autonomie, facilitant le travail du g\u00e9n\u00e9rateur \u00e0 essence sans avoir \u00e0 faire le plein fr\u00e9quemment.<\/li>\n<\/ul>\n<p>Accessoires disponibles pour le g\u00e9n\u00e9rateur BX3<\/p>\n<p>\u25ba\u00a0\u00a0Kit roue de transport<\/p>\n<table class=\"table-data-sheet\">\n<tbody>\n<tr class=\"odd\">\n<td>Moteur<\/td>\n<td>R210<\/td>\n<\/tr>\n<tr class=\"even\">\n<td>HP \/ CC<\/td>\n<td>5,7 \/ 212<\/td>\n<\/tr>\n<tr class=\"odd\">\n<td>poids (kg)<\/td>\n<td>48,5<\/td>\n<\/tr>\n<tr class=\"even\">\n<td>d\u00e9but<\/td>\n<td>Manuel<\/td>\n<\/tr>\n<tr class=\"odd\">\n<td>Pouvez.\u00a0Acoustique<\/td>\n<td>96 dB<\/td>\n<\/tr>\n<tr class=\"even\">\n<td>Pouvez.\u00a0max.<\/td>\n<td>3,75 KVA<\/td>\n<\/tr>\n<tr class=\"odd\">\n<td>Intensit\u00e9 de courant<\/td>\n<td>12 A<\/td>\n<\/tr>\n<tr class=\"even\">\n<td>Puissance continue<\/td>\n<td>3,4 KVA<\/td>\n<\/tr>\n<tr class=\"odd\">\n<td>Autonomie<\/td>\n<td>9 h<\/td>\n<\/tr>\n<tr class=\"even\">\n<td>Dim. (LxAnxAl)<\/td>\n<td>593 x 475 x 468 mm<\/td>\n<\/tr>\n<\/tbody>\n<\/table>\n","protected":false},"excerpt":{"rendered":"<p>Les g\u00e9n\u00e9rateurs \u00e9lectriques BENZA BX 3000 AVR ont un moteur R210<\/p>\n<p>\u25ba Puissance: 3 Kw \/ 3,75 Kva<\/p>\n<p>\u25ba HP \/ DC 5,7 \/ 210<\/p>\n<p>\u25ba D\u00e9marrage manuel<\/p>\n<p>\u25ba Essence monophas\u00e9e<\/p>\n","protected":false},"featured_media":357,"template":"","meta":[],"brands":[{"id":50,"name":"BENZA","slug":"benza"}],"_links":{"self":[{"href":"https:\/\/www.le-professionnel.com\/index.php?rest_route=\/wp\/v2\/product\/358"}],"collection":[{"href":"https:\/\/www.le-professionnel.com\/index.php?rest_route=\/wp\/v2\/product"}],"about":[{"href":"https:\/\/www.le-professionnel.com\/index.php?rest_route=\/wp\/v2\/types\/product"}],"version-history":[{"count":0,"href":"https:\/\/www.le-professionnel.com\/index.php?rest_route=\/wp\/v2\/product\/358\/revisions"}],"wp:featuredmedia":[{"embeddable":true,"href":"https:\/\/www.le-professionnel.com\/index.php?rest_route=\/wp\/v2\/media\/357"}],"wp:attachment":[{"href":"https:\/\/www.le-professionnel.com\/index.php?rest_route=%2Fwp%2Fv2%2Fmedia&parent=358"}],"curies":[{"name":"wp","href":"https:\/\/api.w.org\/{rel}","templated":true}]}}