{"id":3578,"date":"2021-04-12T12:39:41","date_gmt":"2021-04-12T12:39:41","guid":{"rendered":"http:\/\/www.le-professionnel.com\/?post_type=product&#038;p=3578"},"modified":"2021-04-12T12:39:42","modified_gmt":"2021-04-12T12:39:42","slug":"pince-a-epiler-haute-precision-droite-180-mm-6941180","status":"publish","type":"product","link":"https:\/\/www.le-professionnel.com\/?product=pince-a-epiler-haute-precision-droite-180-mm-6941180","title":{"rendered":"Pince \u00e0 \u00e9piler haute pr\u00e9cision, droite, 180 mm  6941180"},"content":{"rendered":"","protected":false},"excerpt":{"rendered":"","protected":false},"featured_media":3579,"template":"","meta":[],"brands":[{"id":29,"name":"FORCE","slug":"force"}],"_links":{"self":[{"href":"https:\/\/www.le-professionnel.com\/index.php?rest_route=\/wp\/v2\/product\/3578"}],"collection":[{"href":"https:\/\/www.le-professionnel.com\/index.php?rest_route=\/wp\/v2\/product"}],"about":[{"href":"https:\/\/www.le-professionnel.com\/index.php?rest_route=\/wp\/v2\/types\/product"}],"version-history":[{"count":1,"href":"https:\/\/www.le-professionnel.com\/index.php?rest_route=\/wp\/v2\/product\/3578\/revisions"}],"predecessor-version":[{"id":3580,"href":"https:\/\/www.le-professionnel.com\/index.php?rest_route=\/wp\/v2\/product\/3578\/revisions\/3580"}],"wp:featuredmedia":[{"embeddable":true,"href":"https:\/\/www.le-professionnel.com\/index.php?rest_route=\/wp\/v2\/media\/3579"}],"wp:attachment":[{"href":"https:\/\/www.le-professionnel.com\/index.php?rest_route=%2Fwp%2Fv2%2Fmedia&parent=3578"}],"curies":[{"name":"wp","href":"https:\/\/api.w.org\/{rel}","templated":true}]}}