{"id":3558,"date":"2021-04-12T11:56:18","date_gmt":"2021-04-12T11:56:18","guid":{"rendered":"http:\/\/www.le-professionnel.com\/?post_type=product&#038;p=3558"},"modified":"2021-04-12T11:56:19","modified_gmt":"2021-04-12T11:56:19","slug":"cle-en-croix-coulissante-681600","status":"publish","type":"product","link":"https:\/\/www.le-professionnel.com\/?product=cle-en-croix-coulissante-681600","title":{"rendered":"Cl\u00e9 en croix coulissante 681600"},"content":{"rendered":"<p>Cl\u00e9 pliable avec poign\u00e9e coulissante pour plus de d\u00e9multiplication.<br \/>\nId\u00e9al pour transporteur, utilitaires, camions, tracteurs, engins agricoles etc.<br \/>\nTailles: 24 &#8211; 27 &#8211; 32 mm et d&rsquo;un carr\u00e9 3\/4&Prime;<br \/>\nFinition satin\u00e9e en acier sp\u00e9cial.<br \/>\nPoids: 3180 gr.<br \/>\nLongueur: 600 mm.<\/p>\n","protected":false},"excerpt":{"rendered":"<p>Cl\u00e9 pliable avec poign\u00e9e coulissante pour plus de d\u00e9multiplication. Id\u00e9al pour transporteur, utilitaires, camions, tracteurs, engins agricoles etc. Tailles: 24&#8230;<\/p>\n","protected":false},"featured_media":3559,"template":"","meta":[],"brands":[{"id":29,"name":"FORCE","slug":"force"}],"_links":{"self":[{"href":"https:\/\/www.le-professionnel.com\/index.php?rest_route=\/wp\/v2\/product\/3558"}],"collection":[{"href":"https:\/\/www.le-professionnel.com\/index.php?rest_route=\/wp\/v2\/product"}],"about":[{"href":"https:\/\/www.le-professionnel.com\/index.php?rest_route=\/wp\/v2\/types\/product"}],"version-history":[{"count":1,"href":"https:\/\/www.le-professionnel.com\/index.php?rest_route=\/wp\/v2\/product\/3558\/revisions"}],"predecessor-version":[{"id":3560,"href":"https:\/\/www.le-professionnel.com\/index.php?rest_route=\/wp\/v2\/product\/3558\/revisions\/3560"}],"wp:featuredmedia":[{"embeddable":true,"href":"https:\/\/www.le-professionnel.com\/index.php?rest_route=\/wp\/v2\/media\/3559"}],"wp:attachment":[{"href":"https:\/\/www.le-professionnel.com\/index.php?rest_route=%2Fwp%2Fv2%2Fmedia&parent=3558"}],"curies":[{"name":"wp","href":"https:\/\/api.w.org\/{rel}","templated":true}]}}