{"id":3500,"date":"2021-03-02T14:26:30","date_gmt":"2021-03-02T14:26:30","guid":{"rendered":"http:\/\/www.le-professionnel.com\/?post_type=product&#038;p=3500"},"modified":"2021-03-02T14:26:31","modified_gmt":"2021-03-02T14:26:31","slug":"rabot-electrique-gho-26-82-d","status":"publish","type":"product","link":"https:\/\/www.le-professionnel.com\/?product=rabot-electrique-gho-26-82-d","title":{"rendered":"Rabot \u00e9lectrique GHO 26-82 D"},"content":{"rendered":"<div class=\"row\">\n<div class=\"col-xs-12\">\n<div class=\"headline hl1\">Caract\u00e9ristiques techniques<\/div>\n<\/div>\n<\/div>\n<div class=\"row\">\n<div class=\"col-lg-8 col-xs-12\">\n<table class=\"table\">\n<colgroup>\n<col class=\"col-xs-5\" \/>\n<col class=\"col-xs-3\" \/><\/colgroup>\n<thead>\n<tr>\n<th class=\"headline hl4\" colspan=\"2\">Donn\u00e9es suppl\u00e9mentaires<\/th>\n<\/tr>\n<\/thead>\n<tbody>\n<tr>\n<td>Puissance absorb\u00e9e nominale<\/td>\n<td>710\u00a0W<\/td>\n<\/tr>\n<tr>\n<td>Largeur de rabotage<\/td>\n<td>82\u00a0mm<\/td>\n<\/tr>\n<tr>\n<td>Profondeur de rabotage<\/td>\n<td>2.6\u00a0mm<\/td>\n<\/tr>\n<tr>\n<td>\u00c9paisseur de feuillure r\u00e9glable<\/td>\n<td>9\u00a0mm<\/td>\n<\/tr>\n<tr>\n<td>Poids<\/td>\n<td>2,8\u00a0kg<\/td>\n<\/tr>\n<tr>\n<td>R\u00e9gime \u00e0 vide<\/td>\n<td>18\u00a0000\u00a0t\/min<\/td>\n<\/tr>\n<\/tbody>\n<\/table>\n<\/div>\n<\/div>\n","protected":false},"excerpt":{"rendered":"<h2 class=\"headline hl1\">Avantages<\/h2>\n<div class=\"row\">\n<div class=\"col-md-6\">\n<div class=\"m-product_hightlights__content-wrapper\">\n<h3 class=\"headline hl4\">Grand confort d\u2019utilisation gr\u00e2ce \u00e0 l\u2019\u00e9jection des copeaux des deux c\u00f4t\u00e9s et \u00e0 la profondeur de passe r\u00e9glable en continu jusqu\u2019\u00e0 2,6 mm<\/h3>\n<p class=\"m-product_hightlights__paragraph\">\n<ul class=\"m-product_hightlights__list\">\n<li>Puissant moteur de 710 W pour des profondeurs de passe jusqu\u2019\u00e0 2,6 mm<\/li>\n<li>Semelle robuste et plane en aluminium pour des r\u00e9sultats parfaits<\/li>\n<li>Ejection des copeaux droite\/gauche au choix<\/li>\n<\/ul>\n<\/div>\n<\/div>\n<\/div>\n","protected":false},"featured_media":3501,"template":"","meta":[],"brands":[{"id":19,"name":"BOSCH","slug":"bosch"}],"_links":{"self":[{"href":"https:\/\/www.le-professionnel.com\/index.php?rest_route=\/wp\/v2\/product\/3500"}],"collection":[{"href":"https:\/\/www.le-professionnel.com\/index.php?rest_route=\/wp\/v2\/product"}],"about":[{"href":"https:\/\/www.le-professionnel.com\/index.php?rest_route=\/wp\/v2\/types\/product"}],"version-history":[{"count":1,"href":"https:\/\/www.le-professionnel.com\/index.php?rest_route=\/wp\/v2\/product\/3500\/revisions"}],"predecessor-version":[{"id":3502,"href":"https:\/\/www.le-professionnel.com\/index.php?rest_route=\/wp\/v2\/product\/3500\/revisions\/3502"}],"wp:featuredmedia":[{"embeddable":true,"href":"https:\/\/www.le-professionnel.com\/index.php?rest_route=\/wp\/v2\/media\/3501"}],"wp:attachment":[{"href":"https:\/\/www.le-professionnel.com\/index.php?rest_route=%2Fwp%2Fv2%2Fmedia&parent=3500"}],"curies":[{"name":"wp","href":"https:\/\/api.w.org\/{rel}","templated":true}]}}