{"id":3455,"date":"2021-03-02T13:23:11","date_gmt":"2021-03-02T13:23:11","guid":{"rendered":"http:\/\/www.le-professionnel.com\/?post_type=product&#038;p=3455"},"modified":"2021-03-02T13:23:12","modified_gmt":"2021-03-02T13:23:12","slug":"perceuse-a-percussion-gsb-21-2-re","status":"publish","type":"product","link":"https:\/\/www.le-professionnel.com\/?product=perceuse-a-percussion-gsb-21-2-re","title":{"rendered":"Perceuse \u00e0 percussion GSB 21-2 RE"},"content":{"rendered":"<div class=\"row\">\n<div class=\"col-xs-12\">\n<div class=\"headline hl1\">Caract\u00e9ristiques techniques<\/div>\n<\/div>\n<\/div>\n<div class=\"row\">\n<div class=\"col-lg-8 col-xs-12\">\n<table class=\"table\">\n<colgroup>\n<col class=\"col-xs-5\" \/>\n<col class=\"col-xs-3\" \/><\/colgroup>\n<thead>\n<tr>\n<th class=\"headline hl4\" colspan=\"2\">Donn\u00e9es suppl\u00e9mentaires<\/th>\n<\/tr>\n<\/thead>\n<tbody>\n<tr>\n<td>Puissance absorb\u00e9e nominale<\/td>\n<td>1\u00a0100<\/td>\n<\/tr>\n<tr>\n<td>Poids<\/td>\n<td>2,85<\/td>\n<\/tr>\n<tr>\n<td>Dimensions de l\u2019outil (largeur)<\/td>\n<td>81<\/td>\n<\/tr>\n<tr>\n<td>Dimensions de l\u2019outil (longueur)<\/td>\n<td>363<\/td>\n<\/tr>\n<tr>\n<td>Dimensions de l\u2019outil (hauteur)<\/td>\n<td>220<\/td>\n<\/tr>\n<tr>\n<td>Vitesse de rotation nominale<\/td>\n<td>580 \/ 1.900\u00a0t\/min<\/td>\n<\/tr>\n<tr>\n<td>Couple nominal<\/td>\n<td>9=6 \/ 3=2\u00a0Nm<\/td>\n<\/tr>\n<tr>\n<td>Plage de serrage du mandrin, min.\/max.<\/td>\n<td>1=5 \u2013 13\u00a0mm<\/td>\n<\/tr>\n<tr>\n<td>Couple maxi.<\/td>\n<td>40=0 \/ 14=5\u00a0Nm<\/td>\n<\/tr>\n<tr>\n<td>R\u00e9gime \u00e0 vide, 1\u00e8re vitesse<\/td>\n<td>0 \u2013 900\u00a0t\/min<\/td>\n<\/tr>\n<tr>\n<td>R\u00e9gime \u00e0 vide, vitesse 2<\/td>\n<td>3.000\u00a0t\/min<\/td>\n<\/tr>\n<tr>\n<td>Puissance restitu\u00e9e<\/td>\n<td>630<\/td>\n<\/tr>\n<tr>\n<td>Filetage de la broche de per\u00e7age<\/td>\n<td>1\/2&Prime; \u2013 20 UNF<\/td>\n<\/tr>\n<tr>\n<td>Fr\u00e9quence de frappe \u00e0 vide<\/td>\n<td>0 \u2013 15.300 \/ 51.000\u00a0cps\/min<\/td>\n<\/tr>\n<\/tbody>\n<\/table>\n<table class=\"table\">\n<colgroup>\n<col class=\"col-xs-5\" \/>\n<col class=\"col-xs-3\" \/><\/colgroup>\n<thead>\n<tr>\n<th class=\"headline hl4\" colspan=\"2\">Plage de per\u00e7age<\/th>\n<\/tr>\n<\/thead>\n<tbody>\n<tr>\n<td>\u00d8 de per\u00e7age dans la ma\u00e7onnerie<\/td>\n<td>24 \/ 16\u00a0mm<\/td>\n<\/tr>\n<tr>\n<td>\u00d8 per\u00e7age b\u00e9ton<\/td>\n<td>22 \/ 13\u00a0mm<\/td>\n<\/tr>\n<tr>\n<td>\u00d8 per\u00e7age bois<\/td>\n<td>40 \/ 25\u00a0mm<\/td>\n<\/tr>\n<tr>\n<td>\u00d8 per\u00e7age acier<\/td>\n<td>16 \/ 8\u00a0mm<\/td>\n<\/tr>\n<\/tbody>\n<\/table>\n<table class=\"table\">\n<colgroup>\n<col class=\"col-xs-5\" \/>\n<col class=\"col-xs-3\" \/><\/colgroup>\n<thead>\n<tr>\n<th class=\"headline hl4\" colspan=\"2\">Valeurs totales des vibrations (Per\u00e7age dans le m\u00e9tal)<\/th>\n<\/tr>\n<\/thead>\n<tbody>\n<tr>\n<td>Valeur d\u2019\u00e9mission vibratoire ah<\/td>\n<td>5,6<\/td>\n<\/tr>\n<tr>\n<td>Incertitude K<\/td>\n<td>1,5<\/td>\n<\/tr>\n<\/tbody>\n<\/table>\n<table class=\"table\">\n<colgroup>\n<col class=\"col-xs-5\" \/>\n<col class=\"col-xs-3\" \/><\/colgroup>\n<thead>\n<tr>\n<th class=\"headline hl4\" colspan=\"2\">Valeurs totales des vibrations (Per\u00e7age avec percussion dans le b\u00e9ton)<\/th>\n<\/tr>\n<\/thead>\n<tbody>\n<tr>\n<td>Valeur d\u2019\u00e9mission vibratoire ah<\/td>\n<td>14,6<\/td>\n<\/tr>\n<tr>\n<td>Incertitude K<\/td>\n<td>1,8<\/td>\n<\/tr>\n<\/tbody>\n<\/table>\n<table class=\"table\">\n<colgroup>\n<col class=\"col-xs-5\" \/>\n<col class=\"col-xs-3\" \/><\/colgroup>\n<thead>\n<tr>\n<th class=\"headline hl4\" colspan=\"2\">Valeurs totales des vibrations (Vissage)<\/th>\n<\/tr>\n<\/thead>\n<tbody>\n<tr>\n<td>Valeur d\u2019\u00e9mission vibratoire ah<\/td>\n<td>2,5<\/td>\n<\/tr>\n<tr>\n<td>Incertitude K<\/td>\n<td>1,5<\/td>\n<\/tr>\n<\/tbody>\n<\/table>\n<\/div>\n<\/div>\n","protected":false},"excerpt":{"rendered":"<h2 class=\"headline hl1\">Avantages<\/h2>\n<div class=\"row\">\n<div class=\"col-md-6\">\n<div class=\"m-product_hightlights__content-wrapper\">\n<h3 class=\"headline hl4\">La plus puissante de sa cat\u00e9gorie pour les applications les plus exigeantes<\/h3>\n<p class=\"m-product_hightlights__paragraph\">\n<ul class=\"m-product_hightlights__list\">\n<li>Moteur haute performance Bosch (1 100 W) dot\u00e9 d\u2019un couple \u00e9lev\u00e9 pour des applications difficiles avec de gros diam\u00e8tres (per\u00e7age avec foret, per\u00e7age avec scie-tr\u00e9pan, per\u00e7age avec scie-cloche, vissage et malaxage)<\/li>\n<li>Carter en m\u00e9tal robuste pour une grande long\u00e9vit\u00e9<\/li>\n<li>D\u00e9brayage de s\u00e9curit\u00e9 m\u00e9canique antirotation pour une s\u00e9curit\u00e9 de travail \u00e9lev\u00e9e m\u00eame lors des sollicitations les plus extr\u00eames<\/li>\n<\/ul>\n<\/div>\n<\/div>\n<\/div>\n","protected":false},"featured_media":3456,"template":"","meta":[],"brands":[{"id":19,"name":"BOSCH","slug":"bosch"}],"_links":{"self":[{"href":"https:\/\/www.le-professionnel.com\/index.php?rest_route=\/wp\/v2\/product\/3455"}],"collection":[{"href":"https:\/\/www.le-professionnel.com\/index.php?rest_route=\/wp\/v2\/product"}],"about":[{"href":"https:\/\/www.le-professionnel.com\/index.php?rest_route=\/wp\/v2\/types\/product"}],"version-history":[{"count":1,"href":"https:\/\/www.le-professionnel.com\/index.php?rest_route=\/wp\/v2\/product\/3455\/revisions"}],"predecessor-version":[{"id":3457,"href":"https:\/\/www.le-professionnel.com\/index.php?rest_route=\/wp\/v2\/product\/3455\/revisions\/3457"}],"wp:featuredmedia":[{"embeddable":true,"href":"https:\/\/www.le-professionnel.com\/index.php?rest_route=\/wp\/v2\/media\/3456"}],"wp:attachment":[{"href":"https:\/\/www.le-professionnel.com\/index.php?rest_route=%2Fwp%2Fv2%2Fmedia&parent=3455"}],"curies":[{"name":"wp","href":"https:\/\/api.w.org\/{rel}","templated":true}]}}