{"id":3367,"date":"2021-01-26T09:45:07","date_gmt":"2021-01-26T09:45:07","guid":{"rendered":"http:\/\/www.le-professionnel.com\/?post_type=product&#038;p=3367"},"modified":"2021-01-26T09:45:09","modified_gmt":"2021-01-26T09:45:09","slug":"62530-pince-pour-collier-de-serrage","status":"publish","type":"product","link":"https:\/\/www.le-professionnel.com\/?product=62530-pince-pour-collier-de-serrage","title":{"rendered":"62530 Pince pour collier de serrage"},"content":{"rendered":"<p><span>Pince pour colliers de serrage avec supports de prisme rigides pour colliers \u00e0 ressort auto-tendeurs avec extr\u00e9mit\u00e9s de serrage plates (\u00ab\u00a0type W\u00a0\u00bb) comme sur les v\u00e9hicules VAG.<\/span><br \/>\n<span>\u00c0 utiliser avec les conduites de carburant et les tuyaux d&rsquo;a\u00e9ration de r\u00e9servoir d&rsquo;Audi, Seat, Skoda et VW.<\/span><\/p>\n","protected":false},"excerpt":{"rendered":"<p>Pince pour colliers de serrage avec supports de prisme rigides pour colliers \u00e0 ressort auto-tendeurs avec extr\u00e9mit\u00e9s de serrage plates&#8230;<\/p>\n","protected":false},"featured_media":3368,"template":"","meta":[],"brands":[{"id":29,"name":"FORCE","slug":"force"}],"_links":{"self":[{"href":"https:\/\/www.le-professionnel.com\/index.php?rest_route=\/wp\/v2\/product\/3367"}],"collection":[{"href":"https:\/\/www.le-professionnel.com\/index.php?rest_route=\/wp\/v2\/product"}],"about":[{"href":"https:\/\/www.le-professionnel.com\/index.php?rest_route=\/wp\/v2\/types\/product"}],"version-history":[{"count":1,"href":"https:\/\/www.le-professionnel.com\/index.php?rest_route=\/wp\/v2\/product\/3367\/revisions"}],"predecessor-version":[{"id":3369,"href":"https:\/\/www.le-professionnel.com\/index.php?rest_route=\/wp\/v2\/product\/3367\/revisions\/3369"}],"wp:featuredmedia":[{"embeddable":true,"href":"https:\/\/www.le-professionnel.com\/index.php?rest_route=\/wp\/v2\/media\/3368"}],"wp:attachment":[{"href":"https:\/\/www.le-professionnel.com\/index.php?rest_route=%2Fwp%2Fv2%2Fmedia&parent=3367"}],"curies":[{"name":"wp","href":"https:\/\/api.w.org\/{rel}","templated":true}]}}