{"id":3305,"date":"2021-01-25T15:40:49","date_gmt":"2021-01-25T15:40:49","guid":{"rendered":"http:\/\/www.le-professionnel.com\/?post_type=product&#038;p=3305"},"modified":"2021-01-25T15:40:57","modified_gmt":"2021-01-25T15:40:57","slug":"807330016um-cle-a-bougie-16-3-8","status":"publish","type":"product","link":"https:\/\/www.le-professionnel.com\/?product=807330016um-cle-a-bougie-16-3-8","title":{"rendered":"807330016UM Cl\u00e9 \u00e0 bougie 16 3\/8"},"content":{"rendered":"<ul>\n<li>L&#8217;embout pour d\u00e9visser la bougie est aimant\u00e9 pour faciliter la mise en place ou l&rsquo;enl\u00e8vement<\/li>\n<li>Douille 12 pans 16mm<\/li>\n<li>Longueur 300mm<\/li>\n<\/ul>\n","protected":false},"excerpt":{"rendered":"<p>L&#8217;embout pour d\u00e9visser la bougie est aimant\u00e9 pour faciliter la mise en place ou l&rsquo;enl\u00e8vement Douille 12 pans 16mm Longueur&#8230;<\/p>\n","protected":false},"featured_media":3306,"template":"","meta":[],"brands":[{"id":29,"name":"FORCE","slug":"force"}],"_links":{"self":[{"href":"https:\/\/www.le-professionnel.com\/index.php?rest_route=\/wp\/v2\/product\/3305"}],"collection":[{"href":"https:\/\/www.le-professionnel.com\/index.php?rest_route=\/wp\/v2\/product"}],"about":[{"href":"https:\/\/www.le-professionnel.com\/index.php?rest_route=\/wp\/v2\/types\/product"}],"version-history":[{"count":2,"href":"https:\/\/www.le-professionnel.com\/index.php?rest_route=\/wp\/v2\/product\/3305\/revisions"}],"predecessor-version":[{"id":3309,"href":"https:\/\/www.le-professionnel.com\/index.php?rest_route=\/wp\/v2\/product\/3305\/revisions\/3309"}],"wp:featuredmedia":[{"embeddable":true,"href":"https:\/\/www.le-professionnel.com\/index.php?rest_route=\/wp\/v2\/media\/3306"}],"wp:attachment":[{"href":"https:\/\/www.le-professionnel.com\/index.php?rest_route=%2Fwp%2Fv2%2Fmedia&parent=3305"}],"curies":[{"name":"wp","href":"https:\/\/api.w.org\/{rel}","templated":true}]}}