{"id":3275,"date":"2021-01-25T15:06:37","date_gmt":"2021-01-25T15:06:37","guid":{"rendered":"http:\/\/www.le-professionnel.com\/?post_type=product&#038;p=3275"},"modified":"2021-01-25T16:24:17","modified_gmt":"2021-01-25T16:24:17","slug":"902g13-outils-reglage-arbre-a-came-vw-audi","status":"publish","type":"product","link":"https:\/\/www.le-professionnel.com\/?product=902g13-outils-reglage-arbre-a-came-vw-audi","title":{"rendered":"902G13 Outils r\u00e9glage arbre \u00e0 came VW \/ Audi"},"content":{"rendered":"<p>Cet outils permet la d\u00e9pose et le remontage de la soupape de commande du r\u00e9gleur d\u2019arbre \u00e0 cames avant la d\u00e9pose de la cha\u00eene de distribution ou le d\u00e9montage du moteur. Les 2 outils sont n\u00e9cessaire pour desserrer la fixation de l\u2019arbre \u00e0 cames sur la soupape de commande du r\u00e9gleur d\u2019arbre \u00e0 cames. OEM: T10352\/1, T10352<\/p>\n<p><strong>Mod\u00e8les:<\/strong><\/p>\n<ul>\n<li>VW Passat, Audi A3, A4, A5, Q5 1,8 et 2,0 Litre<\/li>\n<li>Audi A3 1.8 et 2.0 litre, 4V, TFSI avec cha\u00eene de distribution<\/li>\n<\/ul>\n","protected":false},"excerpt":{"rendered":"<p>Cet outils permet la d\u00e9pose et le remontage de la soupape de commande du r\u00e9gleur d\u2019arbre \u00e0 cames avant la&#8230;<\/p>\n","protected":false},"featured_media":3276,"template":"","meta":[],"brands":[{"id":29,"name":"FORCE","slug":"force"}],"_links":{"self":[{"href":"https:\/\/www.le-professionnel.com\/index.php?rest_route=\/wp\/v2\/product\/3275"}],"collection":[{"href":"https:\/\/www.le-professionnel.com\/index.php?rest_route=\/wp\/v2\/product"}],"about":[{"href":"https:\/\/www.le-professionnel.com\/index.php?rest_route=\/wp\/v2\/types\/product"}],"version-history":[{"count":1,"href":"https:\/\/www.le-professionnel.com\/index.php?rest_route=\/wp\/v2\/product\/3275\/revisions"}],"predecessor-version":[{"id":3277,"href":"https:\/\/www.le-professionnel.com\/index.php?rest_route=\/wp\/v2\/product\/3275\/revisions\/3277"}],"wp:featuredmedia":[{"embeddable":true,"href":"https:\/\/www.le-professionnel.com\/index.php?rest_route=\/wp\/v2\/media\/3276"}],"wp:attachment":[{"href":"https:\/\/www.le-professionnel.com\/index.php?rest_route=%2Fwp%2Fv2%2Fmedia&parent=3275"}],"curies":[{"name":"wp","href":"https:\/\/api.w.org\/{rel}","templated":true}]}}