{"id":3222,"date":"2021-01-25T14:03:47","date_gmt":"2021-01-25T14:03:47","guid":{"rendered":"http:\/\/www.le-professionnel.com\/?post_type=product&#038;p=3222"},"modified":"2021-01-25T14:03:52","modified_gmt":"2021-01-25T14:03:52","slug":"manometre-de-gonflage-numerique-9t0401d","status":"publish","type":"product","link":"https:\/\/www.le-professionnel.com\/?product=manometre-de-gonflage-numerique-9t0401d","title":{"rendered":"Manom\u00e8tre de gonflage num\u00e9rique 9T0401D"},"content":{"rendered":"<p><span>Gonfleur de pneus num\u00e9rique Force Tools \u00e0 usage professionnel gr\u00e2ce \u00e0 sa conception robuste et peut \u00eatre utilis\u00e9 pour le pompage et la purge des pneus de voiture et de moto.\u00a0La pompe est \u00e9quip\u00e9e d&rsquo;un tuyau en caoutchouc de 60 cm de long et d&rsquo;\u00e9paisseur sur le dessus.\u00a0Le manom\u00e8tre num\u00e9rique est extr\u00eamement pr\u00e9cis.<\/span><\/p>\n<p><strong><span>Caract\u00e9ristiques:<\/span><\/strong><\/p>\n<ul>\n<li><span>Pour contr\u00f4ler et remplir les pneus<\/span><\/li>\n<li><span>Bo\u00eetier composite ergonomique: isolant contre le froid, antid\u00e9rapant et \u00e0 faibles vibrations pour un travail confortable<\/span><\/li>\n<li><span>Fonctionnement simple avec un manom\u00e8tre de pr\u00e9cision num\u00e9rique avec protection contre la surpression<\/span><\/li>\n<li><span>Y compris la vanne \u00e0 boisseau<\/span><\/li>\n<li><span>Le manom\u00e8tre et l&rsquo;accouplement peuvent \u00eatre tourn\u00e9s \u00e0 360 \u00b0<\/span><\/li>\n<li><span>Grand manom\u00e8tre \u00d8 80 mm pour une bonne lisibilit\u00e9<\/span><\/li>\n<li><span>Manom\u00e8tre lumineux num\u00e9rique pour une pr\u00e9cision extr\u00eame<\/span><\/li>\n<li><span>Manom\u00e8tre recouvert de caoutchouc pour la protection contre les influences m\u00e9caniques<\/span><\/li>\n<li><span>Unit\u00e9s d&rsquo;affichage commutables: PSI, BAR, Kpa, kg \/ cm\u00b2<\/span><\/li>\n<li><span>Plage de mesure: 0,1 &#8211; 10 bar<\/span><\/li>\n<li><span>Pr\u00e9cision: \u00b1 1%<\/span><\/li>\n<\/ul>\n","protected":false},"excerpt":{"rendered":"<p>Gonfleur de pneus num\u00e9rique Force Tools \u00e0 usage professionnel gr\u00e2ce \u00e0 sa conception robuste et peut \u00eatre utilis\u00e9 pour le&#8230;<\/p>\n","protected":false},"featured_media":3223,"template":"","meta":[],"brands":[{"id":29,"name":"FORCE","slug":"force"}],"_links":{"self":[{"href":"https:\/\/www.le-professionnel.com\/index.php?rest_route=\/wp\/v2\/product\/3222"}],"collection":[{"href":"https:\/\/www.le-professionnel.com\/index.php?rest_route=\/wp\/v2\/product"}],"about":[{"href":"https:\/\/www.le-professionnel.com\/index.php?rest_route=\/wp\/v2\/types\/product"}],"version-history":[{"count":2,"href":"https:\/\/www.le-professionnel.com\/index.php?rest_route=\/wp\/v2\/product\/3222\/revisions"}],"predecessor-version":[{"id":3225,"href":"https:\/\/www.le-professionnel.com\/index.php?rest_route=\/wp\/v2\/product\/3222\/revisions\/3225"}],"wp:featuredmedia":[{"embeddable":true,"href":"https:\/\/www.le-professionnel.com\/index.php?rest_route=\/wp\/v2\/media\/3223"}],"wp:attachment":[{"href":"https:\/\/www.le-professionnel.com\/index.php?rest_route=%2Fwp%2Fv2%2Fmedia&parent=3222"}],"curies":[{"name":"wp","href":"https:\/\/api.w.org\/{rel}","templated":true}]}}