{"id":3219,"date":"2021-01-25T13:58:44","date_gmt":"2021-01-25T13:58:44","guid":{"rendered":"http:\/\/www.le-professionnel.com\/?post_type=product&#038;p=3219"},"modified":"2021-01-25T13:58:47","modified_gmt":"2021-01-25T13:58:47","slug":"pince-a-circlips-force-9t0104","status":"publish","type":"product","link":"https:\/\/www.le-professionnel.com\/?product=pince-a-circlips-force-9t0104","title":{"rendered":"Pince \u00e0 circlips Force 9T0104"},"content":{"rendered":"<p><span>Pour le montage de circlips \u00ab\u00a0aveugles\u00a0\u00bb sans oculaire tels que dans l&rsquo;arbre de transmission, le diff\u00e9rentiel, le joint homocin\u00e9tique, l&#8217;embrayage, le moteur et les freins de v\u00e9hicules Audi, Volkswagen et am\u00e9ricains par exemple.\u00a0Avec ces pinces, les circlips aveugles ne sont pas endommag\u00e9s et peuvent \u00eatre r\u00e9utilis\u00e9s.<\/span><\/p>\n<ul>\n<li><span>\u00c9quip\u00e9 d&rsquo;une m\u00e2choire incurv\u00e9e, plate et dentel\u00e9e pour une meilleure adh\u00e9rence<\/span><\/li>\n<li><span>Ouverture max.38 mm<\/span><\/li>\n<li><span>Longueur: 230 mm<\/span><\/li>\n<\/ul>\n","protected":false},"excerpt":{"rendered":"<p>Pour le montage de circlips \u00ab\u00a0aveugles\u00a0\u00bb sans oculaire tels que dans l&rsquo;arbre de transmission, le diff\u00e9rentiel, le joint homocin\u00e9tique, l&#8217;embrayage,&#8230;<\/p>\n","protected":false},"featured_media":3220,"template":"","meta":[],"brands":[{"id":29,"name":"FORCE","slug":"force"}],"_links":{"self":[{"href":"https:\/\/www.le-professionnel.com\/index.php?rest_route=\/wp\/v2\/product\/3219"}],"collection":[{"href":"https:\/\/www.le-professionnel.com\/index.php?rest_route=\/wp\/v2\/product"}],"about":[{"href":"https:\/\/www.le-professionnel.com\/index.php?rest_route=\/wp\/v2\/types\/product"}],"version-history":[{"count":1,"href":"https:\/\/www.le-professionnel.com\/index.php?rest_route=\/wp\/v2\/product\/3219\/revisions"}],"predecessor-version":[{"id":3221,"href":"https:\/\/www.le-professionnel.com\/index.php?rest_route=\/wp\/v2\/product\/3219\/revisions\/3221"}],"wp:featuredmedia":[{"embeddable":true,"href":"https:\/\/www.le-professionnel.com\/index.php?rest_route=\/wp\/v2\/media\/3220"}],"wp:attachment":[{"href":"https:\/\/www.le-professionnel.com\/index.php?rest_route=%2Fwp%2Fv2%2Fmedia&parent=3219"}],"curies":[{"name":"wp","href":"https:\/\/api.w.org\/{rel}","templated":true}]}}