{"id":3208,"date":"2021-01-20T19:44:25","date_gmt":"2021-01-20T19:44:25","guid":{"rendered":"http:\/\/www.le-professionnel.com\/?post_type=product&#038;p=3208"},"modified":"2021-01-20T19:44:37","modified_gmt":"2021-01-20T19:44:37","slug":"masque-de-protection-1720-v-ffp2","status":"publish","type":"product","link":"https:\/\/www.le-professionnel.com\/?product=masque-de-protection-1720-v-ffp2","title":{"rendered":"Masque de protection 1720-V FFP2"},"content":{"rendered":"<p><span>Le masque\u00a0<\/span><strong><span>auto-<\/span><\/strong><span>\u00a0filtrant Climax\u00a0<strong>1720-V<\/strong>\u00a0a \u00e9t\u00e9 con\u00e7u pour retenir efficacement les particules de poussi\u00e8re, les brouillards et les fum\u00e9es en suspension dans l&rsquo;air.\u00a0Ils sont tr\u00e8s l\u00e9gers, confortables et offrent une<\/span><br \/>\n<span>tr\u00e8s faible r\u00e9sistance \u00e0 la respiration.<\/span><\/p>\n<p><strong><span>Types d&rsquo;application:\u00a0<\/span><\/strong><span>\u00a0pon\u00e7age de couches de peinture et de rev\u00eatements, grattage et pon\u00e7age d&rsquo;adh\u00e9sifs, d\u00e9coupe et per\u00e7age du bois, fum\u00e9es de soudage, gestion des d\u00e9chets, fumigation de pesticides (\u00e0 base d&rsquo;eau), alimentation animale.<\/span><\/p>\n<ul>\n<li><span>Bandes de r\u00e9glage synth\u00e9tiques<\/span><\/li>\n<li><span>Pince-nez r\u00e9glable<\/span><\/li>\n<li><span>Soupape d&rsquo;expiration<\/span><\/li>\n<li><span>Mat\u00e9riau int\u00e9rieur doux<\/span><\/li>\n<li><span>FFP2 NR<\/span><\/li>\n<\/ul>\n<p><strong><span>Utilisation:\u00a0<\/span><\/strong><span>\u00a0un jour ouvrable (8-10 heures).\u00a0<\/span><strong><span>NR:<\/span><\/strong><span>\u00a0\u00a0non r\u00e9utilisable<\/span><\/p>\n<p><strong><span>Emballage:<\/span><\/strong><span>\u00a0\u00a020 unit\u00e9s \/ bo\u00eete.\u00a0Possibilit\u00e9 de conditionnement individuel ou double.<\/span><\/p>\n","protected":false},"excerpt":{"rendered":"<p>Le masque\u00a0auto-\u00a0filtrant Climax\u00a01720-V\u00a0a \u00e9t\u00e9 con\u00e7u pour retenir efficacement les particules de poussi\u00e8re, les brouillards et les fum\u00e9es en suspension dans&#8230;<\/p>\n","protected":false},"featured_media":3209,"template":"","meta":[],"brands":[{"id":34,"name":"CLIMAX","slug":"climax"}],"_links":{"self":[{"href":"https:\/\/www.le-professionnel.com\/index.php?rest_route=\/wp\/v2\/product\/3208"}],"collection":[{"href":"https:\/\/www.le-professionnel.com\/index.php?rest_route=\/wp\/v2\/product"}],"about":[{"href":"https:\/\/www.le-professionnel.com\/index.php?rest_route=\/wp\/v2\/types\/product"}],"version-history":[{"count":1,"href":"https:\/\/www.le-professionnel.com\/index.php?rest_route=\/wp\/v2\/product\/3208\/revisions"}],"predecessor-version":[{"id":3210,"href":"https:\/\/www.le-professionnel.com\/index.php?rest_route=\/wp\/v2\/product\/3208\/revisions\/3210"}],"wp:featuredmedia":[{"embeddable":true,"href":"https:\/\/www.le-professionnel.com\/index.php?rest_route=\/wp\/v2\/media\/3209"}],"wp:attachment":[{"href":"https:\/\/www.le-professionnel.com\/index.php?rest_route=%2Fwp%2Fv2%2Fmedia&parent=3208"}],"curies":[{"name":"wp","href":"https:\/\/api.w.org\/{rel}","templated":true}]}}