{"id":3190,"date":"2021-01-20T19:20:42","date_gmt":"2021-01-20T19:20:42","guid":{"rendered":"http:\/\/www.le-professionnel.com\/?post_type=product&#038;p=3190"},"modified":"2021-01-20T19:21:00","modified_gmt":"2021-01-20T19:21:00","slug":"lunette-de-protection-539","status":"publish","type":"product","link":"https:\/\/www.le-professionnel.com\/?product=lunette-de-protection-539","title":{"rendered":"Lunette de protection 539"},"content":{"rendered":"<p><span>Con\u00e7u pour offrir une protection efficace contre le risque d&rsquo;impact des particules \u00e0 haute vitesse et \u00e0 faible \u00e9nergie, contre les gouttes ou les \u00e9claboussures de liquides, les grosses particules de poussi\u00e8re, les gaz et les particules de poussi\u00e8re fines.<\/span><\/p>\n<p><span>Cadre en vinyle flexible.<\/span><br \/>\n<span>Oculaire anti-bu\u00e9e en ac\u00e9tate.<\/span><br \/>\n<span>Taille plus grande pour permettre l&rsquo;utilisation de lunettes de vue.<\/span><br \/>\n<span>Classe optique 1<\/span><\/p>\n<p><span>Traitement: Anti-bu\u00e9e + anti-rayures<\/span><\/p>\n<p><span>Pour une utilisation dans des atmosph\u00e8res potentiellement explosives (ATEX)<\/span><\/p>\n<p><span>Versions:<\/span><\/p>\n<ul>\n<li><span>539 &#8211; ventil\u00e9<\/span><\/li>\n<\/ul>\n","protected":false},"excerpt":{"rendered":"<p>Con\u00e7u pour offrir une protection efficace contre le risque d&rsquo;impact des particules \u00e0 haute vitesse et \u00e0 faible \u00e9nergie, contre&#8230;<\/p>\n","protected":false},"featured_media":3191,"template":"","meta":[],"brands":[{"id":34,"name":"CLIMAX","slug":"climax"}],"_links":{"self":[{"href":"https:\/\/www.le-professionnel.com\/index.php?rest_route=\/wp\/v2\/product\/3190"}],"collection":[{"href":"https:\/\/www.le-professionnel.com\/index.php?rest_route=\/wp\/v2\/product"}],"about":[{"href":"https:\/\/www.le-professionnel.com\/index.php?rest_route=\/wp\/v2\/types\/product"}],"version-history":[{"count":1,"href":"https:\/\/www.le-professionnel.com\/index.php?rest_route=\/wp\/v2\/product\/3190\/revisions"}],"predecessor-version":[{"id":3192,"href":"https:\/\/www.le-professionnel.com\/index.php?rest_route=\/wp\/v2\/product\/3190\/revisions\/3192"}],"wp:featuredmedia":[{"embeddable":true,"href":"https:\/\/www.le-professionnel.com\/index.php?rest_route=\/wp\/v2\/media\/3191"}],"wp:attachment":[{"href":"https:\/\/www.le-professionnel.com\/index.php?rest_route=%2Fwp%2Fv2%2Fmedia&parent=3190"}],"curies":[{"name":"wp","href":"https:\/\/api.w.org\/{rel}","templated":true}]}}