{"id":3080,"date":"2021-01-19T19:17:15","date_gmt":"2021-01-19T19:17:15","guid":{"rendered":"http:\/\/www.le-professionnel.com\/?post_type=product&#038;p=3080"},"modified":"2021-01-19T19:17:21","modified_gmt":"2021-01-19T19:17:21","slug":"soudeuse-electrique-benza-wgs-200-ac","status":"publish","type":"product","link":"https:\/\/www.le-professionnel.com\/?product=soudeuse-electrique-benza-wgs-200-ac","title":{"rendered":"SOUDEUSE \u00c9LECTRIQUE BENZA WGS 200 AC"},"content":{"rendered":"<p dir=\"ltr\"><span>Moteur-soudeur et g\u00e9n\u00e9rateur Benza con\u00e7us avec un moteur Robin EX40 de 14 ch (404 cm3).\u00a0Cette machine de soudage AC WGS200 est parfaite pour d\u00e9velopper des t\u00e2ches de soudage et de maintenance mobiles.<\/span><\/p>\n<p><span>Il permet de souder avec des \u00e9lectrodes rutiles jusqu&rsquo;\u00e0 4 mm de diam\u00e8tre, avec une puissance de 200A (AC).\u00a0Il fonctionne \u00e0 l&rsquo;essence et g\u00e9n\u00e8re du courant monophas\u00e9.<\/span><\/p>\n<p dir=\"ltr\">Avec d\u00e9marreur \u00e9lectrique &#8211; mod\u00e8le WGS200 AC.<\/p>\n<p dir=\"ltr\"><span>Moteur-soudeur-g\u00e9n\u00e9rateur Benza con\u00e7u pour la polyvalence et la polyvalence gr\u00e2ce \u00e0 sa double fonction.\u00a0Avec le WGS200 AC, vous pouvez effectuer des travaux de soudage et alimenter vos outils en courant \u00e9lectrique.\u00a0Vous aurez 2 machines en 1.<\/span><\/p>\n<p dir=\"ltr\"><span>Fonctionne \u00e0 l&rsquo;essence et d\u00e9veloppe une puissance de soudage de 200A (AC) et une puissance \u00e9lectrique de 7kva (courant monophas\u00e9).\u00a0Il est \u00e9quip\u00e9 d&rsquo;un moteur Robin EX40 de 14 ch, fiable, efficace et d&rsquo;une longue dur\u00e9e de vie.\u00a0404 cm3, avec un r\u00e9servoir de 7 litres qui garantit une autonomie de 3 heures 30 minutes (\u00e0 75% de la capacit\u00e9).<\/span><\/p>\n<p>&nbsp;<\/p>\n<p dir=\"ltr\"><strong><span>Le d\u00e9marrage des soudeurs peut \u00eatre manuel ou \u00e9lectrique:<\/span><\/strong><\/p>\n<ul>\n<li><span>WG200 AC &#8211; D\u00e9marrage manuel<\/span><\/li>\n<li><span>WGS200 AC &#8211; D\u00e9marreur \u00e9lectrique<\/span><\/li>\n<\/ul>\n<p>&nbsp;<\/p>\n<h3><span>Fonctionnalit\u00e9s mises en \u00e9vidence<\/span><\/h3>\n<ul>\n<li><strong><span>Type d&rsquo;\u00e9lectrode<\/span><\/strong><span>\u00a0: ces soudeurs acceptent l&rsquo;utilisation d&rsquo;\u00e9lectrodes au rutile, qui sont les plus courantes et d&rsquo;usage g\u00e9n\u00e9ral.<\/span><\/li>\n<li><strong><span>Diam\u00e8tre d&rsquo;\u00e9lectrode<\/span><\/strong><span>\u00a0: les deux mod\u00e8les permettent le soudage avec des \u00e9lectrodes rutiles, \u00e0 condition que leur diam\u00e8tre n&rsquo;exc\u00e8de pas 4 mm.<\/span><\/li>\n<li><strong><span>Puissance de soudage<\/span><\/strong><span>\u00a0: ils atteignent une puissance de soudage de 200A (courant alternatif).<\/span><\/li>\n<li><strong><span>Puissance du g\u00e9n\u00e9rateur<\/span><\/strong><span>\u00a0: comme mentionn\u00e9 pr\u00e9c\u00e9demment, ces moteurs de soudage peuvent \u00e9galement fonctionner comme un g\u00e9n\u00e9rateur.\u00a0Lorsque vous avez besoin d&rsquo;un groupe \u00e9lectrog\u00e8ne, les WG200 AC et WGS200 AC fournissent jusqu&rsquo;\u00e0 7kva.<\/span><\/li>\n<li><strong><span>Puissance acoustique<\/span><\/strong><span>\u00a0: lorsque vous souhaitez travailler dans des zones r\u00e9sidentielles et urbaines, la contamination acoustique est un probl\u00e8me.\u00a0Ces machines fonctionnent \u00e0 97 dB (A).<\/span><\/li>\n<li><strong><span>Fr\u00e9quence<\/span><\/strong><span>\u00a0: vous n&rsquo;aurez aucun probl\u00e8me \u00e0 connecter la machine \u00e0 souder aux appareils, car sa fr\u00e9quence \u00e9lectrique est de 50 Hz (la plus courante).<\/span><\/li>\n<\/ul>\n<p>&nbsp;<\/p>\n<h3><span>Les accessoires fournis en standard sur les postes de soudage WG200 AC et WGS200 AC sont les suivants:<\/span><\/h3>\n<ul>\n<li><span>Pince \u00e0 souder avec 4 m\u00e8tres de c\u00e2ble.<\/span><\/li>\n<li><span>Pince \u00e0 p\u00e2te avec 3 m\u00e8tres de c\u00e2ble.<\/span><\/li>\n<li><span>Deux roues en caoutchouc avec roulements et centre en m\u00e9tal pour un mouvement plus rapide et plus facile.<\/span><\/li>\n<li><span>Une poign\u00e9e robuste pour am\u00e9liorer le transport.<\/span><\/li>\n<li><span>Diff\u00e9rentiel &#8211; mesure de s\u00e9curit\u00e9 contre les contacts \u00e9lectriques directs.<\/span><\/li>\n<li><span>Ch\u00e2ssis en tube d&rsquo;acier avec 3 plaques de protection (avant, sup\u00e9rieur et lat\u00e9ral).<\/span><\/li>\n<li><span>Cinq amortisseurs anti-vibrations qui prot\u00e8gent le moteur et l&rsquo;alternateur.<\/span><\/li>\n<li><span>Pied de soutien avec amortisseur anti-vibrations qui absorbe les coups secs.<\/span><\/li>\n<li><span>Une plaque de mise \u00e0 la terre en option est disponible en option.<\/span><\/li>\n<\/ul>\n","protected":false},"excerpt":{"rendered":"<table class=\"table-data-sheet\">\n<tbody>\n<tr class=\"odd\">\n<td><span>Moteur<\/span><\/td>\n<td><span>Subaru EH 41 13,5 ch<\/span><\/td>\n<\/tr>\n<tr class=\"even\">\n<td><span>poids (kg)<\/span><\/td>\n<td><span>112<\/span><\/td>\n<\/tr>\n<tr class=\"odd\">\n<td><span>Commencez<\/span><\/td>\n<td><span>\u00e9lectrique<\/span><\/td>\n<\/tr>\n<tr class=\"even\">\n<td><span>Pot.\u00a0Acoustique<\/span><\/td>\n<td><span>99dbA<\/span><\/td>\n<\/tr>\n<tr class=\"odd\">\n<td><span>\u00d8 \u00e9lectrode<\/span><\/td>\n<td><span>4,5 mm<\/span><\/td>\n<\/tr>\n<tr class=\"even\">\n<td><span>Puissance (soudage)<\/span><\/td>\n<td><span>200 A (CA)<\/span><\/td>\n<\/tr>\n<tr class=\"odd\">\n<td><span>Maximum d&rsquo;\u00e9nergie\u00a0G\u00e9n\u00e9rateur<\/span><\/td>\n<td><span>7 kva (230 V)<\/span><\/td>\n<\/tr>\n<tr class=\"even\">\n<td><span>Faible.\u00a0(LxlxH)<\/span><\/td>\n<td><span>820 x 705 x 640<\/span><\/td>\n<\/tr>\n<\/tbody>\n<\/table>\n","protected":false},"featured_media":3082,"template":"","meta":[],"brands":[{"id":50,"name":"BENZA","slug":"benza"}],"_links":{"self":[{"href":"https:\/\/www.le-professionnel.com\/index.php?rest_route=\/wp\/v2\/product\/3080"}],"collection":[{"href":"https:\/\/www.le-professionnel.com\/index.php?rest_route=\/wp\/v2\/product"}],"about":[{"href":"https:\/\/www.le-professionnel.com\/index.php?rest_route=\/wp\/v2\/types\/product"}],"version-history":[{"count":1,"href":"https:\/\/www.le-professionnel.com\/index.php?rest_route=\/wp\/v2\/product\/3080\/revisions"}],"predecessor-version":[{"id":3083,"href":"https:\/\/www.le-professionnel.com\/index.php?rest_route=\/wp\/v2\/product\/3080\/revisions\/3083"}],"wp:featuredmedia":[{"embeddable":true,"href":"https:\/\/www.le-professionnel.com\/index.php?rest_route=\/wp\/v2\/media\/3082"}],"wp:attachment":[{"href":"https:\/\/www.le-professionnel.com\/index.php?rest_route=%2Fwp%2Fv2%2Fmedia&parent=3080"}],"curies":[{"name":"wp","href":"https:\/\/api.w.org\/{rel}","templated":true}]}}