{"id":3076,"date":"2021-01-19T19:11:17","date_gmt":"2021-01-19T19:11:17","guid":{"rendered":"http:\/\/www.le-professionnel.com\/?post_type=product&#038;p=3076"},"modified":"2021-01-19T19:11:25","modified_gmt":"2021-01-19T19:11:25","slug":"broyeur-de-branches-bio-45el","status":"publish","type":"product","link":"https:\/\/www.le-professionnel.com\/?product=broyeur-de-branches-bio-45el","title":{"rendered":"BROYEUR DE BRANCHES BIO 45EL"},"content":{"rendered":"<p><span>Le\u00a0<\/span><strong><span>BIO 45EL<\/span><\/strong><span>\u00a0\u00a0est un concasseur \u00e0 branches parfait pour\u00a0<\/span><strong><span>un usage priv\u00e9 et domestique<\/span><\/strong><span>\u00a0.\u00a0Ce mod\u00e8le est \u00e9quip\u00e9 d&rsquo;un\u00a0<\/span><strong><span>\u00a0moteur \u00e9lectrique 230V<\/span><\/strong><span>\u00a0\u00a0(puissance maximale de 2,5kW), avec\u00a0<\/span><strong><span>\u00a0deux lames fixes<\/span><\/strong><span>\u00a0\u00a0et un\u00a0\u00a0<\/span><strong><span>sac de\u00a0<\/span><\/strong><span>\u00a0ramassage\u00a0inclus en usine.\u00a0Il est id\u00e9al pour \u00e9craser tout type de restes: feuilles, fleurs s\u00e9ch\u00e9es ou branches.<\/span><\/p>\n<p><span>Le BIO 45EL broie et \u00e9miette les\u00a0\u00a0<\/span><strong><span>branches jusqu&rsquo;\u00e0 45 mm de diam\u00e8tre<\/span><\/strong><span>\u00a0.<\/span><\/p>\n","protected":false},"excerpt":{"rendered":"<table class=\"table-data-sheet\">\n<tbody>\n<tr class=\"odd\">\n<td><span>Moteur<\/span><\/td>\n<td><span>Tram<\/span><\/td>\n<\/tr>\n<tr class=\"even\">\n<td><span>RPM<\/span><\/td>\n<td><span>4100 tr \/ min &#8211; 1<\/span><\/td>\n<\/tr>\n<tr class=\"odd\">\n<td><span>Puissance maximum<\/span><\/td>\n<td><span>2500 W<\/span><\/td>\n<\/tr>\n<tr class=\"even\">\n<td><span>Niveau sonore<\/span><\/td>\n<td><span>96 dB<\/span><\/td>\n<\/tr>\n<\/tbody>\n<\/table>\n","protected":false},"featured_media":3077,"template":"","meta":[],"brands":[{"id":50,"name":"BENZA","slug":"benza"}],"_links":{"self":[{"href":"https:\/\/www.le-professionnel.com\/index.php?rest_route=\/wp\/v2\/product\/3076"}],"collection":[{"href":"https:\/\/www.le-professionnel.com\/index.php?rest_route=\/wp\/v2\/product"}],"about":[{"href":"https:\/\/www.le-professionnel.com\/index.php?rest_route=\/wp\/v2\/types\/product"}],"version-history":[{"count":2,"href":"https:\/\/www.le-professionnel.com\/index.php?rest_route=\/wp\/v2\/product\/3076\/revisions"}],"predecessor-version":[{"id":3081,"href":"https:\/\/www.le-professionnel.com\/index.php?rest_route=\/wp\/v2\/product\/3076\/revisions\/3081"}],"wp:featuredmedia":[{"embeddable":true,"href":"https:\/\/www.le-professionnel.com\/index.php?rest_route=\/wp\/v2\/media\/3077"}],"wp:attachment":[{"href":"https:\/\/www.le-professionnel.com\/index.php?rest_route=%2Fwp%2Fv2%2Fmedia&parent=3076"}],"curies":[{"name":"wp","href":"https:\/\/api.w.org\/{rel}","templated":true}]}}