{"id":3050,"date":"2021-01-19T18:35:48","date_gmt":"2021-01-19T18:35:48","guid":{"rendered":"http:\/\/www.le-professionnel.com\/?post_type=product&#038;p=3050"},"modified":"2021-01-19T18:35:52","modified_gmt":"2021-01-19T18:35:52","slug":"nettoyeur-haute-pression-benza-200-15","status":"publish","type":"product","link":"https:\/\/www.le-professionnel.com\/?product=nettoyeur-haute-pression-benza-200-15","title":{"rendered":"NETTOYEUR HAUTE PRESSION BENZA 200\/15"},"content":{"rendered":"<p><span>Le\u00a0<strong>nettoyeur\u00a0<\/strong><\/span><strong><span>haute pression\u00a0<\/span><\/strong>\u00a0<strong><span>BENZA 200\/15 est \u00e9quip\u00e9 d&rsquo;un moteur<\/span><\/strong><strong>\u00a0<\/strong><span>\u00a0Robin EX 40 14 CV \/ 404 cm3.\u00a0L&rsquo;\u00e9quipement standard comprend: un r\u00e9gulateur de pression, un pistolet et une lance, un manom\u00e8tre et un tuyau.<\/span><\/p>\n<p><span>Le\u00a0\u00a0<\/span><strong><span>nettoyeur haute pression BENZA 200\/15\u00a0<\/span><\/strong><span>\u00a0\u00a0\u00e0 essence int\u00e8gre une pompe r\u00e9sistante avec des pistons en c\u00e9ramique avec moins d&rsquo;usure et qui fonctionne \u00e0 basse vitesse, assurant ainsi la dur\u00e9e de vie du nettoyeur haute pression et un entretien facile.<\/span><\/p>\n<p><span>De plus, il dispose d&rsquo;un m\u00e9canisme de ralenti automatique, qui est activ\u00e9 lorsque la pompe ne fonctionne pas, r\u00e9duisant la consommation et l&rsquo;usure du moteur et de la pompe.<\/span><\/p>\n<p><span>Ce nettoyeur haute pression de BENZA a un ch\u00e2ssis renforc\u00e9 et des roues pneumatiques qui facilitent sa manipulation et son transport.<\/span><\/p>\n<p>&nbsp;<\/p>\n<p><span>Ce nettoyeur haute pression fonctionne en pompant de l&rsquo;eau afin que vous puissiez nettoyer tous les types de surfaces, en particulier celles qui n\u00e9cessitent une plus grande puissance de tra\u00een\u00e9e que d&rsquo;habitude.<\/span><\/p>\n<p>Il est parfait pour\u00a0<strong>un usage professionnel<\/strong>\u00a0, par exemple,\u00a0<strong>les travaux de construction ou l&rsquo;industrie agricole<\/strong>\u00a0, l&rsquo;alimentation, les ateliers et m\u00eame dans le secteur de la p\u00eache.<\/p>\n<h4><span>Accessoires standards:<\/span><\/h4>\n<p><span>Cette machine de nettoyage dispose des accessoires standard suivants:<\/span><\/p>\n<ul>\n<li><span>Un pistolet et une lance avec buse multi-reg.\u00a0Les pi\u00e8ces essentielles dont vous avez besoin pour d\u00e9marrer et, en plus, vous permettent de r\u00e9gler les caract\u00e9ristiques du jet avec lequel vous allez travailler.<\/span><\/li>\n<li><span>Six amortisseurs anti-vibrations prot\u00e9geant le moteur et la pompe.\u00a0Ils garantissent une dur\u00e9e de vie plus longue de ces \u00e9l\u00e9ments en les prot\u00e9geant du mouvement qu&rsquo;ils g\u00e9n\u00e8rent lorsqu&rsquo;ils entrent en action.<\/span><\/li>\n<li><span>Un pied de support avec amortisseur de vibrations qui absorbe les coups secs.\u00a0Prot\u00e8ge votre \u00e9quipement de nettoyage contre d&rsquo;\u00e9ventuels coups accidentels ou mouvements brusques.<\/span><\/li>\n<li><span>Deux roues pneumatiques.\u00a0Gr\u00e2ce \u00e0 ces deux pneus, vous pouvez emmener ce nettoyeur haute pression l\u00e0 o\u00f9 il est n\u00e9cessaire.\u00a0Peu importe que le sol soit de la chauss\u00e9e, de la terre ou de l&rsquo;herbe, vous gagnerez en autonomie et en possibilit\u00e9s d&rsquo;agir.<\/span><\/li>\n<li><span>Une forte adh\u00e9rence.\u00a0Gr\u00e2ce \u00e0 lui, vous pouvez d\u00e9placer et guider la machine l\u00e0 o\u00f9 vous en avez besoin.\u00a0De plus, cette aile a \u00e9t\u00e9 con\u00e7ue pour avoir une grande r\u00e9sistance.<\/span><\/li>\n<li><span>Tuyau de 10 m\u00e8tres.\u00a0Parfait pour que lorsque vous commencez \u00e0 travailler, vous n&rsquo;ayez pas besoin de d\u00e9placer la machine.\u00a0Votre travail devient plus efficace gr\u00e2ce au fait que vous n&rsquo;aurez pas \u00e0 vous arr\u00eater continuellement pour d\u00e9placer le nettoyeur haute pression &#8211; il peut couvrir de plus grandes zones de travail.<\/span><\/li>\n<\/ul>\n","protected":false},"excerpt":{"rendered":"<ul>\n<li><strong><span>Port\u00e9e rurale<\/span><\/strong><span>\u00a0.\u00a0Les tracteurs et autres v\u00e9hicules agricoles, lorsqu&rsquo;ils sont en contact direct avec le sol et la v\u00e9g\u00e9tation, ont tendance \u00e0 \u00eatre tr\u00e8s sales.\u00a0Pour \u00e9viter que ses m\u00e9canismes et ses \u00e9l\u00e9ments ne soient endommag\u00e9s ou corrod\u00e9s \u00e0 cause de cela, il est conseill\u00e9 de les nettoyer p\u00e9riodiquement, un outil comme celui-ci est donc extr\u00eamement utile.<\/span><\/li>\n<li><strong><span>Compagnies de transport<\/span><\/strong><span>\u00a0.\u00a0Il est tr\u00e8s important de garder les v\u00e9hicules propres et en parfait \u00e9tat pour que l&rsquo;entreprise affiche une bonne image o\u00f9 qu&rsquo;ils soient au travail et en circulation.<\/span><\/li>\n<li><strong><span>Abattoirs<\/span><\/strong><span>\u00a0.\u00a0En raison du type d&rsquo;activit\u00e9 qui se d\u00e9roule dans ces centres, il est n\u00e9cessaire de proc\u00e9der \u00e0 un nettoyage exigeant et continu pour faire dispara\u00eetre les restes de sang, de visc\u00e8res ou d&rsquo;animaux r\u00e9sultant de cette activit\u00e9 alcoolique.<\/span><\/li>\n<li><strong><span>Ateliers<\/span><\/strong><span>\u00a0de toutes sortes.\u00a0Il est tr\u00e8s courant que dans plusieurs lieux de travail disposent d&rsquo;un nettoyeur haute pression qui permet d&rsquo;\u00e9liminer les salet\u00e9s r\u00e9sultant de l&rsquo;activit\u00e9 exerc\u00e9e, sur tous types de surfaces: ateliers automobiles, quincaillerie, centres c\u00e9ramiques, menuiserie, etc.<\/span><\/li>\n<li><strong><span>Vignobles<\/span><\/strong><span>\u00a0.\u00a0Nous sommes un pays avec une grande tradition viticole.\u00a0C&rsquo;est pourquoi nous sommes conscients de l&rsquo;importance de garder les outils utilis\u00e9s pour obtenir des vins parfaitement propres: barriques, cuves, paniers, vendangeuses, etc.<\/span><\/li>\n<li><strong><span>Construction civile<\/span><\/strong><span>\u00a0.\u00a0Pendant les travaux, il est essentiel d&rsquo;effectuer un nettoyage p\u00e9riodique pour maintenir la zone de travail en bon \u00e9tat.\u00a0De m\u00eame, \u00e0 la fin d&rsquo;un travail, il est n\u00e9cessaire d&rsquo;effectuer un nettoyage de fin de travail, pour lequel ce nettoyeur haute pression est un outil tr\u00e8s valable.<\/span><\/li>\n<li><strong><span>Municipalit\u00e9s et organismes publics<\/span><\/strong><span>\u00a0.\u00a0Le nettoyage des sols, des zones de pierre, des statues est une t\u00e2che qui correspond aux organismes publics.\u00a0Utiliser des outils efficaces \u00e0 cette fin est l&rsquo;un des meilleurs moyens d&rsquo;offrir aux citoyens un bon service.<\/span><\/li>\n<li><strong><span>Copropri\u00e9t\u00e9s<\/span><\/strong><span>\u00a0.\u00a0Le 200\/15 Benza est id\u00e9al pour nettoyer les espaces communs &#8211; chemins, voies d&rsquo;entr\u00e9e, garages, voies ext\u00e9rieures ou piscines.<\/span><\/li>\n<li><strong><span>Secteur de la p\u00eache<\/span><\/strong><span>\u00a0.\u00a0Une grande quantit\u00e9 de salet\u00e9 s&rsquo;accumule dans les ports ainsi que dans les maisons de vente aux ench\u00e8res en raison du travail continu avec le poisson et d&rsquo;autres produits, donc un accent particulier est mis sur le nettoyage.\u00a0Utiliser les machines les plus efficaces pour cela est imp\u00e9ratif.\u00a0De plus, pour \u00e9liminer la corrosion ou les d\u00e9bris de la coque, du capot ou des moteurs d&rsquo;un bateau, ce nettoyeur haute pression est l&rsquo;outil le plus adapt\u00e9.<\/span><\/li>\n<li><strong><span>Usage domestique<\/span><\/strong><span>\u00a0.\u00a0Il est tr\u00e8s courant d&rsquo;avoir une de ces machines pour effectuer des t\u00e2ches de nettoyage \u00e0 domicile.\u00a0Un exemple est le lavage de la voiture, des garages, des murs et des murs.<\/span><\/li>\n<li>\n<table class=\"table-data-sheet\">\n<tbody>\n<tr class=\"odd\">\n<td><span>Moteur<\/span><\/td>\n<td><span>Robin EH 41<\/span><\/td>\n<\/tr>\n<tr class=\"even\">\n<td><span>poids (kg)<\/span><\/td>\n<td><span>77<\/span><\/td>\n<\/tr>\n<tr class=\"odd\">\n<td><span>Pression<\/span><\/td>\n<td><span>200 bar<\/span><\/td>\n<\/tr>\n<tr class=\"even\">\n<td><span>Commencez<\/span><\/td>\n<td><span>Manuel<\/span><\/td>\n<\/tr>\n<tr class=\"odd\">\n<td><span>RPM<\/span><\/td>\n<td><span>1450<\/span><\/td>\n<\/tr>\n<tr class=\"even\">\n<td><span>Pot.\u00a0Acoustique<\/span><\/td>\n<td><span>109dbA<\/span><\/td>\n<\/tr>\n<tr class=\"odd\">\n<td><span>D\u00e9bit<\/span><\/td>\n<td><span>15 l \/ min<\/span><\/td>\n<\/tr>\n<tr class=\"even\">\n<td><span>Consommation<\/span><\/td>\n<td><span>4,2 l \/ h<\/span><\/td>\n<\/tr>\n<tr class=\"odd\">\n<td><span>Faible.\u00a0(LxlxH)<\/span><\/td>\n<td><span>900 x 730 x 665<\/span><\/td>\n<\/tr>\n<\/tbody>\n<\/table>\n<\/li>\n<\/ul>\n","protected":false},"featured_media":3051,"template":"","meta":[],"brands":[{"id":50,"name":"BENZA","slug":"benza"}],"_links":{"self":[{"href":"https:\/\/www.le-professionnel.com\/index.php?rest_route=\/wp\/v2\/product\/3050"}],"collection":[{"href":"https:\/\/www.le-professionnel.com\/index.php?rest_route=\/wp\/v2\/product"}],"about":[{"href":"https:\/\/www.le-professionnel.com\/index.php?rest_route=\/wp\/v2\/types\/product"}],"version-history":[{"count":1,"href":"https:\/\/www.le-professionnel.com\/index.php?rest_route=\/wp\/v2\/product\/3050\/revisions"}],"predecessor-version":[{"id":3052,"href":"https:\/\/www.le-professionnel.com\/index.php?rest_route=\/wp\/v2\/product\/3050\/revisions\/3052"}],"wp:featuredmedia":[{"embeddable":true,"href":"https:\/\/www.le-professionnel.com\/index.php?rest_route=\/wp\/v2\/media\/3051"}],"wp:attachment":[{"href":"https:\/\/www.le-professionnel.com\/index.php?rest_route=%2Fwp%2Fv2%2Fmedia&parent=3050"}],"curies":[{"name":"wp","href":"https:\/\/api.w.org\/{rel}","templated":true}]}}