{"id":2974,"date":"2021-01-18T19:31:12","date_gmt":"2021-01-18T19:31:12","guid":{"rendered":"http:\/\/www.le-professionnel.com\/?post_type=product&#038;p=2974"},"modified":"2021-01-18T19:31:55","modified_gmt":"2021-01-18T19:31:55","slug":"am86-agri","status":"publish","type":"product","link":"https:\/\/www.le-professionnel.com\/?product=am86-agri","title":{"rendered":"AM86 \u2013 AGRI"},"content":{"rendered":"<h2>OPTION<\/h2>\n<p><strong>Safety Return. ART. AM86\/SR<\/strong><\/p>\n<p>Le dispositif de s\u00e9curit\u00e9 Safety Return permet un r\u00e9enroulement ralenti du tuyau en \u00e9vitant les contre-coups dangereux si le tuyau s\u2019\u00e9chappe de la main de l\u2019op\u00e9rateur.<\/p>\n<p><a href=\"https:\/\/www.zeca.it\/wp-content\/uploads\/Fichier-tecnique-AM86-AGRI.pdf\" target=\"_blank\" rel=\"noopener noreferrer\"><img src=\"https:\/\/www.zeca.it\/wp-content\/uploads\/pdf-icon-document.png\" \/>Fichier tecnique<\/a><\/p>\n","protected":false},"excerpt":{"rendered":"<ul>\n<li>Tuyau en PVC plastifi\u00e8 avec renfort en fibre Polyester.<\/li>\n<li>Bo\u00eetier en polym\u00e8re.<\/li>\n<li>Support de fixation orientable.<\/li>\n<li>Fourni avec dispositif d\u2019arr\u00eat du tuyau, facile \u00e0 \u00e9liminer si le tuyau doit \u00eatre toujours en traction.<\/li>\n<\/ul>\n","protected":false},"featured_media":2975,"template":"","meta":[],"brands":[{"id":39,"name":"ZECA","slug":"zeca"}],"_links":{"self":[{"href":"https:\/\/www.le-professionnel.com\/index.php?rest_route=\/wp\/v2\/product\/2974"}],"collection":[{"href":"https:\/\/www.le-professionnel.com\/index.php?rest_route=\/wp\/v2\/product"}],"about":[{"href":"https:\/\/www.le-professionnel.com\/index.php?rest_route=\/wp\/v2\/types\/product"}],"version-history":[{"count":2,"href":"https:\/\/www.le-professionnel.com\/index.php?rest_route=\/wp\/v2\/product\/2974\/revisions"}],"predecessor-version":[{"id":2977,"href":"https:\/\/www.le-professionnel.com\/index.php?rest_route=\/wp\/v2\/product\/2974\/revisions\/2977"}],"wp:featuredmedia":[{"embeddable":true,"href":"https:\/\/www.le-professionnel.com\/index.php?rest_route=\/wp\/v2\/media\/2975"}],"wp:attachment":[{"href":"https:\/\/www.le-professionnel.com\/index.php?rest_route=%2Fwp%2Fv2%2Fmedia&parent=2974"}],"curies":[{"name":"wp","href":"https:\/\/api.w.org\/{rel}","templated":true}]}}