{"id":2966,"date":"2021-01-18T19:07:43","date_gmt":"2021-01-18T19:07:43","guid":{"rendered":"http:\/\/www.le-professionnel.com\/?post_type=product&#038;p=2966"},"modified":"2021-01-18T19:11:25","modified_gmt":"2021-01-18T19:11:25","slug":"am86-kpu","status":"publish","type":"product","link":"https:\/\/www.le-professionnel.com\/?product=am86-kpu","title":{"rendered":"AM86 \u2013 KPU"},"content":{"rendered":"<table>\n<tbody>\n<tr>\n<td align=\"left\" valign=\"top\" width=\"90px\"><img loading=\"lazy\" class=\"alignnone size-full wp-image-7051\" src=\"https:\/\/www.zeca.it\/wp-content\/uploads\/Ex_imq.png\" sizes=\"(max-width: 150px) 100vw, 150px\" srcset=\"https:\/\/www.zeca.it\/wp-content\/uploads\/Ex_imq.png 150w, https:\/\/www.zeca.it\/wp-content\/uploads\/Ex_imq-50x43.png 50w, https:\/\/www.zeca.it\/wp-content\/uploads\/Ex_imq-87x75.png 87w\" alt=\"\" width=\"150\" height=\"130\" \/><\/td>\n<td>Compliance with Directive\u00a02014\/34\/UE<br \/>\nII 2GD C IIB T6\/T85\u00b0C X<br \/>\nType Examination Certificate Number\u00a0IMQ 15 ATEX 002 X<br \/>\nCompilance with\u00a0EN 13463-1:2009; EN 13463-5:2011<\/td>\n<\/tr>\n<\/tbody>\n<\/table>\n<h2>OPTION<\/h2>\n<p><strong>Safety Return. ART. AM86\/SR<\/strong><\/p>\n<p>Le dispositif de s\u00e9curit\u00e9 Safety Return permet un r\u00e9enroulement ralenti du tuyau en \u00e9vitant les contre-coups dangereux si le tuyau s\u2019\u00e9chappe de la main de l\u2019op\u00e9rateur.<\/p>\n<p><a href=\"https:\/\/www.zeca.it\/wp-content\/uploads\/Fichier-tecnique-AM86-KPU.pdf\" target=\"_blank\" rel=\"noopener noreferrer\"><img src=\"https:\/\/www.zeca.it\/wp-content\/uploads\/pdf-icon-document.png\" \/>Fichier tecnique<\/a><\/p>\n","protected":false},"excerpt":{"rendered":"<div class=\"carat_prod\">\n<ul>\n<li>Tuyau KPU.<\/li>\n<li>Bo\u00eetier en polym\u00e8re.<\/li>\n<li>Support de fixation orientable.<\/li>\n<li>Fourni avec dispositif d\u2019arret du tuyau, facile \u00e0 \u00e9liminer si le tuyau doit \u00eatre toujours en traction.<\/li>\n<\/ul>\n<\/div>\n","protected":false},"featured_media":2967,"template":"","meta":[],"brands":[{"id":39,"name":"ZECA","slug":"zeca"}],"_links":{"self":[{"href":"https:\/\/www.le-professionnel.com\/index.php?rest_route=\/wp\/v2\/product\/2966"}],"collection":[{"href":"https:\/\/www.le-professionnel.com\/index.php?rest_route=\/wp\/v2\/product"}],"about":[{"href":"https:\/\/www.le-professionnel.com\/index.php?rest_route=\/wp\/v2\/types\/product"}],"version-history":[{"count":2,"href":"https:\/\/www.le-professionnel.com\/index.php?rest_route=\/wp\/v2\/product\/2966\/revisions"}],"predecessor-version":[{"id":2969,"href":"https:\/\/www.le-professionnel.com\/index.php?rest_route=\/wp\/v2\/product\/2966\/revisions\/2969"}],"wp:featuredmedia":[{"embeddable":true,"href":"https:\/\/www.le-professionnel.com\/index.php?rest_route=\/wp\/v2\/media\/2967"}],"wp:attachment":[{"href":"https:\/\/www.le-professionnel.com\/index.php?rest_route=%2Fwp%2Fv2%2Fmedia&parent=2966"}],"curies":[{"name":"wp","href":"https:\/\/api.w.org\/{rel}","templated":true}]}}