{"id":293,"date":"2020-06-22T11:29:12","date_gmt":"2020-06-22T11:29:12","guid":{"rendered":"http:\/\/www.le-professionnel.com\/?post_type=product&#038;p=293"},"modified":"2020-06-22T11:31:25","modified_gmt":"2020-06-22T11:31:25","slug":"gsr-12-2","status":"publish","type":"product","link":"https:\/\/www.le-professionnel.com\/?product=gsr-12-2","title":{"rendered":"GSR 12-2"},"content":{"rendered":"<section id=\"technicaldata\" class=\"o-technical_details-a trackingModule\" data-track_moduletype=\"O09a_technical_data\">\n<div class=\"container\">\n<div class=\"row\">\n<div class=\"col-xs-12\">\n<div class=\"headline hl1\">Caract\u00e9ristiques techniques<\/div>\n<\/div>\n<\/div>\n<div class=\"row\">\n<div class=\"col-lg-8 col-xs-12\">\n<table class=\"table\">\n<colgroup>\n<col class=\"col-xs-5\" \/>\n<col class=\"col-xs-3\" \/><\/colgroup>\n<thead>\n<tr>\n<th class=\"headline hl4\" colspan=\"2\">Donn\u00e9es suppl\u00e9mentaires<\/th>\n<\/tr>\n<\/thead>\n<tbody>\n<tr>\n<td><b>Tension de la batterie*<\/b><\/td>\n<td><b>12<\/b>\u00a0<b>V<\/b><\/td>\n<\/tr>\n<tr>\n<td><b>Couple (tendre\/dur\/maxi)*<\/b><\/td>\n<td><b>11\/27\/-<\/b>\u00a0<b>Nm<\/b><\/td>\n<\/tr>\n<tr>\n<td>R\u00e9gime \u00e0 vide (1\u00e8re vitesse \/ 2\u00e8me vitesse)<\/td>\n<td>0 \u2013 400 \/ 0 \u2013 1,200\u00a0t\/min<\/td>\n<\/tr>\n<tr>\n<td>Type de batterie<\/td>\n<td>NiCd<\/td>\n<\/tr>\n<tr>\n<td>Plage de serrage du mandrin, min.\/max.<\/td>\n<td>1 \/ 10\u00a0mm<\/td>\n<\/tr>\n<tr>\n<td>R\u00e9glages de couple<\/td>\n<td>25+1<\/td>\n<\/tr>\n<\/tbody>\n<\/table>\n<table class=\"table\">\n<colgroup>\n<col class=\"col-xs-5\" \/>\n<col class=\"col-xs-3\" \/><\/colgroup>\n<thead>\n<tr>\n<th class=\"headline hl4\" colspan=\"2\">\u00d8 des vis<\/th>\n<\/tr>\n<\/thead>\n<tbody>\n<tr>\n<td><b>\u00d8 des vis, maxi.*<\/b><\/td>\n<td><b>7<\/b>\u00a0<b>mm<\/b><\/td>\n<\/tr>\n<tr>\n<td>\u00d8 de per\u00e7age dans le bois, maxi.<\/td>\n<td>23\u00a0mm<\/td>\n<\/tr>\n<tr>\n<td>\u00d8 de per\u00e7age dans l\u2019acier, maxi.<\/td>\n<td>12\u00a0mm<\/td>\n<\/tr>\n<\/tbody>\n<\/table>\n<table class=\"table\">\n<colgroup>\n<col class=\"col-xs-5\" \/>\n<col class=\"col-xs-3\" \/><\/colgroup>\n<thead>\n<tr>\n<th class=\"headline hl4\" colspan=\"2\">Diam\u00e8tre de per\u00e7age<\/th>\n<\/tr>\n<\/thead>\n<tbody>\n<tr>\n<td><b>\u00d8 des vis, maxi.*<\/b><\/td>\n<td><b>7<\/b>\u00a0<b>mm<\/b><\/td>\n<\/tr>\n<tr>\n<td>\u00d8 de per\u00e7age dans le bois, maxi.<\/td>\n<td>23\u00a0mm<\/td>\n<\/tr>\n<tr>\n<td>\u00d8 de per\u00e7age dans l\u2019acier, maxi.<\/td>\n<td>12\u00a0mm<\/td>\n<\/tr>\n<\/tbody>\n<\/table>\n<table class=\"table\">\n<colgroup>\n<col class=\"col-xs-5\" \/>\n<col class=\"col-xs-3\" \/><\/colgroup>\n<thead>\n<tr>\n<th class=\"headline hl4\" colspan=\"2\">Valeurs totales des vibrations (Per\u00e7age dans le m\u00e9tal)<\/th>\n<\/tr>\n<\/thead>\n<tbody>\n<tr>\n<td>Valeur d\u2019\u00e9mission vibratoire ah<\/td>\n<td>2,5\u00a0m\/s\u00b2<\/td>\n<\/tr>\n<tr>\n<td>Incertitude K<\/td>\n<td>1,5\u00a0m\/s\u00b2<\/td>\n<\/tr>\n<\/tbody>\n<\/table>\n<table class=\"table\">\n<colgroup>\n<col class=\"col-xs-5\" \/>\n<col class=\"col-xs-3\" \/><\/colgroup>\n<thead>\n<tr>\n<th class=\"headline hl4\" colspan=\"2\">Valeurs totales des vibrations (Vissage)<\/th>\n<\/tr>\n<\/thead>\n<tbody>\n<tr>\n<td>Valeur d\u2019\u00e9mission vibratoire ah<\/td>\n<td>2,5\u00a0m\/s\u00b2<\/td>\n<\/tr>\n<tr>\n<td>Incertitude K<\/td>\n<td>1,5\u00a0m\/s\u00b2<\/td>\n<\/tr>\n<\/tbody>\n<\/table>\n<p>* Donn\u00e9es mises en surbrillance<\/p>\n<p>Le niveau sonore pond\u00e9r\u00e9 A de l&rsquo;outil \u00e9lectroportatif est typiquement de : niveau de pression acoustique 80 dB(A) ; niveau de puissance acoustique 91 dB(A). Incertitude K = 3 dB.<\/p>\n<\/div>\n<div class=\"col-lg-4 col-xs-12\">\n<div class=\"o-technical_details-a__imagewrapper\"><picture><source srcset=\"https:\/\/www.bosch-professional.com\/binary\/ocsmedia\/optimized\/767x767\/o246421v16_lv-50562-13-GSR-12-2.webp\" type=\"image\/webp\" \/><img class=\"img-responsive ls-is-cached lazyloaded\" src=\"https:\/\/www.bosch-professional.com\/binary\/ocsmedia\/optimized\/767x767\/o246421v16_lv-50562-13-GSR-12-2.jpg\" alt=\"\" \/><\/picture><\/div>\n<\/div>\n<\/div>\n<\/div>\n<\/section>\n<section id=\"highlights\" class=\"m-product_hightlights trackingModule\" data-track_moduletype=\"M49_product_highlights\">\n<div class=\"container\">\n<h2 class=\"headline hl1\">Avantages<\/h2>\n<div class=\"row\">\n<div class=\"col-md-6\">\n<div class=\"m-product_hightlights__content-wrapper\">\n<h3 class=\"headline hl4\">L&rsquo;outil compact \u00e0 usage universel<\/h3>\n<ul class=\"m-product_hightlights__list\">\n<li>Compacte et maniable pour le travail dans des espaces restreints et au plafond<\/li>\n<li>25 positions de pr\u00e9s\u00e9lection de couple pour une adaptation parfaite \u00e0 chaque taille de vis<\/li>\n<li>Engrenage plan\u00e9taire 2 vitesses pour une transmission optimale du couple<\/li>\n<\/ul>\n<\/div>\n<\/div>\n<div class=\"col-md-6\">\n<h3 class=\"headline hl4\">Fonctions<\/h3>\n<div class=\"image-row bsTooltip__wrapper\"><img loading=\"lazy\" class=\"alignnone size-full wp-image-280\" src=\"http:\/\/www.le-professionnel.com\/wp-content\/uploads\/2020\/06\/o246751v54_construction_picto_01-1.png\" alt=\"\" width=\"100\" height=\"100\" \/> <img loading=\"lazy\" class=\"alignnone size-full wp-image-279\" src=\"http:\/\/www.le-professionnel.com\/wp-content\/uploads\/2020\/06\/o246750v54_wood_picto_01.png\" alt=\"\" width=\"100\" height=\"100\" \/> \u00a0\u00a0<img loading=\"lazy\" class=\"alignnone size-thumbnail wp-image-276\" src=\"http:\/\/www.le-professionnel.com\/wp-content\/uploads\/2020\/06\/o131968v54_Bosch_BI_Icon_RightLeftRotation.png\" alt=\"\" width=\"100\" height=\"100\" \/> \u00a0\u00a0<img loading=\"lazy\" class=\"alignnone size-full wp-image-273\" src=\"http:\/\/www.le-professionnel.com\/wp-content\/uploads\/2020\/06\/o7290v54_Bosch_BI_Icon_2Gear.png\" alt=\"\" width=\"100\" height=\"100\" \/><img loading=\"lazy\" class=\"alignnone size-full wp-image-290\" src=\"http:\/\/www.le-professionnel.com\/wp-content\/uploads\/2020\/06\/o37224v54_Bosch_BI_Icon_Softgrip.png\" alt=\"\" width=\"100\" height=\"100\" \/> <img loading=\"lazy\" class=\"alignnone size-thumbnail wp-image-295\" src=\"http:\/\/www.le-professionnel.com\/wp-content\/uploads\/2020\/06\/o132712v54_Bosch_BI_Icon_Autolock.png\" alt=\"\" width=\"100\" height=\"100\" \/><\/div>\n<\/div>\n<\/div>\n<\/div>\n<\/section>\n","protected":false},"excerpt":{"rendered":"<p><strong>Perceuse-visseuse sans fil<\/strong><\/p>\n<p class=\"lg product-description\">L&rsquo;outil compact \u00e0 usage universel<\/p>\n<table class=\"product-listing-table table table--fixed\">\n<tbody>\n<tr>\n<td>Tension de la batterie<\/td>\n<td>12\u00a0V<\/td>\n<\/tr>\n<tr>\n<td>\u00d8 des vis, maxi.<\/td>\n<td>7\u00a0mm<\/td>\n<\/tr>\n<tr>\n<td>\u00d8 des vis, maxi.<\/td>\n<td>7\u00a0mm<\/td>\n<\/tr>\n<\/tbody>\n<\/table>\n","protected":false},"featured_media":294,"template":"","meta":[],"brands":[{"id":19,"name":"BOSCH","slug":"bosch"}],"_links":{"self":[{"href":"https:\/\/www.le-professionnel.com\/index.php?rest_route=\/wp\/v2\/product\/293"}],"collection":[{"href":"https:\/\/www.le-professionnel.com\/index.php?rest_route=\/wp\/v2\/product"}],"about":[{"href":"https:\/\/www.le-professionnel.com\/index.php?rest_route=\/wp\/v2\/types\/product"}],"version-history":[{"count":0,"href":"https:\/\/www.le-professionnel.com\/index.php?rest_route=\/wp\/v2\/product\/293\/revisions"}],"wp:featuredmedia":[{"embeddable":true,"href":"https:\/\/www.le-professionnel.com\/index.php?rest_route=\/wp\/v2\/media\/294"}],"wp:attachment":[{"href":"https:\/\/www.le-professionnel.com\/index.php?rest_route=%2Fwp%2Fv2%2Fmedia&parent=293"}],"curies":[{"name":"wp","href":"https:\/\/api.w.org\/{rel}","templated":true}]}}