{"id":2899,"date":"2021-01-15T13:57:44","date_gmt":"2021-01-15T13:57:44","guid":{"rendered":"http:\/\/www.le-professionnel.com\/?post_type=product&#038;p=2899"},"modified":"2021-01-15T13:57:49","modified_gmt":"2021-01-15T13:57:49","slug":"6603-b-elevateur-a-ciseaux-dalignement-4-2-5-0t","status":"publish","type":"product","link":"https:\/\/www.le-professionnel.com\/?product=6603-b-elevateur-a-ciseaux-dalignement-4-2-5-0t","title":{"rendered":"6603.B | \u00c9l\u00e9vateur \u00e0 ciseaux d&rsquo;alignement 4.2 \/ 5.0T"},"content":{"rendered":"<ul>\n<li><span>Capacit\u00e9 de levage de\u00a0<\/span><span>4200Kg\u00a0<\/span><span>\/ 5000Kg\u00a0<\/span><\/li>\n<li><span>Longue plaque de glissement et positions r\u00e9glables du plateau tournant pour l&rsquo;alignement<\/span><\/li>\n<li><span>Mise \u00e0 niveau manuelle ou syst\u00e8me de mise \u00e0 niveau automatique (ALS en option)<\/span><\/li>\n<li><span>Syst\u00e8me de protection de synchronisation infrarouge<\/span><\/li>\n<li><span>Installation dans le sol ou au-dessus du sol\u00a0<\/span><span>\u00a0avec rampes d&rsquo;acc\u00e8s en option\u00a0<\/span><\/li>\n<li><span>La <\/span><span>longue plaque antid\u00e9rapante et les positions r\u00e9glables du plateau tournant s&rsquo;adaptent \u00e0 diff\u00e9rentes tailles d&#8217;empattements\u00a0<\/span><\/li>\n<li><span>Syst\u00e8me de verrouillage de s\u00e9curit\u00e9 pneumatique<\/span><span style=\"font-family: Calibri;\">\u00a0<\/span><\/li>\n<li><span>Voies r\u00e9serv\u00e9es sur les plates-formes adapt\u00e9es aux crics roulants en option\u00a0<\/span><span>\u00a0(type C)<\/span><\/li>\n<li><span>Syst\u00e8me de contr\u00f4le s\u00e9curis\u00e9 24V<\/span><\/li>\n<li><span>Bague et roulement autolubrifi\u00e9s<\/span><\/li>\n<li><span lang=\"EN-US\"><span>Buzzer d&rsquo;alarme de descente de s\u00e9curit\u00e9<\/span><\/span><\/li>\n<li><span lang=\"EN-US\"><span>Moteur en aluminium avec ventilateur sur le dessus pour \u00e9viter la surchauffe caus\u00e9e par un travail de longue dur\u00e9e<\/span><\/span><\/li>\n<li><span lang=\"EN-US\"><span>Cric roulant en option<\/span><\/span><\/li>\n<\/ul>\n<table class=\"pro_table\" border=\"0\" width=\"100%\" cellspacing=\"1\" cellpadding=\"0\" bgcolor=\"#999999\">\n<tbody>\n<tr>\n<td class=\"cf\" align=\"center\" valign=\"middle\" bgcolor=\"#eb6112\"><strong>\u00a0<\/strong><strong><span>MOREL NO.<\/span><\/strong><\/td>\n<td class=\"cf\" align=\"center\" valign=\"middle\" bgcolor=\"#eb6112\"><strong>\u00a0<\/strong><b><span>6603.B<\/span><\/b><\/td>\n<\/tr>\n<tr>\n<td align=\"center\" valign=\"middle\" bgcolor=\"#ffffff\">\u00a0<span>Capacit\u00e9 de levage<\/span><\/td>\n<td align=\"center\" valign=\"middle\" bgcolor=\"#ffffff\"><span>4200 kg \/ 5000 kg<\/span><\/td>\n<\/tr>\n<tr>\n<td align=\"center\" valign=\"middle\" bgcolor=\"#ffffff\"><span>Hauteur de levage maximale<\/span><\/td>\n<td align=\"center\" valign=\"middle\" bgcolor=\"#ffffff\"><span>2060 mm<\/span><\/td>\n<\/tr>\n<tr>\n<td align=\"center\" valign=\"middle\" bgcolor=\"#ffffff\">\u00a0<span>Hauteur min<\/span><\/td>\n<td align=\"center\" valign=\"middle\" bgcolor=\"#ffffff\"><span>360 mm<\/span><\/td>\n<\/tr>\n<tr>\n<td align=\"center\" valign=\"middle\" bgcolor=\"#ffffff\"><span>\u00a0Temps de levage<\/span><\/td>\n<td align=\"center\" valign=\"middle\" bgcolor=\"#ffffff\"><span>45S-60S<\/span><\/td>\n<\/tr>\n<tr>\n<td align=\"center\" valign=\"middle\" bgcolor=\"#ffffff\"><span>Arriv\u00e9e d&rsquo;air<\/span><\/td>\n<td align=\"center\" valign=\"middle\" bgcolor=\"#ffffff\"><span>6-8 bar<\/span><\/td>\n<\/tr>\n<tr>\n<td align=\"center\" valign=\"middle\" bgcolor=\"#ffffff\"><span>Capacit\u00e9 du moteur<\/span><\/td>\n<td align=\"center\" valign=\"middle\" bgcolor=\"#ffffff\"><span>3,0 kW<\/span><\/td>\n<\/tr>\n<tr>\n<td align=\"center\" valign=\"middle\" bgcolor=\"#ffffff\"><span>Largeur de la plateforme<\/span><\/td>\n<td align=\"center\" valign=\"middle\" bgcolor=\"#ffffff\"><span>610 mm<\/span><\/td>\n<\/tr>\n<tr>\n<td align=\"center\" valign=\"middle\" bgcolor=\"#ffffff\"><span>\u00a0L&rsquo;approvisionnement en \u00e9lectricit\u00e9<\/span><\/td>\n<td align=\"center\" valign=\"middle\" bgcolor=\"#ffffff\"><span>\u00a0\u00a0Selon les besoins du client<\/span><\/td>\n<\/tr>\n<\/tbody>\n<\/table>\n","protected":false},"excerpt":{"rendered":"<p>Capacit\u00e9 de levage de\u00a04200Kg\u00a0\/ 5000Kg\u00a0 Longue plaque de glissement et positions r\u00e9glables du plateau tournant pour l&rsquo;alignement Mise \u00e0 niveau&#8230;<\/p>\n","protected":false},"featured_media":2900,"template":"","meta":[],"brands":[{"id":32,"name":"EAE","slug":"eae"}],"_links":{"self":[{"href":"https:\/\/www.le-professionnel.com\/index.php?rest_route=\/wp\/v2\/product\/2899"}],"collection":[{"href":"https:\/\/www.le-professionnel.com\/index.php?rest_route=\/wp\/v2\/product"}],"about":[{"href":"https:\/\/www.le-professionnel.com\/index.php?rest_route=\/wp\/v2\/types\/product"}],"version-history":[{"count":1,"href":"https:\/\/www.le-professionnel.com\/index.php?rest_route=\/wp\/v2\/product\/2899\/revisions"}],"predecessor-version":[{"id":2901,"href":"https:\/\/www.le-professionnel.com\/index.php?rest_route=\/wp\/v2\/product\/2899\/revisions\/2901"}],"wp:featuredmedia":[{"embeddable":true,"href":"https:\/\/www.le-professionnel.com\/index.php?rest_route=\/wp\/v2\/media\/2900"}],"wp:attachment":[{"href":"https:\/\/www.le-professionnel.com\/index.php?rest_route=%2Fwp%2Fv2%2Fmedia&parent=2899"}],"curies":[{"name":"wp","href":"https:\/\/api.w.org\/{rel}","templated":true}]}}