{"id":288,"date":"2020-06-22T11:17:44","date_gmt":"2020-06-22T11:17:44","guid":{"rendered":"http:\/\/www.le-professionnel.com\/?post_type=product&#038;p=288"},"modified":"2020-06-22T11:17:59","modified_gmt":"2020-06-22T11:17:59","slug":"gdr-120-li","status":"publish","type":"product","link":"https:\/\/www.le-professionnel.com\/?product=gdr-120-li","title":{"rendered":"GDR 120-LI"},"content":{"rendered":"<section id=\"technicaldata\" class=\"o-technical_details-a trackingModule\" data-track_moduletype=\"O09a_technical_data\">\n<div class=\"container\">\n<div class=\"row\">\n<div class=\"col-xs-12\">\n<div class=\"headline hl1\">Caract\u00e9ristiques techniques<\/div>\n<\/div>\n<\/div>\n<div class=\"row\">\n<div class=\"col-lg-8 col-xs-12\">\n<table class=\"table\">\n<colgroup>\n<col class=\"col-xs-5\" \/>\n<col class=\"col-xs-3\" \/><\/colgroup>\n<thead>\n<tr>\n<th class=\"headline hl4\" colspan=\"2\">Donn\u00e9es suppl\u00e9mentaires<\/th>\n<\/tr>\n<\/thead>\n<tbody>\n<tr>\n<td><b>Tension de la batterie*<\/b><\/td>\n<td><b>12<\/b>\u00a0<b>V<\/b><\/td>\n<\/tr>\n<tr>\n<td><b>Couple, maxi*<\/b><\/td>\n<td><b>100<\/b>\u00a0<b>Nm<\/b><\/td>\n<\/tr>\n<tr>\n<td>R\u00e9gime \u00e0 vide<\/td>\n<td>0-2,600\u00a0t\/min<\/td>\n<\/tr>\n<tr>\n<td>R\u00e9gime \u00e0 vide (1\u00e8re vitesse)<\/td>\n<td>0-1,300\u00a0t\/min<\/td>\n<\/tr>\n<tr>\n<td>R\u00e9gime \u00e0 vide (2\u00e8me vitesse)<\/td>\n<td>2,600\u00a0t\/min<\/td>\n<\/tr>\n<tr>\n<td>Poids sans batterie<\/td>\n<td>1,1\u00a0kg<\/td>\n<\/tr>\n<tr>\n<td>Fr\u00e9quence de frappe<\/td>\n<td>0-3,200\u00a0cps\/min<\/td>\n<\/tr>\n<tr>\n<td>Porte-outils<\/td>\n<td>Six pans creux 1\/4&Prime;<\/td>\n<\/tr>\n<\/tbody>\n<\/table>\n<table class=\"table\">\n<colgroup>\n<col class=\"col-xs-5\" \/>\n<col class=\"col-xs-3\" \/><\/colgroup>\n<thead>\n<tr>\n<th class=\"headline hl4\" colspan=\"2\">Diam\u00e8tre de la vis<\/th>\n<\/tr>\n<\/thead>\n<tbody>\n<tr>\n<td><b>\u00d8 des vis*<\/b><\/td>\n<td><b>M 4 \u2013 M 12<\/b><\/td>\n<\/tr>\n<\/tbody>\n<\/table>\n<p>* Donn\u00e9es mises en surbrillance<\/p>\n<p>Le niveau sonore pond\u00e9r\u00e9 A de l&rsquo;outil \u00e9lectroportatif est typiquement de : niveau de pression acoustique dB(A) ; niveau de puissance acoustique dB(A). Incertitude K = dB.<\/p>\n<\/div>\n<\/div>\n<\/div>\n<\/section>\n<section id=\"highlights\" class=\"m-product_hightlights trackingModule\" data-track_moduletype=\"M49_product_highlights\">\n<div class=\"container\">\n<h2 class=\"headline hl1\">Avantages<\/h2>\n<div class=\"row\">\n<div class=\"col-md-6\">\n<div class=\"m-product_hightlights__content-wrapper\">\n<h3 class=\"headline hl4\">La nouvelle boulonneuse sans-fil 2 en 1 de 12 V pour une grande vari\u00e9t\u00e9 d\u2019applications.<\/h3>\n<ul class=\"m-product_hightlights__list\">\n<li>La qualit\u00e9 Bosch \u00e0 un prix abordable<\/li>\n<li>Toujours la bonne puissance pour une grande vari\u00e9t\u00e9 d\u2019applications gr\u00e2ce au syst\u00e8me PowerControl \u00e0 2 positions<\/li>\n<li>Prise en main parfaite et conception ergonomique<\/li>\n<\/ul>\n<\/div>\n<\/div>\n<div class=\"col-md-6\">\n<h3 class=\"headline hl4\">Fonctions<\/h3>\n<p><img loading=\"lazy\" class=\"alignnone size-full wp-image-290\" src=\"http:\/\/www.le-professionnel.com\/wp-content\/uploads\/2020\/06\/o37224v54_Bosch_BI_Icon_Softgrip.png\" alt=\"\" width=\"100\" height=\"100\" \/> \u00a0\u00a0\u00a0 \u00a0 \u00a0<img loading=\"lazy\" class=\"alignnone size-full wp-image-273\" src=\"http:\/\/www.le-professionnel.com\/wp-content\/uploads\/2020\/06\/o7290v54_Bosch_BI_Icon_2Gear.png\" alt=\"\" width=\"100\" height=\"100\" \/><\/p>\n<\/div>\n<\/div>\n<\/div>\n<\/section>\n<section id=\"pricescope\" class=\"o-product_variations-a trackingModule\" data-track_moduletype=\"O16a_product_variations\">\n<div class=\"o-product_variations-a__container container\">\n<div class=\"o-product_variations-a__row row\">\n<div class=\"m-detail_stage\">\n<div class=\"m-detail_stage__headline col-xs-12\">\n<div class=\"headline hl1\">Ce qui est inclus dans ce paquet<\/div>\n<\/div>\n<div class=\"m-detail_stage__image col-sm-5\"><\/div>\n<\/div>\n<div class=\"m-conversion_area\">\n<div class=\"m-conversion_area__col\">\n<div class=\"m-conversion_area__information\">\n<div class=\"m-conversion_area__headline m-conversion_area__headline--hl3\">\n<div class=\"headline hl3\">dans un sac de transport<\/div>\n<\/div>\n<div class=\"m-conversion_area__headline m-conversion_area__headline--hl5\">\n<div class=\"headline hl5\">R\u00e9f\u00e9rence:\u00a0<span class=\"a-ordernumber\">0\u00a0601\u00a09F0\u00a0001<\/span><\/div>\n<\/div>\n<ul class=\"m-conversion_area__ul\">\n<li class=\"m-conversion_area__li\">1 GDR 120-LI<span class=\"a-ordernumber grey-text grey-text\">3\u00a0601\u00a0JF0\u00a0000<\/span><\/li>\n<li class=\"m-conversion_area__li\">2 batteries Li-Ion 1,5 Ah<\/li>\n<li class=\"m-conversion_area__li\">1 chargeur GAL 1210 CV<\/li>\n<li class=\"m-conversion_area__li\">Coffret de transport<\/li>\n<li class=\"m-conversion_area__li\">1 embout de vissage<\/li>\n<\/ul>\n<\/div>\n<\/div>\n<\/div>\n<\/div>\n<\/div>\n<\/section>\n","protected":false},"excerpt":{"rendered":"<p>Visseuse \u00e0 chocs\/boulonneuse sans fil<\/p>\n<p class=\"lg product-description\">La nouvelle boulonneuse sans-fil 2 en 1 de 12 V pour une grande vari\u00e9t\u00e9 d\u2019applications.<\/p>\n<table class=\"product-listing-table table table--fixed\">\n<tbody>\n<tr>\n<td>Tension de la batterie<\/td>\n<td>12\u00a0V<\/td>\n<\/tr>\n<tr>\n<td>Couple, maxi<\/td>\n<td>100\u00a0Nm<\/td>\n<\/tr>\n<tr>\n<td>\u00d8 des vis<\/td>\n<td>M 4 \u2013 M 12<\/td>\n<\/tr>\n<\/tbody>\n<\/table>\n","protected":false},"featured_media":291,"template":"","meta":[],"brands":[{"id":19,"name":"BOSCH","slug":"bosch"}],"_links":{"self":[{"href":"https:\/\/www.le-professionnel.com\/index.php?rest_route=\/wp\/v2\/product\/288"}],"collection":[{"href":"https:\/\/www.le-professionnel.com\/index.php?rest_route=\/wp\/v2\/product"}],"about":[{"href":"https:\/\/www.le-professionnel.com\/index.php?rest_route=\/wp\/v2\/types\/product"}],"version-history":[{"count":0,"href":"https:\/\/www.le-professionnel.com\/index.php?rest_route=\/wp\/v2\/product\/288\/revisions"}],"wp:featuredmedia":[{"embeddable":true,"href":"https:\/\/www.le-professionnel.com\/index.php?rest_route=\/wp\/v2\/media\/291"}],"wp:attachment":[{"href":"https:\/\/www.le-professionnel.com\/index.php?rest_route=%2Fwp%2Fv2%2Fmedia&parent=288"}],"curies":[{"name":"wp","href":"https:\/\/api.w.org\/{rel}","templated":true}]}}