{"id":2842,"date":"2021-01-14T14:51:07","date_gmt":"2021-01-14T14:51:07","guid":{"rendered":"http:\/\/www.le-professionnel.com\/?post_type=product&#038;p=2842"},"modified":"2021-01-14T14:54:11","modified_gmt":"2021-01-14T14:54:11","slug":"gerbeur-semi-electrique","status":"publish","type":"product","link":"https:\/\/www.le-professionnel.com\/?product=gerbeur-semi-electrique","title":{"rendered":"Gerbeur semi-\u00e9lectrique"},"content":{"rendered":"<p><span>\u2022 Conception compacte avec construction en acier europ\u00e9en solide.<\/span><\/p>\n<p>&nbsp;<\/p>\n<p><span>\u2022 Syst\u00e8me d&rsquo;exploitation de levage simple et pratique.<\/span><\/p>\n<p><span>\u2022 Syst\u00e8me de direction manuelle l\u00e9ger et facile, \u00e9quip\u00e9 d&rsquo;un frein de stationnement.<\/span><\/p>\n<p><span>\u2022 Contr\u00f4le en douceur du levage et de l&rsquo;abaissement pr\u00e9cis.<\/span><\/p>\n<p><span>\u2022 Une conception sp\u00e9ciale est disponible selon les exigences des clients.<\/span><\/p>\n","protected":false},"excerpt":{"rendered":"<div id=\"tab1006\" class=\"tab-content\">\n<div class=\"tabs-inner-padding\">\n<table class=\"table table-bordered\">\n<tbody>\n<tr>\n<td width=\"229\">\n<p align=\"left\">\u00a0<b><span>Mod\u00e8le<\/span><\/b><\/p>\n<\/td>\n<td width=\"73\">\n<p align=\"left\"><b>\u00a0<\/b><\/p>\n<\/td>\n<td width=\"83\">\n<p align=\"center\"><b><span>CDD10B<\/span><\/b><\/p>\n<\/td>\n<td width=\"96\">\n<p align=\"center\"><b><span>CDD15B<\/span><\/b><\/p>\n<\/td>\n<\/tr>\n<tr>\n<td width=\"229\">\n<p align=\"left\"><b><span>\u00a0Capacit\u00e9<\/span><\/b><\/p>\n<\/td>\n<td width=\"73\">\n<p align=\"left\"><b><span>\u00a0Q (kg)<\/span><\/b><\/p>\n<\/td>\n<td width=\"83\">\n<p align=\"center\"><b><span>1000<\/span><\/b><\/p>\n<\/td>\n<td width=\"96\">\n<p align=\"center\"><b><span>1500<\/span><\/b><\/p>\n<\/td>\n<\/tr>\n<tr>\n<td width=\"229\">\n<p align=\"left\"><span>\u00a0Distance du centre de charge<\/span><\/p>\n<\/td>\n<td width=\"73\">\n<p align=\"left\"><span>\u00a0c (millim\u00e8tre)<\/span><\/p>\n<\/td>\n<td colspan=\"2\" width=\"179\">\n<p align=\"center\"><span>500<\/span><\/p>\n<\/td>\n<\/tr>\n<tr>\n<td width=\"229\">\n<p align=\"left\"><span>\u00a0Distance de charge, centre de l&rsquo;essieu moteur \u00e0 la fourche<\/span><\/p>\n<\/td>\n<td width=\"73\">\n<p align=\"left\"><span>\u00a0x (millim\u00e8tre)<\/span><\/p>\n<\/td>\n<td colspan=\"2\" width=\"179\">\n<p align=\"center\"><span>815<\/span><\/p>\n<\/td>\n<\/tr>\n<tr>\n<td width=\"229\">\n<p align=\"left\"><span>\u00a0Hauteur de fourche abaiss\u00e9e<\/span><\/p>\n<\/td>\n<td width=\"73\">\n<p align=\"left\"><span>\u00a0h13 (millim\u00e8tre)<\/span><\/p>\n<\/td>\n<td colspan=\"2\" width=\"179\">\n<p align=\"center\"><span>90<\/span><\/p>\n<\/td>\n<\/tr>\n<tr>\n<td width=\"229\">\n<p align=\"left\">\u00a0<b><span>Hauteur de levage max.<\/span><\/b><\/p>\n<\/td>\n<td width=\"73\">\n<p align=\"left\"><b><span>\u00a0h3 (millim\u00e8tre)<\/span><\/b><\/p>\n<\/td>\n<td colspan=\"2\" width=\"179\">\n<p align=\"center\"><b><span>1600\/2500\/3000\/3300<\/span><\/b><\/p>\n<\/td>\n<\/tr>\n<tr>\n<td width=\"229\">\n<p align=\"left\"><span>\u00a0Hauteur, m\u00e2t abaiss\u00e9<\/span><\/p>\n<\/td>\n<td width=\"73\">\n<p align=\"left\"><span>\u00a0h1 (millim\u00e8tre)<\/span><\/p>\n<\/td>\n<td colspan=\"2\" width=\"179\">\n<p align=\"center\"><span>2090\/1840\/2090\/2200<\/span><\/p>\n<\/td>\n<\/tr>\n<tr>\n<td width=\"229\">\n<p align=\"left\"><span>\u00a0Hauteur, m\u00e2t d\u00e9ploy\u00e9<\/span><\/p>\n<\/td>\n<td width=\"73\">\n<p align=\"left\"><span>\u00a0h4 (millim\u00e8tre)<\/span><\/p>\n<\/td>\n<td colspan=\"2\" width=\"179\">\n<p align=\"center\"><span>2090\/2997\/3497\/3797<\/span><\/p>\n<\/td>\n<\/tr>\n<tr>\n<td width=\"229\">\n<p align=\"left\"><span>\u00a0Dimensions des fourches<\/span><\/p>\n<\/td>\n<td width=\"73\">\n<p align=\"left\"><span>\u00a0s \/ e \/ l (mm)<\/span><\/p>\n<\/td>\n<td colspan=\"2\" width=\"179\">\n<p align=\"center\"><span>60\/170\/1070 (1150)<\/span><\/p>\n<\/td>\n<\/tr>\n<tr>\n<td width=\"229\">\n<p align=\"left\"><span>\u00a0Largeur hors tout<\/span><\/p>\n<\/td>\n<td width=\"73\">\n<p align=\"left\"><span>\u00a0b1 (millim\u00e8tre)<\/span><\/p>\n<\/td>\n<td colspan=\"2\" width=\"179\">\n<p align=\"center\"><span>722<\/span><\/p>\n<\/td>\n<\/tr>\n<tr>\n<td width=\"229\">\n<p align=\"left\"><span>\u00a0Largeur hors tout des fourches<\/span><\/p>\n<\/td>\n<td width=\"73\">\n<p align=\"left\"><span>\u00a0b5 (millim\u00e8tre)<\/span><\/p>\n<\/td>\n<td colspan=\"2\" width=\"179\">\n<p align=\"center\"><span>570\/695<\/span><\/p>\n<\/td>\n<\/tr>\n<tr>\n<td width=\"229\">\n<p align=\"left\"><span>\u00a0Largeur d&rsquo;all\u00e9e pour palettes 800 \u00d7 1200 dans le sens de la longueur<\/span><\/p>\n<\/td>\n<td width=\"73\">\n<p align=\"left\"><span>\u00a0Ast (millim\u00e8tre)<\/span><\/p>\n<\/td>\n<td colspan=\"2\" width=\"179\">\n<p align=\"center\"><span>2188\/2258<\/span><\/p>\n<\/td>\n<\/tr>\n<tr>\n<td width=\"229\">\n<p align=\"left\"><span>\u00a0Rayon de braquage<\/span><\/p>\n<\/td>\n<td width=\"73\">\n<p align=\"left\"><span>\u00a0Wa (mm)<\/span><\/p>\n<\/td>\n<td colspan=\"2\" width=\"179\">\n<p align=\"center\"><span>1340\/1410<\/span><\/p>\n<\/td>\n<\/tr>\n<tr>\n<td width=\"229\">\n<p align=\"left\"><span>\u00a0Vitesse de levage, en charge \/ \u00e0 vide<\/span><\/p>\n<\/td>\n<td width=\"73\">\n<p align=\"left\"><span>\u00a0SP<\/span><\/p>\n<\/td>\n<td colspan=\"2\" width=\"179\">\n<p align=\"center\"><span>0,08 \/ 0,1<\/span><\/p>\n<\/td>\n<\/tr>\n<tr>\n<td width=\"229\">\n<p align=\"left\"><span>\u00a0Vitesse de descente, en charge \/ \u00e0 vide<\/span><\/p>\n<\/td>\n<td width=\"73\">\n<p align=\"left\"><span>\u00a0SP<\/span><\/p>\n<\/td>\n<td colspan=\"2\" width=\"179\">\n<p align=\"center\"><span>0,15 \/ 0,12<\/span><\/p>\n<\/td>\n<\/tr>\n<tr>\n<td width=\"229\">\n<p align=\"left\"><span>\u00a0Tension de batterie, capacit\u00e9 nominale K5<\/span><\/p>\n<\/td>\n<td width=\"73\">\n<p align=\"left\"><span>\u00a0V \/ Ah<\/span><\/p>\n<\/td>\n<td width=\"83\">\n<p align=\"center\"><span>12\/200<\/span><\/p>\n<\/td>\n<td width=\"96\">\n<p align=\"center\"><span>24\/200<\/span><\/p>\n<\/td>\n<\/tr>\n<tr>\n<td width=\"229\">\n<p align=\"left\"><span>\u00a0Poids de la batterie<\/span><\/p>\n<\/td>\n<td width=\"73\">\n<p align=\"left\"><span>\u00a0kg<\/span><\/p>\n<\/td>\n<td width=\"83\">\n<p align=\"center\"><span>60<\/span><\/p>\n<\/td>\n<td width=\"96\">\n<p align=\"center\"><span>120<\/span><\/p>\n<\/td>\n<\/tr>\n<tr>\n<td width=\"229\">\n<p align=\"left\"><span>\u00a0Dimensions de la batterie l \/ l \/ h<\/span><\/p>\n<\/td>\n<td width=\"73\">\n<p align=\"left\"><span>\u00a0mm<\/span><\/p>\n<\/td>\n<td colspan=\"2\" width=\"179\">\n<p align=\"center\"><span>250 x 190 x 295<\/span><\/p>\n<\/td>\n<\/tr>\n<tr>\n<td width=\"229\">\n<p align=\"left\"><span>\u00a0Poids de service (avec batterie)<\/span><\/p>\n<\/td>\n<td width=\"73\">\n<p align=\"left\"><span>\u00a0kg<\/span><\/p>\n<\/td>\n<td width=\"83\">\n<p align=\"center\"><span>420\/480\/500\/550<\/span><\/p>\n<\/td>\n<td width=\"96\">\n<p align=\"center\"><span>580\/660\/680\/700<\/span><\/p>\n<\/td>\n<\/tr>\n<\/tbody>\n<\/table>\n<\/div>\n<\/div>\n<div id=\"tab1653\" class=\"tab-content\">\n<div class=\"tabs-inner-padding\">\n<div id=\"gallery-1\" class=\"gallery galleryid-7774 gallery-columns-3 gallery-size-thumbnail\">\n<dl class=\"gallery-item\">\n<dt class=\"gallery-icon landscape\"><a href=\"http:\/\/www.xilin.com\/wp-content\/uploads\/2013\/08\/CDD10B-III-PIC-61.jpg\" rel=\"wp-prettyPhoto&lt;p data-wpview-marker=\">.\u00a0\u00bb&gt;<img loading=\"lazy\" class=\"attachment-thumbnail size-thumbnail\" src=\"http:\/\/www.xilin.com\/wp-content\/uploads\/2013\/08\/CDD10B-III-PIC-61-150x150.jpg\" alt=\"\" width=\"150\" height=\"150\" aria-describedby=\"gallery-1-1118\" \/><\/a><\/dt>\n<dd id=\"gallery-1-1118\" class=\"wp-caption-text gallery-caption\"><span>Vue lat\u00e9rale du CDD10B \/ 15B<\/span><\/dd>\n<\/dl>\n<dl class=\"gallery-item\">\n<dt class=\"gallery-icon landscape\"><a href=\"http:\/\/www.xilin.com\/wp-content\/uploads\/2013\/08\/CDD10B-III-PIC-9.jpg\" rel=\"wp-prettyPhoto&lt;p data-wpview-marker=\">.\u00a0\u00bb&gt;<img loading=\"lazy\" class=\"attachment-thumbnail size-thumbnail\" src=\"http:\/\/www.xilin.com\/wp-content\/uploads\/2013\/08\/CDD10B-III-PIC-9-150x150.jpg\" alt=\"\" width=\"150\" height=\"150\" aria-describedby=\"gallery-1-1119\" \/><\/a><\/dt>\n<dd id=\"gallery-1-1119\" class=\"wp-caption-text gallery-caption\"><span>Vue de dessus du CDD10B \/ 15B<\/span><\/dd>\n<\/dl>\n<\/div>\n<\/div>\n<\/div>\n","protected":false},"featured_media":2843,"template":"","meta":[],"brands":[],"_links":{"self":[{"href":"https:\/\/www.le-professionnel.com\/index.php?rest_route=\/wp\/v2\/product\/2842"}],"collection":[{"href":"https:\/\/www.le-professionnel.com\/index.php?rest_route=\/wp\/v2\/product"}],"about":[{"href":"https:\/\/www.le-professionnel.com\/index.php?rest_route=\/wp\/v2\/types\/product"}],"version-history":[{"count":1,"href":"https:\/\/www.le-professionnel.com\/index.php?rest_route=\/wp\/v2\/product\/2842\/revisions"}],"predecessor-version":[{"id":2844,"href":"https:\/\/www.le-professionnel.com\/index.php?rest_route=\/wp\/v2\/product\/2842\/revisions\/2844"}],"wp:featuredmedia":[{"embeddable":true,"href":"https:\/\/www.le-professionnel.com\/index.php?rest_route=\/wp\/v2\/media\/2843"}],"wp:attachment":[{"href":"https:\/\/www.le-professionnel.com\/index.php?rest_route=%2Fwp%2Fv2%2Fmedia&parent=2842"}],"curies":[{"name":"wp","href":"https:\/\/api.w.org\/{rel}","templated":true}]}}