{"id":284,"date":"2020-06-22T09:34:53","date_gmt":"2020-06-22T09:34:53","guid":{"rendered":"http:\/\/www.le-professionnel.com\/?post_type=product&#038;p=284"},"modified":"2020-06-22T10:51:36","modified_gmt":"2020-06-22T10:51:36","slug":"gsr-120-li","status":"publish","type":"product","link":"https:\/\/www.le-professionnel.com\/?product=gsr-120-li","title":{"rendered":"GSR 120-LI"},"content":{"rendered":"<table class=\"table\">\n<colgroup>\n<col class=\"col-xs-5\" \/>\n<col class=\"col-xs-3\" \/><\/colgroup>\n<thead>\n<tr>\n<th class=\"headline hl4\" colspan=\"2\">Donn\u00e9es suppl\u00e9mentaires<\/th>\n<\/tr>\n<\/thead>\n<tbody>\n<tr>\n<td><b>Tension de la batterie*<\/b><\/td>\n<td><b>12<\/b>\u00a0<b>V<\/b><\/td>\n<\/tr>\n<tr>\n<td><b>Couple (tendre\/dur\/maxi)*<\/b><\/td>\n<td><b>13\/30\/-<\/b>\u00a0<b>Nm<\/b><\/td>\n<\/tr>\n<tr>\n<td>R\u00e9gime \u00e0 vide (1\u00e8re vitesse \/ 2\u00e8me vitesse)<\/td>\n<td>0 \u2013 380 \/ 0 \u2013 1,300\u00a0t\/min<\/td>\n<\/tr>\n<tr>\n<td>Type de batterie<\/td>\n<td>Lithium-Ion<\/td>\n<\/tr>\n<tr>\n<td>Plage de serrage du mandrin, min.\/max.<\/td>\n<td>0.8 \/ 10\u00a0mm<\/td>\n<\/tr>\n<tr>\n<td>R\u00e9glages de couple<\/td>\n<td>20+1<\/td>\n<\/tr>\n<tr>\n<td>Porte-outils<\/td>\n<td>Mandrin \u00e0 trois mors<\/td>\n<\/tr>\n<\/tbody>\n<\/table>\n<table class=\"table\">\n<colgroup>\n<col class=\"col-xs-5\" \/>\n<col class=\"col-xs-3\" \/><\/colgroup>\n<thead>\n<tr>\n<th class=\"headline hl4\" colspan=\"2\">Diam\u00e8tre de per\u00e7age<\/th>\n<\/tr>\n<\/thead>\n<tbody>\n<tr>\n<td>\u00d8 de per\u00e7age dans le bois, maxi.<\/td>\n<td>20\u00a0mm<\/td>\n<\/tr>\n<tr>\n<td>\u00d8 de per\u00e7age dans l\u2019acier, maxi.<\/td>\n<td>8\u00a0mm<\/td>\n<\/tr>\n<tr>\n<td><b>\u00d8 des vis, maxi.*<\/b><\/td>\n<td><b>7<\/b>\u00a0<b>mm<\/b><\/td>\n<\/tr>\n<\/tbody>\n<\/table>\n<table class=\"table\">\n<colgroup>\n<col class=\"col-xs-5\" \/>\n<col class=\"col-xs-3\" \/><\/colgroup>\n<thead>\n<tr>\n<th class=\"headline hl4\" colspan=\"2\">\u00d8 des vis<\/th>\n<\/tr>\n<\/thead>\n<tbody>\n<tr>\n<td>\u00d8 de per\u00e7age dans le bois, maxi.<\/td>\n<td>20\u00a0mm<\/td>\n<\/tr>\n<tr>\n<td>\u00d8 de per\u00e7age dans l\u2019acier, maxi.<\/td>\n<td>8\u00a0mm<\/td>\n<\/tr>\n<tr>\n<td><b>\u00d8 des vis, maxi.*<\/b><\/td>\n<td><b>7<\/b>\u00a0<b>mm<\/b><\/td>\n<\/tr>\n<\/tbody>\n<\/table>\n<p>* Donn\u00e9es mises en surbrillance<\/p>\n<p>Le niveau sonore pond\u00e9r\u00e9 A de l&rsquo;outil \u00e9lectroportatif est typiquement de : niveau de pression acoustique 79 dB(A) ; niveau de puissance acoustique 80 dB(A). Incertitude K = 3 dB.<\/p>\n<h2 class=\"headline hl1\">Avantages<\/h2>\n<h3 class=\"headline hl4\">Qualit\u00e9 Bosch, puissance \u00e9lev\u00e9e, prix abordable !<\/h3>\n<ul class=\"m-product_hightlights__list\">\n<li>Abordable : la qualit\u00e9 Bosch \u00e0 un prix abordable !<\/li>\n<li>Endurante : avec carter robuste et protection \u00e9lectronique des cellules (ECP)<\/li>\n<li>Performante : les 20 % de couple en plus (vissage tendre) par rapport \u00e0 la GSR 1080-2-LI conf\u00e8re \u00e0 la perceuse-visseuse plus de puissance !<\/li>\n<\/ul>\n<h3>Ce qui est inclus dans ce paquet<\/h3>\n<ul class=\"m-conversion_area__ul\">\n<li class=\"m-conversion_area__li\">2 batteries Li-Ion 12 V \/ 1,5 Ah<\/li>\n<li class=\"m-conversion_area__li\">1 chargeur GAL 1210 CV<\/li>\n<li class=\"m-conversion_area__li\">Coffret de transport<\/li>\n<\/ul>\n<h3 class=\"headline hl4\">Fonctions<\/h3>\n<p><img loading=\"lazy\" class=\"alignnone size-full wp-image-280\" src=\"http:\/\/www.le-professionnel.com\/wp-content\/uploads\/2020\/06\/o246751v54_construction_picto_01-1.png\" alt=\"\" width=\"100\" height=\"100\" \/> <img loading=\"lazy\" class=\"alignnone size-full wp-image-279\" src=\"http:\/\/www.le-professionnel.com\/wp-content\/uploads\/2020\/06\/o246750v54_wood_picto_01.png\" alt=\"\" width=\"100\" height=\"100\" \/> <img loading=\"lazy\" class=\"alignnone size-full wp-image-278\" src=\"http:\/\/www.le-professionnel.com\/wp-content\/uploads\/2020\/06\/o167393v54_Bosch_BI_Icon_FlexiblePowerSystem.png\" alt=\"\" width=\"100\" height=\"100\" \/> <img loading=\"lazy\" class=\"alignnone size-full wp-image-277\" src=\"http:\/\/www.le-professionnel.com\/wp-content\/uploads\/2020\/06\/o132423v54_Bosch_BI_Icon_Variable_Speed.png\" alt=\"\" width=\"100\" height=\"100\" \/> <img loading=\"lazy\" class=\"alignnone size-full wp-image-276\" src=\"http:\/\/www.le-professionnel.com\/wp-content\/uploads\/2020\/06\/o131968v54_Bosch_BI_Icon_RightLeftRotation.png\" alt=\"\" width=\"100\" height=\"100\" \/> <img loading=\"lazy\" class=\"alignnone size-full wp-image-275\" src=\"http:\/\/www.le-professionnel.com\/wp-content\/uploads\/2020\/06\/o18096v54_Bosch_BI_Icon_Case.png\" alt=\"\" width=\"100\" height=\"100\" \/> <img loading=\"lazy\" class=\"alignnone size-full wp-image-274\" src=\"http:\/\/www.le-professionnel.com\/wp-content\/uploads\/2020\/06\/o7427v54_Bosch_BI_Icon_LI-Ion.png\" alt=\"\" width=\"100\" height=\"100\" \/> <img loading=\"lazy\" class=\"alignnone size-full wp-image-273\" src=\"http:\/\/www.le-professionnel.com\/wp-content\/uploads\/2020\/06\/o7290v54_Bosch_BI_Icon_2Gear.png\" alt=\"\" width=\"100\" height=\"100\" \/><\/p>\n","protected":false},"excerpt":{"rendered":"<div class=\"o-product_standard_stage__headline-3 headline hl3\">\n<p><strong>Perceuse-visseuse sans fil<\/strong><\/p>\n<p class=\"lg product-description\">Qualit\u00e9 Bosch, puissance \u00e9lev\u00e9e, prix abordable !<\/p>\n<table class=\"product-listing-table table table--fixed\">\n<tbody>\n<tr>\n<td>Tension de la batterie<\/td>\n<td>12\u00a0V<\/td>\n<\/tr>\n<tr>\n<td>\u00d8 des vis, maxi.<\/td>\n<td>7\u00a0mm<\/td>\n<\/tr>\n<tr>\n<td>\u00d8 des vis, maxi.<\/td>\n<td>7\u00a0mm<\/td>\n<\/tr>\n<\/tbody>\n<\/table>\n<\/div>\n","protected":false},"featured_media":286,"template":"","meta":[],"brands":[{"id":19,"name":"BOSCH","slug":"bosch"}],"_links":{"self":[{"href":"https:\/\/www.le-professionnel.com\/index.php?rest_route=\/wp\/v2\/product\/284"}],"collection":[{"href":"https:\/\/www.le-professionnel.com\/index.php?rest_route=\/wp\/v2\/product"}],"about":[{"href":"https:\/\/www.le-professionnel.com\/index.php?rest_route=\/wp\/v2\/types\/product"}],"version-history":[{"count":1,"href":"https:\/\/www.le-professionnel.com\/index.php?rest_route=\/wp\/v2\/product\/284\/revisions"}],"predecessor-version":[{"id":289,"href":"https:\/\/www.le-professionnel.com\/index.php?rest_route=\/wp\/v2\/product\/284\/revisions\/289"}],"wp:featuredmedia":[{"embeddable":true,"href":"https:\/\/www.le-professionnel.com\/index.php?rest_route=\/wp\/v2\/media\/286"}],"wp:attachment":[{"href":"https:\/\/www.le-professionnel.com\/index.php?rest_route=%2Fwp%2Fv2%2Fmedia&parent=284"}],"curies":[{"name":"wp","href":"https:\/\/api.w.org\/{rel}","templated":true}]}}