{"id":2831,"date":"2021-01-14T14:28:27","date_gmt":"2021-01-14T14:28:27","guid":{"rendered":"http:\/\/www.le-professionnel.com\/?post_type=product&#038;p=2831"},"modified":"2021-01-14T14:28:29","modified_gmt":"2021-01-14T14:28:29","slug":"escabeau-compact","status":"publish","type":"product","link":"https:\/\/www.le-professionnel.com\/?product=escabeau-compact","title":{"rendered":"Escabeau COMPACT"},"content":{"rendered":"<p>Le marchepied Compact est un marchepied en aluminium con\u00e7u pour un usage r\u00e9gulier. Ce produit qualitatif r\u00e9pond \u00e0 la norme EN 131, au d\u00e9cret 96 333 et est labellis\u00e9 NF. Disponible de 3 \u00e0 8 marches, il vous permet d\u2019acc\u00e9der en toute s\u00e9curit\u00e9 \u00e0 une hauteur maximum de 3,64m. Ses marches mesurent 80 mm de profondeur, son porte-outils dispose d\u2019un crochet porte-seau et sa plate-forme d\u2019un crochet anti-repliement. Extr\u00eamement l\u00e9ger et compact repli\u00e9 il se transporte et se stocke facilement. Livr\u00e9 avec deux sangles de s\u00e9curit\u00e9 pour le 7 et 8 marches.<\/p>\n","protected":false},"excerpt":{"rendered":"<ul>\n<li>Marches de 80 mm stri\u00e9es antid\u00e9rapantes.<\/li>\n<li>Plate-forme de 250 x 250 mm.<\/li>\n<li>Les articulations en aluminium sont anti-grippage.<\/li>\n<li>Plan de b\u00e9quille \u00e9vas\u00e9e : plus de stabilit\u00e9 et moins d\u2019encombrement repli\u00e9.<\/li>\n<\/ul>\n","protected":false},"featured_media":2832,"template":"","meta":[],"brands":[],"_links":{"self":[{"href":"https:\/\/www.le-professionnel.com\/index.php?rest_route=\/wp\/v2\/product\/2831"}],"collection":[{"href":"https:\/\/www.le-professionnel.com\/index.php?rest_route=\/wp\/v2\/product"}],"about":[{"href":"https:\/\/www.le-professionnel.com\/index.php?rest_route=\/wp\/v2\/types\/product"}],"version-history":[{"count":1,"href":"https:\/\/www.le-professionnel.com\/index.php?rest_route=\/wp\/v2\/product\/2831\/revisions"}],"predecessor-version":[{"id":2836,"href":"https:\/\/www.le-professionnel.com\/index.php?rest_route=\/wp\/v2\/product\/2831\/revisions\/2836"}],"wp:featuredmedia":[{"embeddable":true,"href":"https:\/\/www.le-professionnel.com\/index.php?rest_route=\/wp\/v2\/media\/2832"}],"wp:attachment":[{"href":"https:\/\/www.le-professionnel.com\/index.php?rest_route=%2Fwp%2Fv2%2Fmedia&parent=2831"}],"curies":[{"name":"wp","href":"https:\/\/api.w.org\/{rel}","templated":true}]}}