{"id":2826,"date":"2021-01-14T14:26:04","date_gmt":"2021-01-14T14:26:04","guid":{"rendered":"http:\/\/www.le-professionnel.com\/?post_type=product&#038;p=2826"},"modified":"2021-01-14T14:26:06","modified_gmt":"2021-01-14T14:26:06","slug":"escabeau-mp-pro","status":"publish","type":"product","link":"https:\/\/www.le-professionnel.com\/?product=escabeau-mp-pro","title":{"rendered":"Escabeau MP PRO"},"content":{"rendered":"<p>MP PRO est un marchepied en aluminium anodis\u00e9 pour un usage ultra-intensif. Il r\u00e9pond \u00e0 la norme EN 131 et au d\u00e9cret 96 333 et est labellis\u00e9 NF. Disponible de 3 \u00e0 9 marches, il permet d\u2019acc\u00e9der en toute s\u00e9curit\u00e9 \u00e0 une hauteur maximum de 3,98 m sur un repose-pieds de 280 x 250 mm. Ses sabots enveloppants haute s\u00e9curit\u00e9, ses marches de 90 mm avec syst\u00e8me de rotation brevet\u00e9, sa tablette \u00e9poxy et ses articulations monobloc font du MP PRO le marchepied par excellence. Il dispose d\u2019un porte-outils avec crochet porte-seau et d\u2019un compartiment refermable pour la visserie. Sa base \u00e9vas\u00e9e lui donne une excellente stabilit\u00e9. Les mod\u00e8les du 7 au 9 marches ont deux sangles de s\u00e9curit\u00e9.<\/p>\n","protected":false},"excerpt":{"rendered":"<ul>\n<li>Montants anodis\u00e9s pour un travail mains propres.<\/li>\n<li>Plate-forme renforc\u00e9e en fonderie d\u2019alu antid\u00e9rapant peint \u00e9poxy.<\/li>\n<li>Liaison montants\/marches avec pi\u00e8ce technique d\u2019extr\u00e9mit\u00e9 anti-rotation.<\/li>\n<li>\u00c9vasement du plan de mont\u00e9e pour une meilleure stabilit\u00e9.<\/li>\n<li>Marches de 90 mm de largeur.<\/li>\n<li>Plate-forme de 280 x 250 mm.<\/li>\n<li>Articulations monobloc en fonderie d&rsquo;aluminium<\/li>\n<li>Roulettes escamotables en option pour les mod\u00e8les 5 \u00e0 9 marches<\/li>\n<\/ul>\n","protected":false},"featured_media":2827,"template":"","meta":[],"brands":[],"_links":{"self":[{"href":"https:\/\/www.le-professionnel.com\/index.php?rest_route=\/wp\/v2\/product\/2826"}],"collection":[{"href":"https:\/\/www.le-professionnel.com\/index.php?rest_route=\/wp\/v2\/product"}],"about":[{"href":"https:\/\/www.le-professionnel.com\/index.php?rest_route=\/wp\/v2\/types\/product"}],"version-history":[{"count":1,"href":"https:\/\/www.le-professionnel.com\/index.php?rest_route=\/wp\/v2\/product\/2826\/revisions"}],"predecessor-version":[{"id":2830,"href":"https:\/\/www.le-professionnel.com\/index.php?rest_route=\/wp\/v2\/product\/2826\/revisions\/2830"}],"wp:featuredmedia":[{"embeddable":true,"href":"https:\/\/www.le-professionnel.com\/index.php?rest_route=\/wp\/v2\/media\/2827"}],"wp:attachment":[{"href":"https:\/\/www.le-professionnel.com\/index.php?rest_route=%2Fwp%2Fv2%2Fmedia&parent=2826"}],"curies":[{"name":"wp","href":"https:\/\/api.w.org\/{rel}","templated":true}]}}