{"id":2820,"date":"2021-01-14T14:23:31","date_gmt":"2021-01-14T14:23:31","guid":{"rendered":"http:\/\/www.le-professionnel.com\/?post_type=product&#038;p=2820"},"modified":"2021-01-14T14:32:18","modified_gmt":"2021-01-14T14:32:18","slug":"echelle-platinium-transformable-3-plans","status":"publish","type":"product","link":"https:\/\/www.le-professionnel.com\/?product=echelle-platinium-transformable-3-plans","title":{"rendered":"\u00e9chelle Platinium transformable 3 plans"},"content":{"rendered":"<p>L&rsquo;\u00e9chelle Platinium transformable 3 plans en aluminium dispose d&rsquo;une base \u00e9vas\u00e9e, de sabots enveloppants haute s\u00e9curit\u00e9 et d&rsquo;une articulation brevet\u00e9e Quick Safe qui en font la r\u00e9f\u00e9rence sur le march\u00e9. Elle garantit r\u00e9sistance, polyvalence et s\u00e9curit\u00e9 \u00e0 tous ses utilisateurs. Avec des mod\u00e8les de 3&#215;7 \u00e0 3&#215;12 \u00e9chelons elle permet d&rsquo;acc\u00e9der jusqu&rsquo;\u00e0 8m59 et offre 5 positions d&rsquo;utilisation. Elle est norm\u00e9e EN 131, conforme au d\u00e9cret 96333 et au label NF.<\/p>\n","protected":false},"excerpt":{"rendered":"<ul>\n<li>Le mod\u00e8le le plus polyvalent des r\u00e9f\u00e9rences du march\u00e9.<\/li>\n<li>Con\u00e7u pour supporter les efforts ultra-intensifs sur tout type de sol.<\/li>\n<li>L\u2019articulation en aluminium moul\u00e9 nervur\u00e9 hyper-r\u00e9sistante est inarrachable.<\/li>\n<li>Le plan a\u00e9rien est maintenu sur le plan interm\u00e9diaire par 2 coulisses hautes et 2 crochets bas dont un verrouillage de s\u00e9curit\u00e9.<\/li>\n<li>Profils renforc\u00e9s pour plus de stabilit\u00e9 et de durabilit\u00e9.<\/li>\n<li>Sangle amovible pour passage libre<\/li>\n<li>Essais de r\u00e9sistance et de dimensions sup\u00e9rieurs aux exigences des normes et d\u00e9crets.<\/li>\n<li>Articulations capables de r\u00e9sister aux tests les plus draconiens.<\/li>\n<\/ul>\n","protected":false},"featured_media":2821,"template":"","meta":[],"brands":[],"_links":{"self":[{"href":"https:\/\/www.le-professionnel.com\/index.php?rest_route=\/wp\/v2\/product\/2820"}],"collection":[{"href":"https:\/\/www.le-professionnel.com\/index.php?rest_route=\/wp\/v2\/product"}],"about":[{"href":"https:\/\/www.le-professionnel.com\/index.php?rest_route=\/wp\/v2\/types\/product"}],"version-history":[{"count":1,"href":"https:\/\/www.le-professionnel.com\/index.php?rest_route=\/wp\/v2\/product\/2820\/revisions"}],"predecessor-version":[{"id":2825,"href":"https:\/\/www.le-professionnel.com\/index.php?rest_route=\/wp\/v2\/product\/2820\/revisions\/2825"}],"wp:featuredmedia":[{"embeddable":true,"href":"https:\/\/www.le-professionnel.com\/index.php?rest_route=\/wp\/v2\/media\/2821"}],"wp:attachment":[{"href":"https:\/\/www.le-professionnel.com\/index.php?rest_route=%2Fwp%2Fv2%2Fmedia&parent=2820"}],"curies":[{"name":"wp","href":"https:\/\/api.w.org\/{rel}","templated":true}]}}