{"id":2815,"date":"2021-01-14T14:20:56","date_gmt":"2021-01-14T14:20:56","guid":{"rendered":"http:\/\/www.le-professionnel.com\/?post_type=product&#038;p=2815"},"modified":"2021-01-14T14:20:58","modified_gmt":"2021-01-14T14:20:58","slug":"echelle-en-aluminium-platinium-500","status":"publish","type":"product","link":"https:\/\/www.le-professionnel.com\/?product=echelle-en-aluminium-platinium-500","title":{"rendered":"\u00e9chelle en aluminium Platinium 500"},"content":{"rendered":"<p>L&rsquo;\u00e9chelle en aluminium Platinium 500 se compose de 2 plans et d&rsquo;un syst\u00e8me de coulisse \u00e0 corde permettant d&rsquo;acc\u00e9der jusqu&rsquo;\u00e0 10,88 m. Ses stabilisateurs lat\u00e9raux r\u00e9glables, ses sabots orientables, ses montants renforc\u00e9s et ses \u00e9chelons orient\u00e9s en font l&rsquo;\u00e9chelle la plus qualitative du march\u00e9. Elle r\u00e9pond aux normes EN 131, au d\u00e9cret 96333. Elle est labellis\u00e9e NF.<\/p>\n","protected":false},"excerpt":{"rendered":"<ul>\n<li>Les \u00e9chelons sont orient\u00e9s et pr\u00e9sentent une surface plate sous le pied pour un meilleur confort.<\/li>\n<li>Le plan sup\u00e9rieur est \u00e9quip\u00e9 de roulettes de d\u00e9ploiement en caoutchouc gris anti-trace pour faciliter le d\u00e9ploiement sur les fa\u00e7ades.<\/li>\n<li>Mise en place des stabilisateurs rapide et intuitive pour une meilleure stabilit\u00e9.<\/li>\n<li>Les patins articul\u00e9s au sol assurent une parfaite stabilit\u00e9 de ces mod\u00e8les de grande hauteur.<\/li>\n<li>Les semelles des patins sont per\u00e7\u00e9es pour que les professionnels qui le souhaitent puissent fixer \u00e0 l\u2019aide d\u2019un clou de charpentier l\u2019\u00e9chelle dans le sol.<\/li>\n<li>Cette \u00e9chelle est la r\u00e9f\u00e9rence recherch\u00e9e par les couvreurs.<\/li>\n<\/ul>\n","protected":false},"featured_media":2818,"template":"","meta":[],"brands":[],"_links":{"self":[{"href":"https:\/\/www.le-professionnel.com\/index.php?rest_route=\/wp\/v2\/product\/2815"}],"collection":[{"href":"https:\/\/www.le-professionnel.com\/index.php?rest_route=\/wp\/v2\/product"}],"about":[{"href":"https:\/\/www.le-professionnel.com\/index.php?rest_route=\/wp\/v2\/types\/product"}],"version-history":[{"count":1,"href":"https:\/\/www.le-professionnel.com\/index.php?rest_route=\/wp\/v2\/product\/2815\/revisions"}],"predecessor-version":[{"id":2819,"href":"https:\/\/www.le-professionnel.com\/index.php?rest_route=\/wp\/v2\/product\/2815\/revisions\/2819"}],"wp:featuredmedia":[{"embeddable":true,"href":"https:\/\/www.le-professionnel.com\/index.php?rest_route=\/wp\/v2\/media\/2818"}],"wp:attachment":[{"href":"https:\/\/www.le-professionnel.com\/index.php?rest_route=%2Fwp%2Fv2%2Fmedia&parent=2815"}],"curies":[{"name":"wp","href":"https:\/\/api.w.org\/{rel}","templated":true}]}}