{"id":2805,"date":"2021-01-14T14:14:52","date_gmt":"2021-01-14T14:14:52","guid":{"rendered":"http:\/\/www.le-professionnel.com\/?post_type=product&#038;p=2805"},"modified":"2021-01-14T14:14:54","modified_gmt":"2021-01-14T14:14:54","slug":"echafaudage-roulant-junior-250","status":"publish","type":"product","link":"https:\/\/www.le-professionnel.com\/?product=echafaudage-roulant-junior-250","title":{"rendered":"\u00e9chafaudage roulant JUNIOR 250"},"content":{"rendered":"<p>Le Junior 250 est un \u00e9chafaudage roulant en acier galvanis\u00e9 avec un plancher de 235 x 64 cm. Ses roues d\u00e9port\u00e9es lui procurent une auto-stabilit\u00e9 jusqu&rsquo;\u00e0 5,30 m de hauteur travail, il passe les portes de 83 cm et a des roues de 150 mm r\u00e9glables qui permettront un ajustement sur tout type de sol. Ses garde-corps monobloc et son plateau bac permettent un montage rapide et en s\u00e9curit\u00e9. La hauteur de travail maximale est fix\u00e9e \u00e0 9,80 m.<\/p>\n","protected":false},"excerpt":{"rendered":"<ul>\n<li>Auto-stable jusqu\u2019\u00e0 5,30 m travail.<\/li>\n<li>Le montage se fait en s\u00e9curit\u00e9 totale par une seule personne gr\u00e2ce au garde-corps avec pige int\u00e9gr\u00e9e.<\/li>\n<li>Base monobloc pour un montage ultra-rapide.<\/li>\n<li>Les pieds orientables permettent indiff\u00e9remment le travail en centre de pi\u00e8ce ou le long d\u2019une paroi.<\/li>\n<li>Les pieds \u00e0 roue se r\u00e8glent au pas de 50 mm pour les sols irr\u00e9guliers ou les petits d\u00e9nivel\u00e9s : trottoirs etc\u2026<\/li>\n<\/ul>\n","protected":false},"featured_media":2807,"template":"","meta":[],"brands":[],"_links":{"self":[{"href":"https:\/\/www.le-professionnel.com\/index.php?rest_route=\/wp\/v2\/product\/2805"}],"collection":[{"href":"https:\/\/www.le-professionnel.com\/index.php?rest_route=\/wp\/v2\/product"}],"about":[{"href":"https:\/\/www.le-professionnel.com\/index.php?rest_route=\/wp\/v2\/types\/product"}],"version-history":[{"count":1,"href":"https:\/\/www.le-professionnel.com\/index.php?rest_route=\/wp\/v2\/product\/2805\/revisions"}],"predecessor-version":[{"id":2808,"href":"https:\/\/www.le-professionnel.com\/index.php?rest_route=\/wp\/v2\/product\/2805\/revisions\/2808"}],"wp:featuredmedia":[{"embeddable":true,"href":"https:\/\/www.le-professionnel.com\/index.php?rest_route=\/wp\/v2\/media\/2807"}],"wp:attachment":[{"href":"https:\/\/www.le-professionnel.com\/index.php?rest_route=%2Fwp%2Fv2%2Fmedia&parent=2805"}],"curies":[{"name":"wp","href":"https:\/\/api.w.org\/{rel}","templated":true}]}}